{"id":685,"date":"2018-11-02T21:06:31","date_gmt":"2018-11-02T21:06:31","guid":{"rendered":"https:\/\/servir.de\/wordpress\/?page_id=685"},"modified":"2024-04-29T19:57:19","modified_gmt":"2024-04-29T19:57:19","slug":"wer-wir-sind","status":"publish","type":"page","link":"https:\/\/servir.de\/?page_id=685","title":{"rendered":"Wer sind wir?"},"content":{"rendered":"\n<p>Wir sind ein Verein am Gymnasium Maria K\u00f6nigin in Lennestadt, der sich f\u00fcr die Belange der Einen Welt einsetzt.<\/p>\n\n\n\n<p>Die Mitglieder des Vereins sind im Wesentlichen engagierte Sch\u00fclerinnen und Sch\u00fcler des Gymnasiums Maria K\u00f6nigin, die in Arbeitsgruppen der einzelnen Jahrgangsstufen aktiv sind, sowie Eltern, Lehrer\/innen und Ehemalige, die sich der Eine-Welt-Arbeit verbunden f\u00fchlen. Der Mitgliedsbeitrag f\u00fcr vollj\u00e4hrige Mitglieder betr\u00e4gt j\u00e4hrlich 10\u20ac. Jedes zahlende Mitglied hat das Recht, an der Mitgliederversammlung teilzunehmen. N\u00e4heres regelt die <a rel=\"noreferrer noopener\" aria-label=\"Die Mitglieder des Vereins sind im Wesentlichen engagierte Sch\u00fclerinnen und Sch\u00fcler des Gymnasiums Maria K\u00f6nigin, die in Arbeitsgruppen der einzelnen Jahrgangsstufen aktiv sind, sowie Eltern, Lehrer und Ehemalige, die sich der Eine-Welt-Arbeit verbunden f\u00fchlen. Der Mitgliedsbeitrag f\u00fcr vollj\u00e4hrige Mitglieder betr\u00e4gt j\u00e4hrlich 10\u20ac. Das zahlende Mitglied hat das Recht, an der Mitgliederversammlung teilzunehmen. N\u00e4heres regelt die Satzung des Servir e.V. (LINK). Mitglied des Vereins kann jeder werden, der sich mit den Zielen der Satzung identifiziert. Ein direkter Bezug zur Schule ist hierf\u00fcr nicht erforderlich. (opens in a new tab)\" href=\"https:\/\/servir.de\/wordpress\/?page_id=1591\" target=\"_blank\"><strong>Satzung des Servir e.V<\/strong>.<\/a> Mitglied des Vereins kann jeder werden, der sich mit den Zielen der Satzung identifiziert. Ein Bezug zur Schule ist hierf\u00fcr nicht erforderlich.<\/p>\n\n\n<div class=\"wp-block-image\">\n<figure class=\"alignleft size-large is-resized\"><img loading=\"lazy\" decoding=\"async\" width=\"1421\" height=\"799\" src=\"https:\/\/servir.de\/wordpress\/wp-content\/uploads\/2024\/04\/IMG-20240414-WA0012-edited-2.jpg\" alt=\"\" class=\"wp-image-3080\" style=\"width:647px;height:auto\" srcset=\"https:\/\/servir.de\/wordpress\/wp-content\/uploads\/2024\/04\/IMG-20240414-WA0012-edited-2.jpg 1421w, https:\/\/servir.de\/wordpress\/wp-content\/uploads\/2024\/04\/IMG-20240414-WA0012-edited-2-300x169.jpg 300w, https:\/\/servir.de\/wordpress\/wp-content\/uploads\/2024\/04\/IMG-20240414-WA0012-edited-2-1024x576.jpg 1024w, https:\/\/servir.de\/wordpress\/wp-content\/uploads\/2024\/04\/IMG-20240414-WA0012-edited-2-768x432.jpg 768w, https:\/\/servir.de\/wordpress\/wp-content\/uploads\/2024\/04\/IMG-20240414-WA0012-edited-2-676x380.jpg 676w\" sizes=\"(max-width: 1421px) 100vw, 1421px\" \/><figcaption class=\"wp-element-caption\"><sub>Vorstandsmitglieder<\/sub> <sub>des Servir e.V.<\/sub><\/figcaption><\/figure><\/div>","protected":false},"excerpt":{"rendered":"<p>Wir sind ein Verein am Gymnasium Maria K\u00f6nigin in Lennestadt, der sich f\u00fcr die Belange der Einen Welt einsetzt. Die Mitglieder des Vereins sind im Wesentlichen engagierte Sch\u00fclerinnen und Sch\u00fcler des Gymnasiums Maria K\u00f6nigin, die in Arbeitsgruppen der einzelnen Jahrgangsstufen aktiv sind, sowie Eltern, Lehrer\/innen und Ehemalige, die sich der Eine-Welt-Arbeit verbunden f\u00fchlen. Der Mitgliedsbeitrag [&hellip;]<\/p>\n","protected":false},"author":5,"featured_media":0,"parent":23,"menu_order":0,"comment_status":"closed","ping_status":"closed","template":"template-fullwidth.php","meta":{"ngg_post_thumbnail":0,"footnotes":""},"_links":{"self":[{"href":"https:\/\/servir.de\/index.php?rest_route=\/wp\/v2\/pages\/685"}],"collection":[{"href":"https:\/\/servir.de\/index.php?rest_route=\/wp\/v2\/pages"}],"about":[{"href":"https:\/\/servir.de\/index.php?rest_route=\/wp\/v2\/types\/page"}],"author":[{"embeddable":true,"href":"https:\/\/servir.de\/index.php?rest_route=\/wp\/v2\/users\/5"}],"replies":[{"embeddable":true,"href":"https:\/\/servir.de\/index.php?rest_route=%2Fwp%2Fv2%2Fcomments&post=685"}],"version-history":[{"count":24,"href":"https:\/\/servir.de\/index.php?rest_route=\/wp\/v2\/pages\/685\/revisions"}],"predecessor-version":[{"id":3085,"href":"https:\/\/servir.de\/index.php?rest_route=\/wp\/v2\/pages\/685\/revisions\/3085"}],"up":[{"embeddable":true,"href":"https:\/\/servir.de\/index.php?rest_route=\/wp\/v2\/pages\/23"}],"wp:attachment":[{"href":"https:\/\/servir.de\/index.php?rest_route=%2Fwp%2Fv2%2Fmedia&parent=685"}],"curies":[{"name":"wp","href":"https:\/\/api.w.org\/{rel}","templated":true}]}}