{"id":681,"date":"2018-11-02T21:02:31","date_gmt":"2018-11-02T21:02:31","guid":{"rendered":"https:\/\/servir.de\/wordpress\/?page_id=681"},"modified":"2018-12-20T17:50:57","modified_gmt":"2018-12-20T17:50:57","slug":"motivation","status":"publish","type":"page","link":"https:\/\/servir.de\/?page_id=681","title":{"rendered":"Was motiviert uns?"},"content":{"rendered":"\n<p>Vor Beginn unserer Aktionen besuchte Bischof Anselmo M\u00fcller aus Brasilien unsere Schule. Er war kurz zuvor zum Bischof der Di\u00f6zese Janu\u00e1ria, einer der \u00e4rmsten Gegenden des Landes \u00fcberhaupt, ernannt worden. Da Anselmo M\u00fcller wie die Patres am Gymnasium Maria K\u00f6nigin, ebenfalls ein Ordensbruder der \u201eMissionare von der Heiligen Familie\u201c war, lag eine enge Zusammenarbeit mit ihm auf der Hand. Dieser Kontakt garantierte \u00fcber viele Jahre die Steuerung und \u00dcberwachung der Spendenverwendung vor Ort.<\/p>\n\n\n\n<p>Ein weiterer, eher spiritueller Grund, war die Lekt\u00fcre von Zeitungsberichten \u00fcber die Situation von Stra\u00dfenkindern in Brasilien. So konnte man z.B. kurz vor der Gr\u00fcndungsfeier unseres Vereins in einem <strong><a href=\"https:\/\/servir.de\/wordpress\/wp-content\/uploads\/2018\/11\/SPIEGEL_1984_27_13508007.pdf\" target=\"_blank\" rel=\"noreferrer noopener\" aria-label=\"Ein weiterer, eher spiritueller Grund, war die Lekt\u00fcre von Zeitungsberichten \u00fcber die Situation von Stra\u00dfenkindern in Brasilien. So konnte man z.B. kurz vor der Gr\u00fcndungsfeier unseres Vereins in einem Artikel im Spiegel etwas \u00fcber den 15-j\u00e4hrigen Joilson de Jesus lesen. Er riss in einem reichen Viertel von S\u00e3o Paulo einer Frau die Handtasche weg und versuchte fortzulaufen. Passanten, die dies beobachtet hatten, nahmen die Verfolgung auf. Ein Oberstaatsanwalt, offenbar gerade auf dem Weg zur Arbeit, stie\u00df mit dem Jungen zusammen, ergriff ihn, schlug auf ihn ein, warf ihn zu Boden, trat ihn mehrfach, immer wieder, t\u00f6tete ihn. (opens in a new tab)\">Artikel im Spiegel<\/a><\/strong> etwas \u00fcber den 15-j\u00e4hrigen Joilson de Jesus lesen. Er riss in einem reichen Viertel von S\u00e3o Paulo einer Frau die Handtasche weg und versuchte fortzulaufen. Passanten, die dies beobachtet hatten, nahmen die Verfolgung auf. Ein Oberstaatsanwalt, offenbar gerade auf dem Weg zur Arbeit, stie\u00df mit dem Jungen zusammen, ergriff ihn, schlug auf ihn ein, warf ihn zu Boden, trat ihn mehrfach, immer wieder, t\u00f6tete ihn.<\/p>\n\n\n\n<p>Jesus starb, weil er als \u00e4ltestes von vier Kindern die Familie ern\u00e4hren musste. Sein Vater ging irgendwann Arbeit suchen und kehrte nie mehr zur\u00fcck. Die Arbeitskraft der Mutter reichte f\u00fcr den Unterhalt der Familie nicht aus. Jesus starb, weil er das tat, was er tun musste, weil er das tat, was sicherlich viele von uns in seiner Situation getan h\u00e4tten.<\/p>\n\n\n\n<p>Nach der Lekt\u00fcre dieser Geschichte blieb ein Gef\u00fchl der Ohnmacht. W\u00e4hrend wir hier unseren Luxus f\u00fcr selbstverst\u00e4ndlich halten, k\u00e4mpfen irgendwo auf dieser Welt Menschen wie Jesus ums \u00dcberleben ihrer Familien. Diese Ohnmacht, zugleich aber die Ahnung, etwas \u00e4ndern zu k\u00f6nnen, wenn man sich nur entsprechend engagiert, war ein weiterer Grund f\u00fcr unsere Motivation.<\/p>\n\n\n\n<figure class=\"wp-block-image is-resized\"><img loading=\"lazy\" decoding=\"async\" src=\"https:\/\/servir.de\/wordpress\/wp-content\/uploads\/2018\/12\/Ansicht-PequenoDavi.jpg\" alt=\"\" class=\"wp-image-1604\" width=\"600\" height=\"459\"\/><figcaption>Pequeno Davi &#8211; Der kleine David im Kampf gegen den Goliath &#8220;Hunger&#8221;<\/figcaption><\/figure>\n","protected":false},"excerpt":{"rendered":"<p>Vor Beginn unserer Aktionen besuchte Bischof Anselmo M\u00fcller aus Brasilien unsere Schule. Er war kurz zuvor zum Bischof der Di\u00f6zese Janu\u00e1ria, einer der \u00e4rmsten Gegenden des Landes \u00fcberhaupt, ernannt worden. Da Anselmo M\u00fcller wie die Patres am Gymnasium Maria K\u00f6nigin, ebenfalls ein Ordensbruder der \u201eMissionare von der Heiligen Familie\u201c war, lag eine enge Zusammenarbeit mit [&hellip;]<\/p>\n","protected":false},"author":5,"featured_media":0,"parent":23,"menu_order":2,"comment_status":"closed","ping_status":"closed","template":"template-fullwidth.php","meta":{"ngg_post_thumbnail":0,"footnotes":""},"_links":{"self":[{"href":"https:\/\/servir.de\/index.php?rest_route=\/wp\/v2\/pages\/681"}],"collection":[{"href":"https:\/\/servir.de\/index.php?rest_route=\/wp\/v2\/pages"}],"about":[{"href":"https:\/\/servir.de\/index.php?rest_route=\/wp\/v2\/types\/page"}],"author":[{"embeddable":true,"href":"https:\/\/servir.de\/index.php?rest_route=\/wp\/v2\/users\/5"}],"replies":[{"embeddable":true,"href":"https:\/\/servir.de\/index.php?rest_route=%2Fwp%2Fv2%2Fcomments&post=681"}],"version-history":[{"count":10,"href":"https:\/\/servir.de\/index.php?rest_route=\/wp\/v2\/pages\/681\/revisions"}],"predecessor-version":[{"id":2225,"href":"https:\/\/servir.de\/index.php?rest_route=\/wp\/v2\/pages\/681\/revisions\/2225"}],"up":[{"embeddable":true,"href":"https:\/\/servir.de\/index.php?rest_route=\/wp\/v2\/pages\/23"}],"wp:attachment":[{"href":"https:\/\/servir.de\/index.php?rest_route=%2Fwp%2Fv2%2Fmedia&parent=681"}],"curies":[{"name":"wp","href":"https:\/\/api.w.org\/{rel}","templated":true}]}}