{"id":562,"date":"2018-11-02T16:29:51","date_gmt":"2018-11-02T16:29:51","guid":{"rendered":"https:\/\/servir.de\/wordpress\/?page_id=562"},"modified":"2019-03-27T18:54:08","modified_gmt":"2019-03-27T18:54:08","slug":"quebra-guiada","status":"publish","type":"page","link":"https:\/\/servir.de\/?page_id=562","title":{"rendered":"Quebra Guiada"},"content":{"rendered":"\n<p>Quebra Guiada ist ein kleines Fischerdorf am Rio S\u00e3o Francisco. Hier, ca. 50km von Janu\u00e1ria entfernt, gibt es keinen Kontrast mehr zwischen arm und reich. Hier gibt es nur noch Armut.<\/p>\n\n\n\n<p>Die Bauern hatten lange Zeit keine Chance, der Armut zu entfliehen. Dabei ist das Land fruchtbar, nur das Wasser fehlt, bzw. rauschte es in gro\u00dfen Mengen ungenutzt vorbei.1995 half ein Teil der Sch\u00fclergruppe aus Deutschland beim Ausheben der Fundamente f\u00fcr einen gr\u00f6\u00dferen Gemeinschaftsbau. Dieses Geb\u00e4ude sollte zum einen als Kirche, zum anderen aber auch als Treffpunkt f\u00fcr Gemeindeversammlungen und als Kornkammer zur Rettung der Ernte bei Hochwasserkatastrophen dienen. 1996 wurde auf Initiative des Servir-Arbeitskreises eine mobile Bew\u00e4sserungsanlage angeschafft und in den folgenden Jahren ausgebaut<\/p>\n\n\n\n<ul class=\"wp-block-gallery columns-2 is-cropped wp-block-gallery-1 is-layout-flex wp-block-gallery-is-layout-flex\"><li class=\"blocks-gallery-item\"><figure><img loading=\"lazy\" decoding=\"async\" width=\"800\" height=\"533\" src=\"https:\/\/servir.de\/wordpress\/wp-content\/uploads\/2018\/11\/IMG_1057.jpg\" alt=\"\" data-id=\"1125\" data-link=\"https:\/\/servir.de\/wordpress\/?attachment_id=1125\" class=\"wp-image-1125\" srcset=\"https:\/\/servir.de\/wordpress\/wp-content\/uploads\/2018\/11\/IMG_1057.jpg 800w, https:\/\/servir.de\/wordpress\/wp-content\/uploads\/2018\/11\/IMG_1057-300x200.jpg 300w, https:\/\/servir.de\/wordpress\/wp-content\/uploads\/2018\/11\/IMG_1057-768x512.jpg 768w, https:\/\/servir.de\/wordpress\/wp-content\/uploads\/2018\/11\/IMG_1057-676x450.jpg 676w\" sizes=\"(max-width: 800px) 100vw, 800px\" \/><figcaption>Gemeindehaus in Quebra Guiada<\/figcaption><\/figure><\/li><li class=\"blocks-gallery-item\"><figure><img loading=\"lazy\" decoding=\"async\" width=\"600\" height=\"450\" src=\"https:\/\/servir.de\/wordpress\/wp-content\/uploads\/2018\/11\/image23b.jpg\" alt=\"\" data-id=\"1109\" data-link=\"https:\/\/servir.de\/wordpress\/?attachment_id=1109\" class=\"wp-image-1109\" srcset=\"https:\/\/servir.de\/wordpress\/wp-content\/uploads\/2018\/11\/image23b.jpg 600w, https:\/\/servir.de\/wordpress\/wp-content\/uploads\/2018\/11\/image23b-300x225.jpg 300w\" sizes=\"(max-width: 600px) 100vw, 600px\" \/><figcaption>Wohnhaus in Quebra Guiada<\/figcaption><\/figure><\/li><\/ul>\n\n\n\n<p>Anl\u00e4sslich der Reisen von Sch\u00fclergruppen des Gymnasiums Maria K\u00f6nigin 2000 und 2005 wurden weitere Projekte in Quebra Guiada umgesetzt: So entstand an dem Gemeinschaftsbau ein Wasch- und Toilettenh\u00e4uschen. Sehr n\u00fctzlich war es f\u00fcr die Frauen des Dorfes, die zuvor bei jedem Wetter die W\u00e4sche und das dreckige Geschirr in Sch\u00fcsseln an den Rio Sao Francisco tragen mussten. Die Sch\u00fcsseln hatten einen Durchmesser von 80cm bis 1m. Die 300m zum Fluss waren beschwerlich. Immerhin wogen die vollen Sch\u00fcsseln etwa 40 bis 60 kg. Das galt insbesondere f\u00fcr Sch\u00fcsseln mit nasser W\u00e4sche. Das Ufer zum Rio Sao Francisco ist steil und die H\u00f6hendifferenz zum Flussbett immerhin fast 10m. Dabei wurden alle Lasten von den Frauen auf ihren K\u00f6pfen getragen. <\/p>\n\n\n\n<p>Bei unserem letzten Aufenthalt in Quebra Guiada entstand ein weiteres Gemeinschaftgeb\u00e4ude. Mit dem Tod des Bischofs 2011 ist der Kontakt zu den Dorfbewohnern aber leider abgebrochen. <\/p>\n\n\n\n<p>Unser Engagement in Quebra Guiada kann durchaus hinterfragt werden. Aber Bischof Anselmo M\u00fcller hatte seine Berater und Vorstellungen, denen wir vertrauen konnten. Die Einbindung der Dorfgemeinschaft, sowie der Handwerker aus der Umgebung deckte oftmals unterschiedliche Erwartungshaltungen auf und erforderte viel Diplomatie. Gleichzeitig stellte sich aber ganz besonders der zwischenmenschliche und interkulturelle Kontakt f\u00fcr unsere Gruppe und die Einheimischen als Erweiterung des Erfahrungs- und Wissenshorizontes heraus. <\/p>\n\n\n\n<ul class=\"wp-block-gallery columns-2 is-cropped wp-block-gallery-2 is-layout-flex wp-block-gallery-is-layout-flex\"><li class=\"blocks-gallery-item\"><figure><img loading=\"lazy\" decoding=\"async\" width=\"800\" height=\"533\" src=\"https:\/\/servir.de\/wordpress\/wp-content\/uploads\/2018\/11\/IMG_1040.jpg\" alt=\"\" data-id=\"1117\" data-link=\"https:\/\/servir.de\/wordpress\/?attachment_id=1117\" class=\"wp-image-1117\" srcset=\"https:\/\/servir.de\/wordpress\/wp-content\/uploads\/2018\/11\/IMG_1040.jpg 800w, https:\/\/servir.de\/wordpress\/wp-content\/uploads\/2018\/11\/IMG_1040-300x200.jpg 300w, https:\/\/servir.de\/wordpress\/wp-content\/uploads\/2018\/11\/IMG_1040-768x512.jpg 768w, https:\/\/servir.de\/wordpress\/wp-content\/uploads\/2018\/11\/IMG_1040-676x450.jpg 676w\" sizes=\"(max-width: 800px) 100vw, 800px\" \/><figcaption>Wasch- und Toilettenh\u00e4uschen<\/figcaption><\/figure><\/li><li class=\"blocks-gallery-item\"><figure><img loading=\"lazy\" decoding=\"async\" width=\"800\" height=\"533\" src=\"https:\/\/servir.de\/wordpress\/wp-content\/uploads\/2018\/11\/IMG_1098.jpg\" alt=\"\" data-id=\"1135\" data-link=\"https:\/\/servir.de\/wordpress\/?attachment_id=1135\" class=\"wp-image-1135\" srcset=\"https:\/\/servir.de\/wordpress\/wp-content\/uploads\/2018\/11\/IMG_1098.jpg 800w, https:\/\/servir.de\/wordpress\/wp-content\/uploads\/2018\/11\/IMG_1098-300x200.jpg 300w, https:\/\/servir.de\/wordpress\/wp-content\/uploads\/2018\/11\/IMG_1098-768x512.jpg 768w, https:\/\/servir.de\/wordpress\/wp-content\/uploads\/2018\/11\/IMG_1098-676x450.jpg 676w\" sizes=\"(max-width: 800px) 100vw, 800px\" \/><figcaption>Am Ufer des  Rio S\u00e3o Francisco<\/figcaption><\/figure><\/li><\/ul>\n\n\n\n<p>2005 konnte die Sch\u00fclergruppe dann Neuerungen beobachten, die sicher nicht ausschlie\u00dflich auf die Arbeit des Servir e.V., doch aber auf eine allgemeine \u00d6ffnung des Dorfes schlie\u00dfen lie\u00dfen: T\u00e4glich fuhr nun ein Schulbus \u00fcber das unwegsame Gel\u00e4nde Quebra Guiada an, um die J\u00fcngsten zum regelm\u00e4\u00dfigen Schulbesuch im benachbarten St\u00e4dtchen abzuholen. Die Kinder mussten nun nicht mehr kilometerweit zur Schule laufen, und nutzten diese M\u00f6glichkeit t\u00e4glich mit gro\u00dfer Freude. <br>Au\u00dferdem konnte in den Gespr\u00e4chen mit den Bewohner\/innen \u00fcber die Jahre hinweg ein gr\u00f6\u00dferes Wissen \u00fcber die Welt au\u00dferhalb des Dorfes verzeichnet werden. Auch war das Verst\u00e4ndnis f\u00fcr den Besuch aus Deutschland gestiegen.<\/p>\n\n\n\n<p>Im Grunde sind es diese Ver\u00e4nderungen, die die Arbeit des Servir e.V. rechtfertigen: Einen kleinen Teil zum gro\u00dfen Wandel beizutragen. Vor den Dorfbewohnern von Quebra Guiada liegt derweil noch ein St\u00fcck Weg, bis sie sich selbst aus ihrer Situation befreien k\u00f6nnen. Wir hoffen, dass das Dorf von Verantwortungstr\u00e4gern nicht vergessen wird und sich weiter positiv entwickeln kann.<\/p>\n","protected":false},"excerpt":{"rendered":"<p>Quebra Guiada ist ein kleines Fischerdorf am Rio S\u00e3o Francisco. Hier, ca. 50km von Janu\u00e1ria entfernt, gibt es keinen Kontrast mehr zwischen arm und reich. Hier gibt es nur noch Armut. Die Bauern hatten lange Zeit keine Chance, der Armut zu entfliehen. Dabei ist das Land fruchtbar, nur das Wasser fehlt, bzw. rauschte es in [&hellip;]<\/p>\n","protected":false},"author":5,"featured_media":0,"parent":384,"menu_order":2,"comment_status":"closed","ping_status":"closed","template":"template-fullwidth.php","meta":{"ngg_post_thumbnail":0,"footnotes":""},"_links":{"self":[{"href":"https:\/\/servir.de\/index.php?rest_route=\/wp\/v2\/pages\/562"}],"collection":[{"href":"https:\/\/servir.de\/index.php?rest_route=\/wp\/v2\/pages"}],"about":[{"href":"https:\/\/servir.de\/index.php?rest_route=\/wp\/v2\/types\/page"}],"author":[{"embeddable":true,"href":"https:\/\/servir.de\/index.php?rest_route=\/wp\/v2\/users\/5"}],"replies":[{"embeddable":true,"href":"https:\/\/servir.de\/index.php?rest_route=%2Fwp%2Fv2%2Fcomments&post=562"}],"version-history":[{"count":16,"href":"https:\/\/servir.de\/index.php?rest_route=\/wp\/v2\/pages\/562\/revisions"}],"predecessor-version":[{"id":2234,"href":"https:\/\/servir.de\/index.php?rest_route=\/wp\/v2\/pages\/562\/revisions\/2234"}],"up":[{"embeddable":true,"href":"https:\/\/servir.de\/index.php?rest_route=\/wp\/v2\/pages\/384"}],"wp:attachment":[{"href":"https:\/\/servir.de\/index.php?rest_route=%2Fwp%2Fv2%2Fmedia&parent=562"}],"curies":[{"name":"wp","href":"https:\/\/api.w.org\/{rel}","templated":true}]}}