{"id":479,"date":"2018-11-01T14:32:27","date_gmt":"2018-11-01T14:32:27","guid":{"rendered":"https:\/\/servir.de\/wordpress\/?page_id=479"},"modified":"2023-01-31T15:52:19","modified_gmt":"2023-01-31T15:52:19","slug":"mitglied-werden","status":"publish","type":"page","link":"https:\/\/servir.de\/?page_id=479","title":{"rendered":"Mitglied werden"},"content":{"rendered":"\n<p>Wenn Sie uns aktiv unterst\u00fctzen wollen, dann laden wir Sie ein, Mitglied im Servir e.V. zu werden!<br><\/p>\n\n\n\n<p>Mitglied des Vereins kann jeder werden, der sich mit den Zielen der Satzung identifiziert. Ein direkter Bezug zur Schule ist nicht erforderlich. Der Gro\u00dfteil der Mitglieder sind jedoch engagierte Sch\u00fclerinnen und Sch\u00fcler des Gymnasiums Maria K\u00f6nigin, die in Arbeitsgruppen der einzelnen Jahrgangsstufen aktiv sind, sowie Eltern, Lehrer und Ehemalige, die sich der Eine-Welt-Arbeit verbunden f\u00fchlen.  Der Verein umfasst ordentliche Mitglieder \u00fcber 18 Jahre, sowie Jugendmitglieder bis zum vollendeten 18. Lebensjahr.<\/p>\n\n\n\n<p>Als Mitglied erhalten Sie den j\u00e4hrlichen Informationsrundbrief und die schriftliche Einladung zu den Mitgliederversammlungen. Sie haben das Recht, daran teilzunehmen, Antr\u00e4ge zu stellen und das Stimmrecht auszu\u00fcben. Dar\u00fcber hinaus werden Sie stets \u00fcber au\u00dfergew\u00f6hnliche Aktionen informiert.<\/p>\n\n\n\n<p>Der Antrag auf Aufnahme in den Verein ist schriftlich an den Vorstand zu richten, der \u00fcber die Aufnahme entscheidet. Der Mitgliedsbeitrag f\u00fcr vollj\u00e4hrige Mitglieder betr\u00e4gt j\u00e4hrlich 10\u20ac. N\u00e4heres regelt die&nbsp;<a rel=\"noreferrer noopener\" href=\"https:\/\/servir.de\/wordpress\/?page_id=1591\" target=\"_blank\"><strong>Satzung des Servir e.V<\/strong>.<\/a>, die mit der Aufnahme von dem Mitglied des Vereins anerkannt wird.<\/p>\n\n\n\n<p>Um Mitglied zu werden, drucken Sie bitte diesen Antrag aus und schicken ihn ausgef\u00fcllt und unterschrieben an den Servir e.V.:<\/p>\n\n\n\n<div class=\"wp-block-file\"><a href=\"https:\/\/servir.de\/wordpress\/wp-content\/uploads\/2023\/01\/servir_antragsformular.pdf\">servir_antragsformular<\/a><a href=\"https:\/\/servir.de\/wordpress\/wp-content\/uploads\/2023\/01\/servir_antragsformular.pdf\" class=\"wp-block-file__button\" download>Herunterladen<\/a><\/div>\n","protected":false},"excerpt":{"rendered":"<p>Wenn Sie uns aktiv unterst\u00fctzen wollen, dann laden wir Sie ein, Mitglied im Servir e.V. zu werden! Mitglied des Vereins kann jeder werden, der sich mit den Zielen der Satzung identifiziert. Ein direkter Bezug zur Schule ist nicht erforderlich. Der Gro\u00dfteil der Mitglieder sind jedoch engagierte Sch\u00fclerinnen und Sch\u00fcler des Gymnasiums Maria K\u00f6nigin, die in [&hellip;]<\/p>\n","protected":false},"author":3,"featured_media":0,"parent":38,"menu_order":0,"comment_status":"closed","ping_status":"closed","template":"template-fullwidth.php","meta":{"ngg_post_thumbnail":0,"footnotes":""},"_links":{"self":[{"href":"https:\/\/servir.de\/index.php?rest_route=\/wp\/v2\/pages\/479"}],"collection":[{"href":"https:\/\/servir.de\/index.php?rest_route=\/wp\/v2\/pages"}],"about":[{"href":"https:\/\/servir.de\/index.php?rest_route=\/wp\/v2\/types\/page"}],"author":[{"embeddable":true,"href":"https:\/\/servir.de\/index.php?rest_route=\/wp\/v2\/users\/3"}],"replies":[{"embeddable":true,"href":"https:\/\/servir.de\/index.php?rest_route=%2Fwp%2Fv2%2Fcomments&post=479"}],"version-history":[{"count":6,"href":"https:\/\/servir.de\/index.php?rest_route=\/wp\/v2\/pages\/479\/revisions"}],"predecessor-version":[{"id":2813,"href":"https:\/\/servir.de\/index.php?rest_route=\/wp\/v2\/pages\/479\/revisions\/2813"}],"up":[{"embeddable":true,"href":"https:\/\/servir.de\/index.php?rest_route=\/wp\/v2\/pages\/38"}],"wp:attachment":[{"href":"https:\/\/servir.de\/index.php?rest_route=%2Fwp%2Fv2%2Fmedia&parent=479"}],"curies":[{"name":"wp","href":"https:\/\/api.w.org\/{rel}","templated":true}]}}