{"id":457,"date":"2018-11-01T13:52:51","date_gmt":"2018-11-01T13:52:51","guid":{"rendered":"https:\/\/servir.de\/wordpress\/?page_id=457"},"modified":"2024-04-18T06:20:22","modified_gmt":"2024-04-18T06:20:22","slug":"aktionen","status":"publish","type":"page","link":"https:\/\/servir.de\/?page_id=457","title":{"rendered":"Aktionen"},"content":{"rendered":"\n<p>Um das Bewusstsein f\u00fcr die \u201eEine Welt\u201c in der Schule, aber auch im Umfeld der Schule, wachzuhalten, und um die Projekte in Kenia und Brasilien finanziell zu f\u00f6rdern, finden unterschiedliche Aktionen statt. Dabei ist es uns wichtig, nicht nur Geld zu sammeln, sondern auch mit motivierenden Ideen das Engagement der Sch\u00fclerinnen und Sch\u00fcler f\u00fcr das Projekt Servir zu wecken, und unserem Bildungsauftrag als katholische Schule nachzukommen. Einige der vergangenen Aktionen wollen wir hier vorstellen:<\/p>\n\n\n\n<h4 class=\"wp-block-heading\"><strong>Talente-Wucher <\/strong><\/h4>\n\n\n\n<p>Ausgangspunkt f\u00fcr diese Aktionsidee ist das bekannte biblische Gleichnis von den Talenten (Mt 25, 14-30). Jesus erz\u00e4hlt von einem reichen Mann, der seinen Dienern eine bestimmte Geldsumme, in der damaligen W\u00e4hrung <em>Talente<\/em>, \u00fcbergibt und sie damit wirtschaften l\u00e4sst. Wie im biblischen Gleichnis soll es darum gehen, aus seinen Talenten m\u00f6glichst viel zu machen. Bei den Talenten im biblischen Gleichnis handelt es sich um echtes Geld \u2013 so auch bei uns. Wir f\u00f6rdern auf diese Weise die Kreativit\u00e4t und die F\u00e4higkeit zum Wirtschaften der Sch\u00fclerinnen und Sch\u00fcler. Au\u00dferdem macht es ihnen gro\u00dfen Spa\u00df in kleinen Gruppen oder auch allein an einer solchen Aktion teilzunehmen. <\/p>\n\n\n<div class=\"wp-block-image\">\n<figure class=\"aligncenter is-resized\"><img loading=\"lazy\" decoding=\"async\" width=\"650\" height=\"471\" src=\"https:\/\/servir.de\/wordpress\/wp-content\/uploads\/2018\/11\/preis_verlosung.jpg\" alt=\"\" class=\"wp-image-1440\" style=\"width:650px;height:471px\" srcset=\"https:\/\/servir.de\/wordpress\/wp-content\/uploads\/2018\/11\/preis_verlosung.jpg 650w, https:\/\/servir.de\/wordpress\/wp-content\/uploads\/2018\/11\/preis_verlosung-300x217.jpg 300w\" sizes=\"(max-width: 650px) 100vw, 650px\" \/><\/figure><\/div>\n\n\n<p>Sch\u00fclerinnen und Sch\u00fcler der Klassen 5-7 haben einige Wochen lang Zeit, einen bestimmten Geldbetrag (10 Euro) mit ihren Talenten zu vermehren. Das Geld wird ihnen vom Servir e.V. zur Verf\u00fcgung gestellt. Die Sch\u00fcler k\u00f6nnen allein oder in einer Gruppe Ideen entwickeln, wie sie das erhaltene Geld vermehren. Sie k\u00f6nnten z.B. mit dem Geld Materialien zum Basteln kaufen und das Gebastelte verkaufen oder Zutaten zu Kuchen kaufen und den gebackenen Kuchen verkaufen. Auch kleine Veranstaltungen mit einem B\u00fchnenprogramm oder Lotterien hat es bereits gegeben. Wir vertrauen auf die Talente unserer Sch\u00fcler, auf ihr Engagement und auf ihre Kreativit\u00e4t. Im Durchschnitt ist es bislang gelungen, dass der Ausgangsbetrag vervierfacht wurde. So kommen bei 200 Teilnehmern schnell 6.000 Euro Erl\u00f6s zusammen.&nbsp; Die Aktion fand zum ersten Mal im Jahr 2001 statt. Die Idee haben wir vom Hilfswerk Misereor \u00fcbernommen, das damals zu einer solchen Aktion aufrief. Im Abstand von ungef\u00e4hr vier Jahren f\u00fchren wir die Aktion durch.<\/p>\n\n\n\n<p>Die bisherigen Ergebnisse:&nbsp; <\/p>\n\n\n\n<figure class=\"wp-block-table\"><table><tbody><tr><td>\n  <strong>Jahr<\/strong>\n  <\/td><td><strong>T<\/strong>e<strong>ilnehmerzahl <\/strong>   <br><strong>(Sch\u00fcler und Sch\u00fclerinnen)<\/strong>   <\/td><td class=\"has-text-align-center\" data-align=\"center\">\n  <strong>Erl\u00f6s (Euro) <\/strong>\n  <\/td><\/tr><tr><td>   2001&nbsp;&nbsp;&nbsp;&nbsp;&nbsp;&nbsp; <\/td><td>\n  110 \n  <\/td><td class=\"has-text-align-center\" data-align=\"center\">\n  4.000 \n  <\/td><\/tr><tr><td>\n  2004&nbsp;&nbsp; &nbsp;&nbsp; \n  <\/td><td>\n  140&nbsp; \n  <\/td><td class=\"has-text-align-center\" data-align=\"center\">\n  6.600 \n  <\/td><\/tr><tr><td>\n  2007\n  <\/td><td>\n  250&nbsp; &nbsp;&nbsp;&nbsp;&nbsp;&nbsp;&nbsp; \n  <\/td><td class=\"has-text-align-center\" data-align=\"center\">\n  10.500\n  <\/td><\/tr><tr><td>\n  2012&nbsp;&nbsp;&nbsp;&nbsp;&nbsp; \n  <\/td><td>\n  170 &nbsp;&nbsp;&nbsp;&nbsp;&nbsp;&nbsp;&nbsp; \n  <\/td><td class=\"has-text-align-center\" data-align=\"center\">  <br>     7.500 <br>  <\/td><\/tr><tr><td>\n  2016&nbsp;&nbsp;&nbsp; &nbsp; \n  <\/td><td>\n  150 &nbsp;&nbsp;&nbsp;&nbsp;&nbsp;&nbsp;&nbsp;&nbsp;&nbsp;&nbsp;&nbsp;&nbsp;&nbsp;&nbsp;&nbsp;&nbsp;&nbsp;&nbsp;&nbsp;&nbsp;&nbsp;&nbsp; \n  <\/td><td class=\"has-text-align-center\" data-align=\"center\">\n  11.500 \n  <\/td><\/tr><tr><td>2023<\/td><td>140<\/td><td class=\"has-text-align-center\" data-align=\"center\">   8.000<\/td><\/tr><tr><td>\n  <strong>Gesamt<\/strong>\n  <\/td><td>\n  <strong>820 <\/strong>\n  <\/td><td class=\"has-text-align-center\" data-align=\"center\">\n  <strong>40.000 <\/strong>\n  <\/td><\/tr><\/tbody><\/table><\/figure>\n\n\n\n<h4 class=\"wp-block-heading\"><strong>\u201eTag f\u00fcr Servir\u201c&nbsp;&nbsp;&nbsp;&nbsp;&nbsp;&nbsp;&nbsp;&nbsp; <\/strong><\/h4>\n\n\n\n<p>Anl\u00e4sslich des drei\u00dfigj\u00e4hrigen Jubil\u00e4ums des Projektes Servir im Jahr 2015 haben wir einen \u201eTag f\u00fcr Servir\u201c durchgef\u00fchrt. Alle Sch\u00fclerinnen und Sch\u00fcler haben sich einen Tag lang mit dem Projekt besch\u00e4ftigt. So wurden an diesem Tag fast 500 Kilo, also eine halbe Tonne, Aluminium verarbeitet. Die Klassen 6 bis 11 des Gymnasiums hatten jeweils 60 Minuten lang Aluminium sortiert und ges\u00e4ubert und sich diese Arbeit von Eltern, Verwandten und Bekannten mit einem Betrag pro Kilo sponsern lassen. Es kamen insgesamt 15.000 Euro an Sponsorengelder f\u00fcr die Projekte in Kenia und Brasilien zusammen.<\/p>\n\n\n\n<figure class=\"wp-block-gallery has-nested-images columns-default is-cropped wp-block-gallery-1 is-layout-flex wp-block-gallery-is-layout-flex\">\n<figure class=\"wp-block-image\"><img loading=\"lazy\" decoding=\"async\" width=\"1024\" height=\"683\" data-id=\"1441\" src=\"https:\/\/servir.de\/wordpress\/wp-content\/uploads\/2018\/11\/0007Servirtag-1024x683.jpg\" alt=\"\" class=\"wp-image-1441\" srcset=\"https:\/\/servir.de\/wordpress\/wp-content\/uploads\/2018\/11\/0007Servirtag-1024x683.jpg 1024w, https:\/\/servir.de\/wordpress\/wp-content\/uploads\/2018\/11\/0007Servirtag-300x200.jpg 300w, https:\/\/servir.de\/wordpress\/wp-content\/uploads\/2018\/11\/0007Servirtag-768x512.jpg 768w, https:\/\/servir.de\/wordpress\/wp-content\/uploads\/2018\/11\/0007Servirtag-676x451.jpg 676w, https:\/\/servir.de\/wordpress\/wp-content\/uploads\/2018\/11\/0007Servirtag.jpg 1500w\" sizes=\"(max-width: 1024px) 100vw, 1024px\" \/><\/figure>\n\n\n\n<figure class=\"wp-block-image\"><img loading=\"lazy\" decoding=\"async\" width=\"1024\" height=\"683\" data-id=\"1442\" src=\"https:\/\/servir.de\/wordpress\/wp-content\/uploads\/2018\/11\/0018Servirtag-1024x683.jpg\" alt=\"\" class=\"wp-image-1442\" srcset=\"https:\/\/servir.de\/wordpress\/wp-content\/uploads\/2018\/11\/0018Servirtag-1024x683.jpg 1024w, https:\/\/servir.de\/wordpress\/wp-content\/uploads\/2018\/11\/0018Servirtag-300x200.jpg 300w, https:\/\/servir.de\/wordpress\/wp-content\/uploads\/2018\/11\/0018Servirtag-768x512.jpg 768w, https:\/\/servir.de\/wordpress\/wp-content\/uploads\/2018\/11\/0018Servirtag-676x451.jpg 676w, https:\/\/servir.de\/wordpress\/wp-content\/uploads\/2018\/11\/0018Servirtag.jpg 1500w\" sizes=\"(max-width: 1024px) 100vw, 1024px\" \/><\/figure>\n\n\n\n<figure class=\"wp-block-image\"><img loading=\"lazy\" decoding=\"async\" width=\"1024\" height=\"683\" data-id=\"1443\" src=\"https:\/\/servir.de\/wordpress\/wp-content\/uploads\/2018\/11\/0059Servirtag-1024x683.jpg\" alt=\"\" class=\"wp-image-1443\" srcset=\"https:\/\/servir.de\/wordpress\/wp-content\/uploads\/2018\/11\/0059Servirtag-1024x683.jpg 1024w, https:\/\/servir.de\/wordpress\/wp-content\/uploads\/2018\/11\/0059Servirtag-300x200.jpg 300w, https:\/\/servir.de\/wordpress\/wp-content\/uploads\/2018\/11\/0059Servirtag-768x512.jpg 768w, https:\/\/servir.de\/wordpress\/wp-content\/uploads\/2018\/11\/0059Servirtag-676x451.jpg 676w, https:\/\/servir.de\/wordpress\/wp-content\/uploads\/2018\/11\/0059Servirtag.jpg 1500w\" sizes=\"(max-width: 1024px) 100vw, 1024px\" \/><\/figure>\n<\/figure>\n\n\n\n<p>Neben dieser Sponsoren-Aktion wurde auch intensiv \u00fcber die Arbeit in den Projekten informiert. Aber auch der Spa\u00df kam nicht zu kurz. Daher gab es f\u00fcr alle Sch\u00fcler noch kreative, sportliche oder musische Workshops vom Zumba-Tanzen \u00fcber Upcycling bis zu brasilianischem und kenianischem Kochen.&nbsp;Der Tag war schlie\u00dflich auch ein Beitrag f\u00fcr das globale Lernen und die Verantwortung f\u00fcr die &#8220;Eine Welt&#8221;. Die Sch\u00fcler der Oberstufe setzten sich mit den teilweise unhaltbaren Zust\u00e4nden in der Bekleidungsindustrie auseinander und diskutierten Konsequenzen f\u00fcr den eigenen Einkauf. <\/p>\n\n\n\n<p>F\u00fcr die Klassen 8 und 9 gab es interessante chemische und physikalische Informationen \u00fcber Aluminium und dar\u00fcber, warum das Recycling dieses Stoffes sehr sinnvoll ist.&nbsp;Mit einem Kaffeeeparcours konnten die j\u00fcngeren Sch\u00fcler den Weg des Kaffees und die schwere Arbeit der Kaffeebauern, aber auch die Faszination des Kaffees nachempfinden.&nbsp; Der \u201eTag f\u00fcr Servir\u201c soll k\u00fcnftig mindestens alle f\u00fcnf Jahre stattfinden.<\/p>\n\n\n\n<h4 class=\"wp-block-heading\"><strong>72 Stunden-Aktion <\/strong><\/h4>\n\n\n\n<p>Bereits zweimal haben wir uns an der 72 Stunden-Aktion des Bundes der Deutschen Katholischen Jugend (BDKJ) beteiligt. In den Jahren 2009 und 2013 haben einzelne Klassen und Sch\u00fcler\/innen mit unterschiedlichen Aktionen drei Tage lang f\u00fcr das Projekt Servir gearbeitet.&nbsp;Mit zwei Klassen, der damaligen 7c und der 9a haben wir 2009 teilgenommen. Die Klasse 9a hatte im Rahmen der Aktion am Samstag, den 9. Mai einen Sponsorenlauf organisiert und mit gro\u00dfem Erfolg bei einer tollen Stimmung durchgef\u00fchrt. Durch zahlreiche Sponsoren, viele engagierte Eltern und Gesch\u00e4ftsleute und vor allem 80 L\u00e4ufer und L\u00e4uferinnen wurde das ehrgeizige Ziel von 3.600 Euro mehr als erreicht.<\/p>\n\n\n\n<figure class=\"wp-block-gallery has-nested-images columns-default is-cropped wp-block-gallery-2 is-layout-flex wp-block-gallery-is-layout-flex\">\n<figure class=\"wp-block-image\"><img loading=\"lazy\" decoding=\"async\" width=\"1024\" height=\"683\" data-id=\"1444\" src=\"https:\/\/servir.de\/wordpress\/wp-content\/uploads\/2018\/11\/0021Servirtag-1024x683.jpg\" alt=\"\" class=\"wp-image-1444\" srcset=\"https:\/\/servir.de\/wordpress\/wp-content\/uploads\/2018\/11\/0021Servirtag-1024x683.jpg 1024w, https:\/\/servir.de\/wordpress\/wp-content\/uploads\/2018\/11\/0021Servirtag-300x200.jpg 300w, https:\/\/servir.de\/wordpress\/wp-content\/uploads\/2018\/11\/0021Servirtag-768x512.jpg 768w, https:\/\/servir.de\/wordpress\/wp-content\/uploads\/2018\/11\/0021Servirtag-676x451.jpg 676w, https:\/\/servir.de\/wordpress\/wp-content\/uploads\/2018\/11\/0021Servirtag.jpg 1500w\" sizes=\"(max-width: 1024px) 100vw, 1024px\" \/><\/figure>\n\n\n\n<figure class=\"wp-block-image\"><img loading=\"lazy\" decoding=\"async\" width=\"1024\" height=\"683\" data-id=\"1445\" src=\"https:\/\/servir.de\/wordpress\/wp-content\/uploads\/2018\/11\/DSC02487-1024x683.jpg\" alt=\"\" class=\"wp-image-1445\" srcset=\"https:\/\/servir.de\/wordpress\/wp-content\/uploads\/2018\/11\/DSC02487-1024x683.jpg 1024w, https:\/\/servir.de\/wordpress\/wp-content\/uploads\/2018\/11\/DSC02487-300x200.jpg 300w, https:\/\/servir.de\/wordpress\/wp-content\/uploads\/2018\/11\/DSC02487-768x512.jpg 768w, https:\/\/servir.de\/wordpress\/wp-content\/uploads\/2018\/11\/DSC02487-676x451.jpg 676w\" sizes=\"(max-width: 1024px) 100vw, 1024px\" \/><\/figure>\n<\/figure>\n\n\n\n<p>Im zweiten Projekt hatte die Klasse 7c im Projektzeitraum vom 7. Mai, 17.07 Uhr bis zum 10. Mai, 17.07 Uhr Tag und Nacht in der Alu-Scheune gearbeitet. Die Sch\u00fcler und Sch\u00fclerinnen verarbeiteten mit Unterst\u00fctzung des Servir-Arbeitskreises und Werner Liesmann weit \u00fcber 400 Kilogramm Aluminium, das ges\u00e4ubert und bearbeitet wurde. Gearbeitet wurde in drei Schichten von jeweils drei Stunden. Das hei\u00dft, dass jeder nach drei Stunden Arbeit sechs Stunden Pause hatte. Das hie\u00df aber auch, dass diejenigen, die bis Mitternacht gearbeitet hatten, um 6 Uhr wieder dabei waren und das drei N\u00e4chte lang. Auch in der \u00d6ffentlichkeit erhielt das Alu-Projekt damit noch einmal gro\u00dfe Aufmerksamkeit und auch zahlreiche G\u00e4ste, die der BDKJ zur Besichtigung unserer Aktion zu uns brachte, haben zumindest kurz mitgeholfen. Dirk Glaser, zu dieser Zeit Gesch\u00e4ftsf\u00fchrer der Regionale, der B\u00fcrgermeister der Stadt Lennestadt Stefan Hundt, die damalige Bundestagsabgeordnete Petra Crone und Dechant Friedhelm R\u00fcsche haben die Aktion sehr gelobt. Auch im Mai 2019 werden wir wieder bei der 72 Stunden-Aktion dabei sein.<\/p>\n\n\n\n<h4 class=\"wp-block-heading\"><strong>Misereor-Aktionen <\/strong> <\/h4>\n\n\n\n<p>Eine intensive Zusammenarbeit gibt es auch immer wieder mit dem kirchlichen Hilfswerk Misereor, deren Aktionen zur Gerechtigkeit in der Einen Welt in jeder Fastenzeit in der Schule aufgegriffen werden. Anhand der Materialien informieren wir im Religionsunterricht \u00fcber Fragen der Einen Welt mit unterschiedlichen Schwerpunkten. So fand z.B. im M\u00e4rz 2013 ein Flashmob in der Siegener Innenstadt unter dem Titel \u201eBASTA! Es reicht. F\u00fcr alle\u201c mit Sch\u00fclerinnen und Sch\u00fclern der Jahrgangsstufe 10 statt, um auf den weltweiten Hunger aufmerksam zu machen. Fast 40 Jugendliche lie\u00dfen sich auf den Boden fallen, um darauf hinzuweisen, dass alle 4 Sekunden ein Mensch an Hunger stirbt. Passanten blieben irritiert stehen und lie\u00dfen sich \u00fcber das Anliegen informieren. Es soll Schluss sein mit der weltweit ungerechten Verteilung von Lebensmitteln, mit den ungerechten Strukturen im Welthandel, mit unserer \u00dcberproduktion von Lebensmitteln und unserem viel zu hohen Fleischkonsum. All dies tr\u00e4gt zum weltweiten Hunger bei, der vermieden werden k\u00f6nnte, wenn die Menschen in den reichen L\u00e4ndern ihren Lebensstil \u00e4ndern w\u00fcrden. Es reicht n\u00e4mlich f\u00fcr alle. Regelm\u00e4\u00dfig greifen wir auch die Fragen der Einen Welt in Schul- und Jugendgottesdiensten auf und sammeln die Kollekte f\u00fcr unsere Projekte.<\/p>\n\n\n\n<p>Im Jahr 2013 waren wieder einige Klassen dabei und haben verschiedene Aktionen organisiert um in einer originellen Gemeinschaftsleistung einen Beitrag zu Servir zu leisten.&nbsp;Die Klasse 8b hat m\u00f6glichst viel Aluminium sortiert und Kerzenh\u00fcllen von Wachsresten ges\u00e4ubert; die Klasse 5c organisierte f\u00fcr Samstag, den 15. Juni 2013, zwischen 11 und 14 Uhr ein Fu\u00dfballturnier auf dem Kleinspielfeld des Gymnasiums; die Klasse 5b weckte den sportlichen Ehrgeiz mit einem Spendenmarathon rund um die Schule (500m); die Klasse 5d lie\u00df Auto-Fans mit einem Bobbycar-Rennen auf ihre Kosten kommen; und die Klasse 6c machte Spiel- und Sportangebote auch f\u00fcr j\u00fcngere Kinder. F\u00fcr musikalische Untermalung sorgt eine neu gegr\u00fcndete Oberstufen-Band und Oberstufensch\u00fcler informierten \u00fcber das Projekt Obstwiese, den Eine-Welt-Laden und Servir allgemein. Hinzu kam dann noch ein spontaner Einsatz zur Fluthilfe in Magdeburg, an dem auch zwanzig Sch\u00fclerinnen und Sch\u00fcler teilnahmen. An die Fluthilfe ging dann auch die H\u00e4lfte des Erl\u00f6ses von 3.000 Euro. <\/p>\n\n\n\n<p><strong>Weitere Aktionen<\/strong><\/p>\n\n\n\n<p>Mit vielen weiteren Aktionen und Veranstaltungen wurde in der Vergangenheit das Projekt Servir unterst\u00fctzt. Vom Marathonlauf auf dem Sportplatz im Jahr 2000, \u00fcber die Produktion von Gru\u00dfkarten, Schallplatten und CDs, bis zum anteiligen Erl\u00f6s der Oberstufenfeten durch einen eigens gegr\u00fcndeten Verein reicht die Liste der Aktivit\u00e4ten. <\/p>\n\n\n\n<p>Aber auch gezielte Spendenaktionen anl\u00e4sslich von Katastrophen in vielen Teilen der Welt (z.B. Haiti, Philippinen) hat der Servir e.V. immer wieder organisiert.&nbsp; Diese Aktionen sind ein eindrucksvoller Beleg f\u00fcr das gro\u00dfe Engagement von Sch\u00fcler\/innen, Eltern und Lehrer\/innen, aber auch von vielen Unternehmen und Einzelpersonen im Umfeld der Schule, zugunsten des Projektes Servir.&nbsp; <\/p>\n","protected":false},"excerpt":{"rendered":"<p>Um das Bewusstsein f\u00fcr die \u201eEine Welt\u201c in der Schule, aber auch im Umfeld der Schule, wachzuhalten, und um die Projekte in Kenia und Brasilien finanziell zu f\u00f6rdern, finden unterschiedliche Aktionen statt. Dabei ist es uns wichtig, nicht nur Geld zu sammeln, sondern auch mit motivierenden Ideen das Engagement der Sch\u00fclerinnen und Sch\u00fcler f\u00fcr das [&hellip;]<\/p>\n","protected":false},"author":3,"featured_media":0,"parent":387,"menu_order":0,"comment_status":"closed","ping_status":"closed","template":"template-fullwidth.php","meta":{"ngg_post_thumbnail":0,"footnotes":""},"_links":{"self":[{"href":"https:\/\/servir.de\/index.php?rest_route=\/wp\/v2\/pages\/457"}],"collection":[{"href":"https:\/\/servir.de\/index.php?rest_route=\/wp\/v2\/pages"}],"about":[{"href":"https:\/\/servir.de\/index.php?rest_route=\/wp\/v2\/types\/page"}],"author":[{"embeddable":true,"href":"https:\/\/servir.de\/index.php?rest_route=\/wp\/v2\/users\/3"}],"replies":[{"embeddable":true,"href":"https:\/\/servir.de\/index.php?rest_route=%2Fwp%2Fv2%2Fcomments&post=457"}],"version-history":[{"count":9,"href":"https:\/\/servir.de\/index.php?rest_route=\/wp\/v2\/pages\/457\/revisions"}],"predecessor-version":[{"id":3007,"href":"https:\/\/servir.de\/index.php?rest_route=\/wp\/v2\/pages\/457\/revisions\/3007"}],"up":[{"embeddable":true,"href":"https:\/\/servir.de\/index.php?rest_route=\/wp\/v2\/pages\/387"}],"wp:attachment":[{"href":"https:\/\/servir.de\/index.php?rest_route=%2Fwp%2Fv2%2Fmedia&parent=457"}],"curies":[{"name":"wp","href":"https:\/\/api.w.org\/{rel}","templated":true}]}}