{"id":455,"date":"2018-11-01T13:52:21","date_gmt":"2018-11-01T13:52:21","guid":{"rendered":"https:\/\/servir.de\/wordpress\/?page_id=455"},"modified":"2022-03-20T06:15:50","modified_gmt":"2022-03-20T06:15:50","slug":"josy","status":"publish","type":"page","link":"https:\/\/servir.de\/?page_id=455","title":{"rendered":"Getr\u00e4nke-Verkauf"},"content":{"rendered":"\n<figure class=\"wp-block-image\"><img decoding=\"async\" src=\"https:\/\/www.graf-metternich-quellen.de\/uploads\/media\/mainimage_sortiment_05l.jpg\" alt=\"https:\/\/www.graf-metternich-quellen.de\/uploads\/media\/mainimage_sortiment_05l.jpg\"\/><figcaption>Sortiment der Graf-Metternich-Quelle (nicht alle Sorten sind an MK verf\u00fcgbar)<\/figcaption><\/figure>\n\n\n\n<p>Schon seit vielen Jahren bieten wir am Gymnasium Maria K\u00f6nigin Getr\u00e4nke an. Bis 2020 verkauften wir alkoholfreie Getr\u00e4nke der Josefs-Brauerei in Bigge-Olsberg, der ersten behindertengerechten Firma zur Getr\u00e4nkeherstellung in Europa. Die Angebotspalette reichte von Zitronenlimonade \u00fcber Apfelschorle, Orangenlimo, Cola und Beerenlimo bis hin zu Wasser. Unserer langj\u00e4hriger Getr\u00e4nkehersteller musste aber aufgrund von Umsatzeinbu\u00dfen im Sommer den Betrieb einstellen.<\/p>\n\n\n\n<p>Seit dem Sommer 2020 erhalten wir nun Getr\u00e4nke von den Graf-Metternich-Quellen, einer Firma aus dem Kreis H\u00f6xter. Der Schultr\u00e4ger hat die Getr\u00e4nkeautomaten gekauft und vermietet sie nun an den Servir e.V., so dass der Erl\u00f6s unserem Verein zugutekommt.<\/p>\n\n\n\n<p>Die Getr\u00e4nke werden in Glas-Pfandflaschen und seit einigen Jahren auch in einem modernen Getr\u00e4nkeautomaten angeboten. Bei allen schulischen Veranstaltungen werden die Getr\u00e4nke genutzt. Neben der Unterst\u00fctzung des Integrationsbetriebes der Josefs-Brauerei war anf\u00e4nglich vor allem auch die Ablehnung der gro\u00dfen Getr\u00e4nkekonzerne, insbesondere von Coca-Cola, ein Grund f\u00fcr die Wahl von Josy. Der Coca-Cola-Konzern tr\u00e4gt massiv zur Umweltzerst\u00f6rung und zur Zerst\u00f6rung sozialer Strukturen in vielen L\u00e4ndern des S\u00fcdens bei. &nbsp;So soll das Unternehmen Mitverantwortung f\u00fcr die Unterdr\u00fcckung unliebsamer Gewerkschaften in S\u00fcdamerika tragen, Umweltstandards verletzen und es tr\u00e4gt durch den hohen Zuckergehalt seiner Produkte zu Gesundheitsproblemen bei. <\/p>\n\n\n\n<p>Die Getr\u00e4nke werden in der Schule kosteng\u00fcnstig angeboten. Dennoch verbleibt ein Erl\u00f6s, der in das Projekt Servir flie\u00dft. F\u00fcr die Unterst\u00fctzung des Getr\u00e4nkeverkaufs danken wir insbesondere dem Hausmeister Niklas Krippendorf, der die Best\u00fcckung des Automaten \u00fcbernimmt.<\/p>\n","protected":false},"excerpt":{"rendered":"<p>Schon seit vielen Jahren bieten wir am Gymnasium Maria K\u00f6nigin Getr\u00e4nke an. Bis 2020 verkauften wir alkoholfreie Getr\u00e4nke der Josefs-Brauerei in Bigge-Olsberg, der ersten behindertengerechten Firma zur Getr\u00e4nkeherstellung in Europa. Die Angebotspalette reichte von Zitronenlimonade \u00fcber Apfelschorle, Orangenlimo, Cola und Beerenlimo bis hin zu Wasser. Unserer langj\u00e4hriger Getr\u00e4nkehersteller musste aber aufgrund von Umsatzeinbu\u00dfen im Sommer [&hellip;]<\/p>\n","protected":false},"author":4,"featured_media":0,"parent":387,"menu_order":0,"comment_status":"closed","ping_status":"closed","template":"template-fullwidth.php","meta":{"ngg_post_thumbnail":0,"footnotes":""},"_links":{"self":[{"href":"https:\/\/servir.de\/index.php?rest_route=\/wp\/v2\/pages\/455"}],"collection":[{"href":"https:\/\/servir.de\/index.php?rest_route=\/wp\/v2\/pages"}],"about":[{"href":"https:\/\/servir.de\/index.php?rest_route=\/wp\/v2\/types\/page"}],"author":[{"embeddable":true,"href":"https:\/\/servir.de\/index.php?rest_route=\/wp\/v2\/users\/4"}],"replies":[{"embeddable":true,"href":"https:\/\/servir.de\/index.php?rest_route=%2Fwp%2Fv2%2Fcomments&post=455"}],"version-history":[{"count":9,"href":"https:\/\/servir.de\/index.php?rest_route=\/wp\/v2\/pages\/455\/revisions"}],"predecessor-version":[{"id":2767,"href":"https:\/\/servir.de\/index.php?rest_route=\/wp\/v2\/pages\/455\/revisions\/2767"}],"up":[{"embeddable":true,"href":"https:\/\/servir.de\/index.php?rest_route=\/wp\/v2\/pages\/387"}],"wp:attachment":[{"href":"https:\/\/servir.de\/index.php?rest_route=%2Fwp%2Fv2%2Fmedia&parent=455"}],"curies":[{"name":"wp","href":"https:\/\/api.w.org\/{rel}","templated":true}]}}