{"id":453,"date":"2018-11-01T13:51:30","date_gmt":"2018-11-01T13:51:30","guid":{"rendered":"https:\/\/servir.de\/wordpress\/?page_id=453"},"modified":"2019-04-01T19:54:23","modified_gmt":"2019-04-01T19:54:23","slug":"kuchenverkauf","status":"publish","type":"page","link":"https:\/\/servir.de\/?page_id=453","title":{"rendered":"Kuchenverkauf"},"content":{"rendered":"\n<div class=\"wp-block-image\"><figure class=\"aligncenter is-resized\"><img loading=\"lazy\" decoding=\"async\" src=\"https:\/\/servir.de\/wordpress\/wp-content\/uploads\/2018\/11\/Foto-07.11.18-09-20-13.jpg\" alt=\"\" class=\"wp-image-1479\" width=\"444\" height=\"592\" srcset=\"https:\/\/servir.de\/wordpress\/wp-content\/uploads\/2018\/11\/Foto-07.11.18-09-20-13.jpg 2448w, https:\/\/servir.de\/wordpress\/wp-content\/uploads\/2018\/11\/Foto-07.11.18-09-20-13-225x300.jpg 225w, https:\/\/servir.de\/wordpress\/wp-content\/uploads\/2018\/11\/Foto-07.11.18-09-20-13-768x1024.jpg 768w, https:\/\/servir.de\/wordpress\/wp-content\/uploads\/2018\/11\/Foto-07.11.18-09-20-13-676x901.jpg 676w\" sizes=\"(max-width: 444px) 100vw, 444px\" \/><\/figure><\/div>\n\n\n\n<p>Den Kuchenverkauf f\u00fcr Servir gibt es am Gymnasium Maria K\u00f6nigin schon \u00fcber 25 Jahre. Jeden Mittwoch verkaufen die Sch\u00fclerinnen und Sch\u00fcler in der oberen Pausenhalle zwischen Haupteingang und Musikraum selbst gebackenen Kuchen. Jede Klasse ist einmal dran. Obwohl die einzelnen St\u00fcckchen lediglich 50 Cent kosten, kommen im Laufe des Jahres stets \u00fcber 1000 \u20ac zusammen, die direkt auf das Servir-Konto \u00fcberwiesen werden. Seit vielen Jahren h\u00e4lt sich allerdings hartn\u00e4ckig das Ger\u00fccht, dass diese hohen Summen nur erreicht werden k\u00f6nnen, weil ein gro\u00dfer Teil des Kuchens seinen Weg ins Lehrerzimmer findet und dort von den Lehrerinnen und Lehrern sehns\u00fcchtig erwartet wird&#8230; <\/p>\n","protected":false},"excerpt":{"rendered":"<p>Den Kuchenverkauf f\u00fcr Servir gibt es am Gymnasium Maria K\u00f6nigin schon \u00fcber 25 Jahre. Jeden Mittwoch verkaufen die Sch\u00fclerinnen und Sch\u00fcler in der oberen Pausenhalle zwischen Haupteingang und Musikraum selbst gebackenen Kuchen. Jede Klasse ist einmal dran. Obwohl die einzelnen St\u00fcckchen lediglich 50 Cent kosten, kommen im Laufe des Jahres stets \u00fcber 1000 \u20ac zusammen, [&hellip;]<\/p>\n","protected":false},"author":3,"featured_media":0,"parent":387,"menu_order":0,"comment_status":"closed","ping_status":"closed","template":"template-fullwidth.php","meta":{"ngg_post_thumbnail":0,"footnotes":""},"_links":{"self":[{"href":"https:\/\/servir.de\/index.php?rest_route=\/wp\/v2\/pages\/453"}],"collection":[{"href":"https:\/\/servir.de\/index.php?rest_route=\/wp\/v2\/pages"}],"about":[{"href":"https:\/\/servir.de\/index.php?rest_route=\/wp\/v2\/types\/page"}],"author":[{"embeddable":true,"href":"https:\/\/servir.de\/index.php?rest_route=\/wp\/v2\/users\/3"}],"replies":[{"embeddable":true,"href":"https:\/\/servir.de\/index.php?rest_route=%2Fwp%2Fv2%2Fcomments&post=453"}],"version-history":[{"count":5,"href":"https:\/\/servir.de\/index.php?rest_route=\/wp\/v2\/pages\/453\/revisions"}],"predecessor-version":[{"id":2299,"href":"https:\/\/servir.de\/index.php?rest_route=\/wp\/v2\/pages\/453\/revisions\/2299"}],"up":[{"embeddable":true,"href":"https:\/\/servir.de\/index.php?rest_route=\/wp\/v2\/pages\/387"}],"wp:attachment":[{"href":"https:\/\/servir.de\/index.php?rest_route=%2Fwp%2Fv2%2Fmedia&parent=453"}],"curies":[{"name":"wp","href":"https:\/\/api.w.org\/{rel}","templated":true}]}}