{"id":448,"date":"2018-11-01T13:50:17","date_gmt":"2018-11-01T13:50:17","guid":{"rendered":"https:\/\/servir.de\/wordpress\/?page_id=448"},"modified":"2025-08-24T20:32:18","modified_gmt":"2025-08-24T20:32:18","slug":"a-l-u","status":"publish","type":"page","link":"https:\/\/servir.de\/?page_id=448","title":{"rendered":"ALU \u2013 Aus Liebe zur Umwelt"},"content":{"rendered":"\n<p><strong>Alu-Abgabe<\/strong>: Jeden 1. Samstag im Monat von 10 bis 12 Uhr in der ALU-Scheune beim Gymnasium Maria K\u00f6nigin!<\/p>\n\n\n\n<p>Die Aktion ALU wurde im Juni 1989 ins Leben gerufen. ALU ist ein Projekt f\u00fcr das Recycling von <em>Aluminium <\/em>und steht auch f\u00fcr <em>&#8220;Aus Liebe zur Umwelt&#8221;<\/em> &#8211; denn Aluminium hat durch den aufw\u00e4ndigen Prozess der Aufbereitung und Gewinnung aus Bauxit eine extrem schlechte Umweltbilanz. Die Aktion ALU soll also zum Umweltschutz beitragen.<\/p>\n\n\n\n<p>Das Recycling von Aluminium bringt erhebliche \u00f6konomische und \u00f6kologische Vorteile. Beim Einschmelzen von Altaluminium wird nur etwa ein Zehntel der Energie verbraucht, die n\u00f6tig ist, um die gleiche Menge aus Bauxit herzustellen. Das Recycling schont damit die Energieressourcen, der Tagebau kann zur\u00fcckgefahren werden und die Erzeugung von giftigen Rotschlamm- und Abgasmengen wird auf ein Minimum reduziert.<\/p>\n\n\n\n<p>Das Aluminium, das im Rahmen des Projekts in einer Aluscheune gesammelt wird, ist kein Industriem\u00fcll. Es handelt sich vielmehr um diejenigen Dinge aus Aluminium, die im Haushaltsm\u00fcll anfallen.&nbsp;Der gesammelte Aluminiumabfall wird von den Sch\u00fclern und Lehrern des Servir e.V. in Vertretungsstunden, besonders aber in freiwilligen Aktionen au\u00dferhalb der Schulzeit sortiert: Zun\u00e4chst wird er auf seine Brauchbarkeit \u00fcberpr\u00fcft, von anderem M\u00fcll getrennt, in Ballen gepresst und in regelm\u00e4\u00dfigen Abst\u00e4nden zur Weiterverwertung in ein Aluminiumwerk gebracht.<\/p>\n\n\n\n<figure class=\"wp-block-gallery has-nested-images columns-default is-cropped wp-block-gallery-1 is-layout-flex wp-block-gallery-is-layout-flex\">\n<figure class=\"wp-block-image size-large\"><img loading=\"lazy\" decoding=\"async\" width=\"1024\" height=\"1024\" data-id=\"1460\" src=\"https:\/\/servir.de\/wordpress\/wp-content\/uploads\/2018\/11\/Alu-3-2-1024x1024.jpg\" alt=\"\" class=\"wp-image-1460\" srcset=\"https:\/\/servir.de\/wordpress\/wp-content\/uploads\/2018\/11\/Alu-3-2-1024x1024.jpg 1024w, https:\/\/servir.de\/wordpress\/wp-content\/uploads\/2018\/11\/Alu-3-2-150x150.jpg 150w, https:\/\/servir.de\/wordpress\/wp-content\/uploads\/2018\/11\/Alu-3-2-300x300.jpg 300w, https:\/\/servir.de\/wordpress\/wp-content\/uploads\/2018\/11\/Alu-3-2-768x768.jpg 768w, https:\/\/servir.de\/wordpress\/wp-content\/uploads\/2018\/11\/Alu-3-2-676x676.jpg 676w, https:\/\/servir.de\/wordpress\/wp-content\/uploads\/2018\/11\/Alu-3-2.jpg 1385w\" sizes=\"(max-width: 1024px) 100vw, 1024px\" \/><figcaption class=\"wp-element-caption\">Angeliefertes, unsortiertes Aluminium<\/figcaption><\/figure>\n\n\n\n<figure class=\"wp-block-image size-large\"><img loading=\"lazy\" decoding=\"async\" width=\"1024\" height=\"576\" data-id=\"1382\" src=\"https:\/\/servir.de\/wordpress\/wp-content\/uploads\/2018\/11\/100982893-76678833_5736-3Cef-1024x576.jpg\" alt=\"\" class=\"wp-image-1382\" srcset=\"https:\/\/servir.de\/wordpress\/wp-content\/uploads\/2018\/11\/100982893-76678833_5736-3Cef-1024x576.jpg 1024w, https:\/\/servir.de\/wordpress\/wp-content\/uploads\/2018\/11\/100982893-76678833_5736-3Cef-300x169.jpg 300w, https:\/\/servir.de\/wordpress\/wp-content\/uploads\/2018\/11\/100982893-76678833_5736-3Cef-768x432.jpg 768w, https:\/\/servir.de\/wordpress\/wp-content\/uploads\/2018\/11\/100982893-76678833_5736-3Cef-676x380.jpg 676w, https:\/\/servir.de\/wordpress\/wp-content\/uploads\/2018\/11\/100982893-76678833_5736-3Cef.jpg 1200w\" sizes=\"(max-width: 1024px) 100vw, 1024px\" \/><figcaption class=\"wp-element-caption\">Flei\u00dfige Sch\u00fcler trennen Aluminium vom M\u00fcll<\/figcaption><\/figure>\n<\/figure>\n\n\n\n<p>Neben Deckeln von Joghurtbechern und Einweggeschirr bilden auch Teelichterbeh\u00e4lter aus den Kirchen einen nennenswerten Anteil an den gesammelten Materialien. Bei den in gro\u00dfen M\u00fclls\u00e4cken angelieferten, ausgebrannten Teelichtern wird der Becher aus Aluminium von den Dochthaltern aus Eisen und vom Restwachs getrennt.&nbsp;Das Sammeln und Sortieren von Aluminium bringt Geld, das f\u00fcr die Projekte in Brasilien und Kenia eingesetzt wird. <\/p>\n\n\n\n<p class=\"has-regular-font-size\">Vielleicht geh\u00f6ren Sie ja auch zu den vielen privaten Sammlern, die uns durch Ihre Aluminium-Spende unterst\u00fctzen? Dann m\u00f6chten wir an dieser Stelle ein ganz herzliches Dankesch\u00f6n sagen. Dar\u00fcber hinaus m\u00f6chten wir Sie f\u00fcr das richtige Sammeln sensibilisieren, denn ein Gro\u00dfteil der Zeit, den die Sch\u00fclerinnen und Sch\u00fcler in der Aluscheune verbringen, wird darauf verwendet, Materialien, die nicht aus Aluminium sind, heraus zu sortieren in den M\u00fcll zu werfen. Wenn Sie genauere Informationen dar\u00fcber haben wollen, welche Materialien aus Aluminium sind und welche nicht, k\u00f6nnen Sie einfach <strong><a href=\"https:\/\/servir.de\/wordpress\/wp-content\/uploads\/2018\/11\/20180214sk.png\" target=\"_blank\" rel=\"noreferrer noopener\" aria-label=\"hier  (\u00f6ffnet in neuem Tab)\">hier <\/a><\/strong>klicken.<\/p>\n\n\n\n<p>Das ALU- Projekt verbindet aber auch Menschen. Wussten Sie, dass eine Klasse in einer Vertretungsstunde durch intensives Sortieren den Monatslohn eines Arbeiters in Brasilien erwirtschaften kann? So kann jeder Sch\u00fcler mit seinen H\u00e4nden helfen, aber auch erfahren, wie es Menschen in gro\u00dfer Armut geht. Beim Alusortieren erleben Sch\u00fcler, wie sich diejenigen Kinder f\u00fchlen m\u00fcssen, deren Heimat die M\u00fclldeponien der Gro\u00dfst\u00e4dte in armen L\u00e4ndern sind. Diese Kinder sammeln dort Dosen und anderen Schrott, um zu \u00fcberleben, oder &#8211; schlimmer noch &#8211; sie sind angewiesen auf die schimmelnden Essensreste, die sie aus dem M\u00fcll der Gesellschaft heraussuchen.<\/p>\n\n\n\n<p>Von 1989 bis 1995 wurde das Haushaltsaluminium zun\u00e4chst in zentralen Sammelstellen in Lennestadt abgeholt, sortiert und dann in S\u00e4cken in einem gr\u00f6\u00dferen Raum auf dem Schulgel\u00e4nde des Gymnasiums \u201eMaria K\u00f6nigin\u201c gelagert. Im Herbst 1995 kaufte der Servir e.V. eine Ballenpresse. Fortan konnten M\u00e4use die d\u00fcnnen M\u00fclls\u00e4cke nicht mehr zerfressen, das&nbsp; Lagern und der Transport des Aluminiums wurden erheblich erleichtert.&nbsp;In regelm\u00e4\u00dfigen Abst\u00e4nden transportiert ein LKW die \u201eErnte\u201czu einem Recyclingunternehmen- seit 2020 ist das die Firma <a href=\"https:\/\/www.trimet.eu\/de\/ueber_trimet\/standorte\/gelsenkirchen\">Trimet <\/a>in Gelsenkirchen.<\/p>\n\n\n\n<figure class=\"wp-block-gallery has-nested-images columns-default is-cropped wp-block-gallery-2 is-layout-flex wp-block-gallery-is-layout-flex\">\n<figure class=\"wp-block-image size-large\"><img loading=\"lazy\" decoding=\"async\" width=\"702\" height=\"702\" data-id=\"2199\" src=\"https:\/\/servir.de\/wordpress\/wp-content\/uploads\/2019\/03\/Alu1-quadrat.jpg\" alt=\"\" class=\"wp-image-2199\" srcset=\"https:\/\/servir.de\/wordpress\/wp-content\/uploads\/2019\/03\/Alu1-quadrat.jpg 702w, https:\/\/servir.de\/wordpress\/wp-content\/uploads\/2019\/03\/Alu1-quadrat-150x150.jpg 150w, https:\/\/servir.de\/wordpress\/wp-content\/uploads\/2019\/03\/Alu1-quadrat-300x300.jpg 300w, https:\/\/servir.de\/wordpress\/wp-content\/uploads\/2019\/03\/Alu1-quadrat-676x676.jpg 676w\" sizes=\"(max-width: 702px) 100vw, 702px\" \/><figcaption class=\"wp-element-caption\">Ballenpresse zum Komprimieren des Aluminiums<\/figcaption><\/figure>\n\n\n\n<figure class=\"wp-block-image size-large\"><img loading=\"lazy\" decoding=\"async\" width=\"720\" height=\"720\" data-id=\"2198\" src=\"https:\/\/servir.de\/wordpress\/wp-content\/uploads\/2019\/03\/Alu2-quadrat.jpg\" alt=\"\" class=\"wp-image-2198\" srcset=\"https:\/\/servir.de\/wordpress\/wp-content\/uploads\/2019\/03\/Alu2-quadrat.jpg 720w, https:\/\/servir.de\/wordpress\/wp-content\/uploads\/2019\/03\/Alu2-quadrat-150x150.jpg 150w, https:\/\/servir.de\/wordpress\/wp-content\/uploads\/2019\/03\/Alu2-quadrat-300x300.jpg 300w, https:\/\/servir.de\/wordpress\/wp-content\/uploads\/2019\/03\/Alu2-quadrat-676x676.jpg 676w\" sizes=\"(max-width: 720px) 100vw, 720px\" \/><figcaption class=\"wp-element-caption\">Beladung des LKWs zum Abtransport<\/figcaption><\/figure>\n<\/figure>\n\n\n\n<p>Insgesamt wurden \u00fcber 47 Tonnen Aluminium zur Wiederverwertung gesammelt, d.h. es wurden ca. 60 Tonnen M\u00fcll handverlesen und sortiert.<\/p>\n\n\n\n<figure class=\"wp-block-table aligncenter is-style-regular\"><table class=\"has-fixed-layout\"><tbody><tr><td><strong>Datum&nbsp;&nbsp;&nbsp;&nbsp;&nbsp;&nbsp;&nbsp;&nbsp;&nbsp;&nbsp;&nbsp;&nbsp;&nbsp;&nbsp;&nbsp;&nbsp;&nbsp;&nbsp;&nbsp;&nbsp;<\/strong><\/td><td><strong>Alu&nbsp;(kg)&nbsp;&nbsp;&nbsp;&nbsp;&nbsp;&nbsp;&nbsp;&nbsp;&nbsp;<\/strong><\/td><td><strong>Verkaufspreis&nbsp;&nbsp;&nbsp;&nbsp;&nbsp;&nbsp;&nbsp;<\/strong><\/td><td><strong>Zuschuss&nbsp;&nbsp;&nbsp;&nbsp;&nbsp;&nbsp;&nbsp;<\/strong><\/td><\/tr><tr><td>25.01.1990<\/td><td>540<\/td><td>1.620 DM<\/td><td>68 DM<\/td><\/tr><tr><td>14.09.1990<\/td><td>920<\/td><td>2.760 DM<\/td><td>115 DM<\/td><\/tr><tr><td>29.01.1991<\/td><td>1.240<\/td><td>3.720 DM<\/td><td>155 DM<\/td><\/tr><tr><td>29.11.1991<\/td><td>2.100<\/td><td>3.990 DM (*)<\/td><td>623 DM<\/td><\/tr><tr><td>26.06.1992<\/td><td>1.820<\/td><td>2.730 DM (*)<\/td><td>540 DM<\/td><\/tr><tr><td>25.02.1993<\/td><td>1.840<\/td><td>2.760 DM<\/td><td>546 DM<\/td><\/tr><tr><td>20.05.1994<\/td><td>2.840<\/td><td>3.720 DM<\/td><td>735 DM<\/td><\/tr><tr><td>09.03.1995<\/td><td>1.660<\/td><td>2.490 DM<\/td><td>492 DM<\/td><\/tr><tr><td>26.10.1995<\/td><td>1.960<\/td><td>2.940 DM<\/td><td>581 DM<\/td><\/tr><tr><td>16.12.1997<\/td><td>4.040<\/td><td>8.080 DM (*)<\/td><td>1.198 DM<\/td><\/tr><tr><td>08.06.1999<\/td><td>2.480<\/td><td>3.720 DM<\/td><td>735 DM<\/td><\/tr><tr><td>13.12.2000<\/td><td>2.340<\/td><td>3.510 DM<\/td><td>889 DM<\/td><\/tr><tr><td>13.06.2002<\/td><td>2.160<\/td><td>3.168 DM<\/td><td>821 DM<\/td><\/tr><tr><td><strong>Summe:<\/strong><\/td><td><\/td><td><strong> 45.208 DM<\/strong><br>= 23.114 \u20ac<\/td><td><strong>7.498 DM<\/strong><br>= 3.834 \u20ac<\/td><\/tr><tr><td>16.07.2004<\/td><td>2.600<\/td><td>3.900 \u20ac<\/td><td>506 \u20ac<\/td><\/tr><tr><td>30.09.2006<\/td><td>2.200<\/td><td>3.960 \u20ac<\/td><td>550 \u20ac<\/td><\/tr><tr><td>07.03.2008<\/td><td>2.250<\/td><td>4.050 \u20ac<\/td><td>563 \u20ac<\/td><\/tr><tr><td>08.06.2009<\/td><td>2.540<\/td><td>1.778 \u20ac<\/td><td>635 \u20ac<\/td><\/tr><tr><td>05.11.2010<\/td><td>2.400<\/td><td>2.400 \u20ac<\/td><td>600 \u20ac<\/td><\/tr><tr><td>15.12.2011<\/td><td>2.500<\/td><td>2.750 \u20ac<\/td><td>625 \u20ac<\/td><\/tr><tr><td>22.05.2013<\/td><td>2.250<\/td><td>1.695 \u20ac<\/td><td>563 \u20ac<\/td><\/tr><tr><td>21.11.2015<\/td><td>2.000<\/td><td>1.500 \u20ac<\/td><td>500 \u20ac<\/td><\/tr><tr><td>23.06.2016<\/td><td>2.340<\/td><td>1.500 \u20ac<\/td><td>585 \u20ac<\/td><\/tr><tr><td>31.03.2018<\/td><td>2.680<\/td><td>    938 \u20ac<\/td><td>670 \u20ac<\/td><\/tr><tr><td>18.02.2020<\/td><td>2.560<\/td><td>3.840 \u20ac<\/td><td>640 \u20ac<\/td><\/tr><tr><td>17.09.2021<\/td><td>2.340<\/td><td>5.850 \u20ac<\/td><td>585 \u20ac<\/td><\/tr><tr><td>26.09.2023<\/td><td>2.200<\/td><td>4.620 \u20ac<\/td><td>550 \u20ac<\/td><\/tr><tr><td>04.07.2025<\/td><td>2.620<\/td><td>5.765 \u20ac<\/td><td>655 \u20ac<\/td><\/tr><tr><td><strong>Insgesamt:<\/strong> <\/td><td><strong>56.700<\/strong><\/td><td><strong>67.660 \u20ac<\/strong><\/td><td><strong>12.061 \u20ac <\/strong><\/td><\/tr><\/tbody><\/table><\/figure>\n\n\n\n<p>(*) <strong>Sonderaktionen:<\/strong> Zwei Aktionen &#8220;ALU-Pfennig&#8221; 1990 und 1999 <br>mit 10.451 DM, zudem eine Spende der GDA zur Jubil\u00e4umsfeier 2015 <br>in H\u00f6he von 1.000 \u20ac.<\/p>\n\n\n\n<p><strong>Aus dem Verkauf des Aluminiums ergab sich bisher ein Gesamterl\u00f6s <\/strong><br><strong>von 73.301 \u20ac (Stand 26.09.2023).<\/strong><\/p>\n","protected":false},"excerpt":{"rendered":"<p>Alu-Abgabe: Jeden 1. Samstag im Monat von 10 bis 12 Uhr in der ALU-Scheune beim Gymnasium Maria K\u00f6nigin! Die Aktion ALU wurde im Juni 1989 ins Leben gerufen. ALU ist ein Projekt f\u00fcr das Recycling von Aluminium und steht auch f\u00fcr &#8220;Aus Liebe zur Umwelt&#8221; &#8211; denn Aluminium hat durch den aufw\u00e4ndigen Prozess der Aufbereitung [&hellip;]<\/p>\n","protected":false},"author":3,"featured_media":0,"parent":387,"menu_order":0,"comment_status":"closed","ping_status":"closed","template":"template-fullwidth.php","meta":{"ngg_post_thumbnail":0,"footnotes":""},"_links":{"self":[{"href":"https:\/\/servir.de\/index.php?rest_route=\/wp\/v2\/pages\/448"}],"collection":[{"href":"https:\/\/servir.de\/index.php?rest_route=\/wp\/v2\/pages"}],"about":[{"href":"https:\/\/servir.de\/index.php?rest_route=\/wp\/v2\/types\/page"}],"author":[{"embeddable":true,"href":"https:\/\/servir.de\/index.php?rest_route=\/wp\/v2\/users\/3"}],"replies":[{"embeddable":true,"href":"https:\/\/servir.de\/index.php?rest_route=%2Fwp%2Fv2%2Fcomments&post=448"}],"version-history":[{"count":60,"href":"https:\/\/servir.de\/index.php?rest_route=\/wp\/v2\/pages\/448\/revisions"}],"predecessor-version":[{"id":3190,"href":"https:\/\/servir.de\/index.php?rest_route=\/wp\/v2\/pages\/448\/revisions\/3190"}],"up":[{"embeddable":true,"href":"https:\/\/servir.de\/index.php?rest_route=\/wp\/v2\/pages\/387"}],"wp:attachment":[{"href":"https:\/\/servir.de\/index.php?rest_route=%2Fwp%2Fv2%2Fmedia&parent=448"}],"curies":[{"name":"wp","href":"https:\/\/api.w.org\/{rel}","templated":true}]}}