{"id":431,"date":"2018-11-01T12:57:40","date_gmt":"2018-11-01T12:57:40","guid":{"rendered":"https:\/\/servir.de\/wordpress\/?page_id=431"},"modified":"2026-02-10T16:36:39","modified_gmt":"2026-02-10T16:36:39","slug":"kaffeeaktion","status":"publish","type":"page","link":"https:\/\/servir.de\/?page_id=431","title":{"rendered":"\u201eLenne-Kaffee\u201c"},"content":{"rendered":"\n<figure class=\"wp-block-image size-large\"><img loading=\"lazy\" decoding=\"async\" width=\"1024\" height=\"196\" src=\"https:\/\/servir.de\/wordpress\/wp-content\/uploads\/2022\/03\/grafik-1024x196.png\" alt=\"\" class=\"wp-image-2762\" srcset=\"https:\/\/servir.de\/wordpress\/wp-content\/uploads\/2022\/03\/grafik-1024x196.png 1024w, https:\/\/servir.de\/wordpress\/wp-content\/uploads\/2022\/03\/grafik-300x57.png 300w, https:\/\/servir.de\/wordpress\/wp-content\/uploads\/2022\/03\/grafik-768x147.png 768w, https:\/\/servir.de\/wordpress\/wp-content\/uploads\/2022\/03\/grafik-676x129.png 676w, https:\/\/servir.de\/wordpress\/wp-content\/uploads\/2022\/03\/grafik.png 1233w\" sizes=\"(max-width: 1024px) 100vw, 1024px\" \/><\/figure>\n\n\n\n<p>Die Idee f\u00fcr das Projekt \u201eLenne-Kaffee\u201c entstand im &#8220;Arbeitskreis Eine-Welt&#8221;, einer Initiative von Aktivisten aus verschiedenen Lennest\u00e4dter Eine-Welt-Gruppen, deren Ziel es ist, Bewusstsein f\u00fcr die Belange der \u00e4rmeren Teile dieser Welt zu schaffen und klar zu machen, dass unser Handeln hier vor Ort Einfluss haben kann auf das Schicksal der Menschen in der &#8220;Dritten Welt&#8221;. <\/p>\n\n\n\n<p>Im Mai 2006 verkauften erstmals Sch\u00fclerinnen und Sch\u00fcler den \u201eLenne-Kaffee\u201c. An der Aktion nahmen mehrere Schulen in Lennestadt teil, und so wechselten damals bereits \u00fcber 8000 T\u00fcten den Besitzer. Heute &#8211; nach vielen Jahren &#8211; laufen unsere flei\u00dfigen F\u00fcnft- und Sechstkl\u00e4ssler in der Adventszeit immer noch von T\u00fcr zu T\u00fcr und bieten \u201eLenne-Kaffee\u201c an. <\/p>\n\n\n<div class=\"wp-block-image is-resized\">\n<figure class=\"aligncenter\"><img loading=\"lazy\" decoding=\"async\" width=\"369\" height=\"673\" src=\"https:\/\/servir.de\/wordpress\/wp-content\/uploads\/2018\/11\/Kaffee1-1.jpg\" alt=\"\" class=\"wp-image-1410\" srcset=\"https:\/\/servir.de\/wordpress\/wp-content\/uploads\/2018\/11\/Kaffee1-1.jpg 369w, https:\/\/servir.de\/wordpress\/wp-content\/uploads\/2018\/11\/Kaffee1-1-164x300.jpg 164w\" sizes=\"(max-width: 369px) 100vw, 369px\" \/><\/figure><\/div>\n\n\n<p>Zun\u00e4chst verkauften wir den Kaffee TATICO, einen fair gehandelten Kaffee, der aus einem entwicklungspolitischen Projekt der Kaffeer\u00f6sterei Langen aus Medebach in Kooperation mit Kolping entstand, unter dem Namen \u201eLenne-Kaffee\u201c. Seit 2021 wird <a href=\"https:\/\/tatico.de\/\">TATICO<\/a> in der R\u00f6stwerkstatt des Kolping Berufsbildungswerks gGmbH in Brakel produziert, wo junge Menschen mit Behinderungen f\u00fcr den ersten Arbeitsmarkt qualifiziert werden. <\/p>\n\n\n\n<p>Wir beziehen den Kaffee allerdings weiterhin bei der <a href=\"https:\/\/www.langen-kaffee.de\/\">Kaffeer\u00f6sterei Langen<\/a> in Medebach.  Die Kaffeebohnen werden in Honduras von der<a href=\"https:\/\/www.langen-kaffee.de\/mehr-langen-kaffee\/unsere-produzenten\/cooperativa-puringla\/\"> Cooperativa Mixta de Caf\u00e9 Org\u00e1nico y Especials Puringla, Limitada<\/a>, produziert und vermarktet. Die Bohnen sind \u00f6kologisch angebaut, werden fair gehandelt und mit zahlreichen Zertifikaten ausgezeichnet, z.B. FairTrade oder UTZ.<\/p>\n\n\n\n<p>Mit dem Kauf dieses Kaffees unterst\u00fctzen wir unter anderem:<\/p>\n\n\n\n<ul>\n<li>den Aufbau nachhaltiger Strukturen vor Ort<\/li>\n\n\n\n<li>Respekt vor der Natur und dem Leben&nbsp;<\/li>\n\n\n\n<li>Chancengleichheit beim Handel zwischen den L\u00e4ndern des S\u00fcdens und des Nordens<\/li>\n\n\n\n<li>Kampf gegen Kinderarbeit<\/li>\n\n\n\n<li>Mitbestimmung auf Augenh\u00f6he<\/li>\n<\/ul>\n\n\n\n<p>Das Motto ist:  Wo fair drauf steht, muss auch fair drin sein!<\/p>\n\n\n\n<p>Der Kaffee kann nicht nur in der Adventzeit, sondern auch ganzj\u00e4hrig \u00fcber den Servir e.V. an Maria K\u00f6nigin und \u00fcber unsere Sch\u00fcler\/innen gekauft werden.<\/p>\n\n\n\n<p>Folgende Sorten werden angeboten:<\/p>\n\n\n\n<div class=\"wp-block-columns is-layout-flex wp-container-core-columns-is-layout-1 wp-block-columns-is-layout-flex\">\n<div class=\"wp-block-column is-layout-flow wp-block-column-is-layout-flow\" style=\"flex-basis:100%\">\n<figure class=\"wp-block-table is-style-stripes\"><table><tbody><tr><td>\n  Filterr\u00f6stung,\n  filterfein gemahlen\n  <\/td><td>\n  250\n  g\n  <\/td><td>5,90 \u20ac<\/td><td>\n  &nbsp;\n  <\/td><\/tr><tr><td>\n  Filterr\u00f6stung,\n  ganze Bohne\n  <\/td><td>\n  250\n  g\n  <\/td><td>5,90 \u20ac<\/td><td>\n  &nbsp;\n  <\/td><\/tr><tr><td>Espresso (ganze Bohnen)<\/td><td>   500   g   <\/td><td>12,50 \u20ac<\/td><td>\n  &nbsp;\n  <\/td><\/tr><tr><td>   Cafe Creme (ganze Bohnen)   <\/td><td>\n  500\n  g\n  <\/td><td>12,50 \u20ac<\/td><td>\n  &nbsp;\n  <\/td><\/tr><\/tbody><\/table><\/figure>\n<\/div>\n<\/div>\n\n\n\n<figure class=\"wp-block-gallery has-nested-images columns-default is-cropped wp-block-gallery-1 is-layout-flex wp-block-gallery-is-layout-flex\">\n<figure class=\"wp-block-image size-large\"><img loading=\"lazy\" decoding=\"async\" width=\"1024\" height=\"768\" data-id=\"1409\" src=\"https:\/\/servir.de\/wordpress\/wp-content\/uploads\/2018\/11\/Kaffeeaktion-2015-1024x768.jpg\" alt=\"\" class=\"wp-image-1409\" srcset=\"https:\/\/servir.de\/wordpress\/wp-content\/uploads\/2018\/11\/Kaffeeaktion-2015-1024x768.jpg 1024w, https:\/\/servir.de\/wordpress\/wp-content\/uploads\/2018\/11\/Kaffeeaktion-2015-300x225.jpg 300w, https:\/\/servir.de\/wordpress\/wp-content\/uploads\/2018\/11\/Kaffeeaktion-2015-768x576.jpg 768w, https:\/\/servir.de\/wordpress\/wp-content\/uploads\/2018\/11\/Kaffeeaktion-2015-676x507.jpg 676w\" sizes=\"(max-width: 1024px) 100vw, 1024px\" \/><figcaption class=\"wp-element-caption\"> Kaffepackungen in einer flei\u00dfigen Klasse <\/figcaption><\/figure>\n\n\n\n<figure class=\"wp-block-image size-large\"><img loading=\"lazy\" decoding=\"async\" width=\"1024\" height=\"850\" data-id=\"2188\" src=\"https:\/\/servir.de\/wordpress\/wp-content\/uploads\/2019\/03\/Kaffeer\u00f6sterei-1024x850.jpg\" alt=\"\" class=\"wp-image-2188\" srcset=\"https:\/\/servir.de\/wordpress\/wp-content\/uploads\/2019\/03\/Kaffeer\u00f6sterei-1024x850.jpg 1024w, https:\/\/servir.de\/wordpress\/wp-content\/uploads\/2019\/03\/Kaffeer\u00f6sterei-300x249.jpg 300w, https:\/\/servir.de\/wordpress\/wp-content\/uploads\/2019\/03\/Kaffeer\u00f6sterei-768x638.jpg 768w, https:\/\/servir.de\/wordpress\/wp-content\/uploads\/2019\/03\/Kaffeer\u00f6sterei-676x561.jpg 676w, https:\/\/servir.de\/wordpress\/wp-content\/uploads\/2019\/03\/Kaffeer\u00f6sterei.jpg 1101w\" sizes=\"(max-width: 1024px) 100vw, 1024px\" \/><figcaption class=\"wp-element-caption\"> <br>Kaffeer\u00f6sterei Langen in Medebach<\/figcaption><\/figure>\n<\/figure>\n\n\n\n<p>Anzahl verkaufter T\u00fcten bei den Weihnachtsaktionen:<\/p>\n\n\n\n<div class=\"wp-block-group\"><div class=\"wp-block-group__inner-container is-layout-flow wp-block-group-is-layout-flow\">\n<figure class=\"wp-block-table aligncenter is-style-stripes\"><table><tbody><tr><td><strong>Jahr&nbsp;  <\/strong>      <\/td><td class=\"has-text-align-left\" data-align=\"left\"><strong>Anzahl<\/strong>      <\/td><\/tr><tr><td>2006<\/td><td class=\"has-text-align-left\" data-align=\"left\">4.400     <\/td><\/tr><tr><td>2007<\/td><td class=\"has-text-align-left\" data-align=\"left\">1.700 <\/td><\/tr><tr><td>2008<\/td><td class=\"has-text-align-left\" data-align=\"left\">2.400 <\/td><\/tr><tr><td>2009<\/td><td class=\"has-text-align-left\" data-align=\"left\">3.300<\/td><\/tr><tr><td>2010<\/td><td class=\"has-text-align-left\" data-align=\"left\">3.400<\/td><\/tr><tr><td>2011<\/td><td class=\"has-text-align-left\" data-align=\"left\">3.740<\/td><\/tr><tr><td>2012<\/td><td class=\"has-text-align-left\" data-align=\"left\">3.540<\/td><\/tr><tr><td>2013<\/td><td class=\"has-text-align-left\" data-align=\"left\">2.550<\/td><\/tr><tr><td>2014<\/td><td class=\"has-text-align-left\" data-align=\"left\">2.560<\/td><\/tr><tr><td>2015<\/td><td class=\"has-text-align-left\" data-align=\"left\">2.400<\/td><\/tr><tr><td>2016<\/td><td class=\"has-text-align-left\" data-align=\"left\">3.043<\/td><\/tr><tr><td>2017<\/td><td class=\"has-text-align-left\" data-align=\"left\">3.391<\/td><\/tr><tr><td>2018<\/td><td class=\"has-text-align-left\" data-align=\"left\">3.023<\/td><\/tr><tr><td>2019<\/td><td class=\"has-text-align-left\" data-align=\"left\">2.598<\/td><\/tr><tr><td>2020 <\/td><td class=\"has-text-align-left\" data-align=\"left\">&#8211;<\/td><\/tr><tr><td>2021<\/td><td class=\"has-text-align-left\" data-align=\"left\">2.851<\/td><\/tr><tr><td>2022<\/td><td class=\"has-text-align-left\" data-align=\"left\">2.198<\/td><\/tr><tr><td>2023<\/td><td class=\"has-text-align-left\" data-align=\"left\">2.326<\/td><\/tr><tr><td>2024<\/td><td class=\"has-text-align-left\" data-align=\"left\">2.607<\/td><\/tr><tr><td>2025<\/td><td class=\"has-text-align-left\" data-align=\"left\">2.443<\/td><\/tr><\/tbody><\/table><\/figure>\n\n\n\n<p><\/p>\n<\/div><\/div>\n\n\n\n<p>Insgesamt 51.863 Kaffeepackungen!<\/p>\n","protected":false},"excerpt":{"rendered":"<p>Die Idee f\u00fcr das Projekt \u201eLenne-Kaffee\u201c entstand im &#8220;Arbeitskreis Eine-Welt&#8221;, einer Initiative von Aktivisten aus verschiedenen Lennest\u00e4dter Eine-Welt-Gruppen, deren Ziel es ist, Bewusstsein f\u00fcr die Belange der \u00e4rmeren Teile dieser Welt zu schaffen und klar zu machen, dass unser Handeln hier vor Ort Einfluss haben kann auf das Schicksal der Menschen in der &#8220;Dritten Welt&#8221;. [&hellip;]<\/p>\n","protected":false},"author":3,"featured_media":0,"parent":387,"menu_order":0,"comment_status":"closed","ping_status":"closed","template":"template-fullwidth.php","meta":{"ngg_post_thumbnail":0,"footnotes":""},"_links":{"self":[{"href":"https:\/\/servir.de\/index.php?rest_route=\/wp\/v2\/pages\/431"}],"collection":[{"href":"https:\/\/servir.de\/index.php?rest_route=\/wp\/v2\/pages"}],"about":[{"href":"https:\/\/servir.de\/index.php?rest_route=\/wp\/v2\/types\/page"}],"author":[{"embeddable":true,"href":"https:\/\/servir.de\/index.php?rest_route=\/wp\/v2\/users\/3"}],"replies":[{"embeddable":true,"href":"https:\/\/servir.de\/index.php?rest_route=%2Fwp%2Fv2%2Fcomments&post=431"}],"version-history":[{"count":35,"href":"https:\/\/servir.de\/index.php?rest_route=\/wp\/v2\/pages\/431\/revisions"}],"predecessor-version":[{"id":3253,"href":"https:\/\/servir.de\/index.php?rest_route=\/wp\/v2\/pages\/431\/revisions\/3253"}],"up":[{"embeddable":true,"href":"https:\/\/servir.de\/index.php?rest_route=\/wp\/v2\/pages\/387"}],"wp:attachment":[{"href":"https:\/\/servir.de\/index.php?rest_route=%2Fwp%2Fv2%2Fmedia&parent=431"}],"curies":[{"name":"wp","href":"https:\/\/api.w.org\/{rel}","templated":true}]}}