{"id":410,"date":"2018-10-28T17:23:17","date_gmt":"2018-10-28T17:23:17","guid":{"rendered":"https:\/\/servir.de\/wordpress\/?page_id=410"},"modified":"2020-06-09T08:54:19","modified_gmt":"2020-06-09T08:54:19","slug":"spenden","status":"publish","type":"page","link":"https:\/\/servir.de\/?page_id=410","title":{"rendered":"Spenden"},"content":{"rendered":"\n<p>Nat\u00fcrlich h\u00e4ngt der Erfolg unser Arbeit auch von finanzieller Unterst\u00fctzung ab. Sie k\u00f6nnen uns durch eine einmalige Spende oder als regelm\u00e4\u00dfiger F\u00f6rderer unterst\u00fctzen. <\/p>\n\n\n\n<p>F\u00fcr Spenden ab 25 Euro erhalten Sie auf Wunsch eine Spendenquittung, die Sie beim Finanzamt vorlegen k\u00f6nnen.<\/p>\n\n\n\n<p><strong>Bankverbindung:<\/strong><br>Servir e.V.<br>IBAN: DE30 4625 1630 0040 5319 98<br>BIC: WELADED1ALK<br>Sparkasse Attendorn-Lennestadt-Kirchhundem<br><\/p>\n\n\n\n<p><\/p>\n\n\n\n<h3 class=\"wp-block-heading\">Kein Geld? Spenden Sie Alu!<br><\/h3>\n\n\n\n<p>Wir sammeln Haushalts-Aluminium, verkaufen es zum Recycling und lassen den Erl\u00f6s in unsere Projekte flie\u00dfen. <\/p>\n\n\n\n<p>Wenn Sie uns bei dieser Arbeit unterst\u00fctzen wollen, informieren Sie sich <a href=\"https:\/\/servir.de\/wordpress\/wp-content\/uploads\/2018\/11\/20180214sk.png\">hier<\/a>, was man beim Sammeln von Aluminium beachten sollte!<\/p>\n\n\n\n<p>An jedem 1. Samstag im Monat von 10 bis 12 Uhr k\u00f6nnen Sie Ihr Aluminium in der ALU-Scheune beim Gymnasium Maria K\u00f6nigin in Lennestadt abgeben.<\/p>\n","protected":false},"excerpt":{"rendered":"<p>Nat\u00fcrlich h\u00e4ngt der Erfolg unser Arbeit auch von finanzieller Unterst\u00fctzung ab. Sie k\u00f6nnen uns durch eine einmalige Spende oder als regelm\u00e4\u00dfiger F\u00f6rderer unterst\u00fctzen. F\u00fcr Spenden ab 25 Euro erhalten Sie auf Wunsch eine Spendenquittung, die Sie beim Finanzamt vorlegen k\u00f6nnen. Bankverbindung:Servir e.V.IBAN: DE30 4625 1630 0040 5319 98BIC: WELADED1ALKSparkasse Attendorn-Lennestadt-Kirchhundem Kein Geld? Spenden Sie Alu! [&hellip;]<\/p>\n","protected":false},"author":3,"featured_media":0,"parent":38,"menu_order":0,"comment_status":"closed","ping_status":"closed","template":"template-fullwidth.php","meta":{"ngg_post_thumbnail":0,"footnotes":""},"_links":{"self":[{"href":"https:\/\/servir.de\/index.php?rest_route=\/wp\/v2\/pages\/410"}],"collection":[{"href":"https:\/\/servir.de\/index.php?rest_route=\/wp\/v2\/pages"}],"about":[{"href":"https:\/\/servir.de\/index.php?rest_route=\/wp\/v2\/types\/page"}],"author":[{"embeddable":true,"href":"https:\/\/servir.de\/index.php?rest_route=\/wp\/v2\/users\/3"}],"replies":[{"embeddable":true,"href":"https:\/\/servir.de\/index.php?rest_route=%2Fwp%2Fv2%2Fcomments&post=410"}],"version-history":[{"count":9,"href":"https:\/\/servir.de\/index.php?rest_route=\/wp\/v2\/pages\/410\/revisions"}],"predecessor-version":[{"id":2482,"href":"https:\/\/servir.de\/index.php?rest_route=\/wp\/v2\/pages\/410\/revisions\/2482"}],"up":[{"embeddable":true,"href":"https:\/\/servir.de\/index.php?rest_route=\/wp\/v2\/pages\/38"}],"wp:attachment":[{"href":"https:\/\/servir.de\/index.php?rest_route=%2Fwp%2Fv2%2Fmedia&parent=410"}],"curies":[{"name":"wp","href":"https:\/\/api.w.org\/{rel}","templated":true}]}}