{"id":387,"date":"2018-10-28T17:00:25","date_gmt":"2018-10-28T17:00:25","guid":{"rendered":"https:\/\/servir.de\/wordpress\/?page_id=387"},"modified":"2019-05-20T15:45:29","modified_gmt":"2019-05-20T15:45:29","slug":"deutschland","status":"publish","type":"page","link":"https:\/\/servir.de\/?page_id=387","title":{"rendered":"Maria K\u00f6nigin"},"content":{"rendered":"\n<p>Das Projekt Servir ist im Dezember 1985 am Gymnasium Maria\nK\u00f6nigin in Lennestadt gegr\u00fcndet worden. Bis heute sind die Mitglieder des\nVereins daher vor allem Sch\u00fclerinnen und Sch\u00fcler, Eltern, Lehrer und ehemalige\nSch\u00fclerinnen und Sch\u00fcler des Gymnasiums Maria K\u00f6nigin. <\/p>\n\n\n\n<p>Zahlreiche Projekte und Aktionen finden schon seit vielen Jahren im Rahmen der Schule zugunsten des Projektes statt. Der Eine-Welt-Gedanke und die F\u00f6rderung des Projektes Servir sind fest im Schulprogramm des Gymnasiums verankert.&nbsp;<\/p>\n\n\n\n<p>Klicken Sie sich doch einfach mal durch die unterschiedlichen Aktionen, die es am Gymnasium Maria K\u00f6nigin zur Unterst\u00fctzung von Servir gibt.  Weitere Informationen zum Gymnasium finden Sie <a href=\"http:\/\/www.maria-koenigin.de\/\" target=\"_blank\" rel=\"noreferrer noopener\" aria-label=\"hie (\u00f6ffnet in neuem Tab)\">hie<\/a><a href=\"http:\/\/www.maria-koenigin.de\/\">r<\/a>. <\/p>\n\n\n\n<p>  <\/p>\n\n\n\n<div class=\"wp-block-columns has-4-columns is-layout-flex wp-container-core-columns-is-layout-1 wp-block-columns-is-layout-flex\">\n<div class=\"wp-block-column is-layout-flow wp-block-column-is-layout-flow\">\n<div class=\"wp-block-cover has-background-dim is-layout-flow wp-block-cover-is-layout-flow\" style=\"background-image:url(https:\/\/servir.de\/wordpress\/wp-content\/uploads\/2018\/10\/2.jpg)\"><p class=\"wp-block-cover-text\"><a href=\"https:\/\/servir.de\/wordpress\/?page_id=457\">Aktionen<\/a><\/p><\/div>\n<\/div>\n\n\n\n<div class=\"wp-block-column is-layout-flow wp-block-column-is-layout-flow\">\n<div class=\"wp-block-cover has-background-dim is-layout-flow wp-block-cover-is-layout-flow\" style=\"background-image:url(https:\/\/servir.de\/wordpress\/wp-content\/uploads\/2018\/10\/mk-e1540936043691.jpg)\"><p class=\"wp-block-cover-text\"><a href=\"https:\/\/servir.de\/wordpress\/?page_id=448\">A.L.U.<\/a><\/p><\/div>\n<\/div>\n\n\n\n<div class=\"wp-block-column is-layout-flow wp-block-column-is-layout-flow\">\n<div class=\"wp-block-cover has-background-dim is-layout-flow wp-block-cover-is-layout-flow\" style=\"background-image:url(https:\/\/servir.de\/wordpress\/wp-content\/uploads\/2018\/10\/obst.jpg)\"><p class=\"wp-block-cover-text\"><a href=\"https:\/\/servir.de\/wordpress\/?page_id=450\">Obstwiese<\/a><\/p><\/div>\n<\/div>\n\n\n\n<div class=\"wp-block-column is-layout-flow wp-block-column-is-layout-flow\">\n<div class=\"wp-block-cover has-background-dim is-layout-flow wp-block-cover-is-layout-flow\" style=\"background-image:url(https:\/\/servir.de\/images\/home\/kaffee.gif)\"><p class=\"wp-block-cover-text\"><a href=\"https:\/\/servir.de\/wordpress\/?page_id=431\">Kaffee- Verkauf<\/a><\/p><\/div>\n<\/div>\n<\/div>\n\n\n\n<div class=\"wp-block-columns has-4-columns is-layout-flex wp-container-core-columns-is-layout-2 wp-block-columns-is-layout-flex\">\n<div class=\"wp-block-column is-layout-flow wp-block-column-is-layout-flow\">\n<div class=\"wp-block-cover has-background-dim is-layout-flow wp-block-cover-is-layout-flow\" style=\"background-image:url(https:\/\/servir.de\/wordpress\/wp-content\/uploads\/2018\/09\/P7193301.jpg)\"><p class=\"wp-block-cover-text\"><a href=\"https:\/\/servir.de\/wordpress\/?page_id=461\">AGs<\/a><\/p><\/div>\n<\/div>\n\n\n\n<div class=\"wp-block-column is-layout-flow wp-block-column-is-layout-flow\">\n<div class=\"wp-block-cover has-background-dim is-layout-flow wp-block-cover-is-layout-flow\" style=\"background-image:url(http:\/\/www.sekundarschule-eichholz.de\/images\/aktuelles\/JOSY_Produkte.jpg)\"><p class=\"wp-block-cover-text\"><a href=\"https:\/\/servir.de\/wordpress\/?page_id=455\">JOSY<\/a><\/p><\/div>\n<\/div>\n\n\n\n<div class=\"wp-block-column is-layout-flow wp-block-column-is-layout-flow\">\n<div class=\"wp-block-cover has-background-dim is-layout-flow wp-block-cover-is-layout-flow\" style=\"background-image:url(https:\/\/servir.de\/wordpress\/wp-content\/uploads\/2018\/09\/P7193299.jpg)\"><p class=\"wp-block-cover-text\"><a href=\"https:\/\/servir.de\/wordpress\/?page_id=459\">Abend f\u00fcr Servir<\/a><\/p><\/div>\n<\/div>\n\n\n\n<div class=\"wp-block-column is-layout-flow wp-block-column-is-layout-flow\">\n<div class=\"wp-block-cover has-background-dim is-layout-flow wp-block-cover-is-layout-flow\" style=\"background-image:url(data:image\/jpeg;base64,\/9j\/4AAQSkZJRgABAQAAAQABAAD\/2wCEAAkGBxITEhUTEhMVFhUXFxcXFxcYGBgYFxcVGBgXGBcXGBUYHSggGBolGxcXITEiJSktLi4uFx8zODMsNygtLisBCgoKDg0OGhAQGy0lHyUvLS0tLS8tLS0tKystLS0tLS0tLS0tLS0tLS0tLS0tLy0tLS0tLS0tLS0tLS0tLS0tLf\/AABEIASwAqAMBIgACEQEDEQH\/xAAcAAABBQEBAQAAAAAAAAAAAAAEAgMFBgcAAQj\/xABFEAACAQIEAwUEBwUGBgIDAAABAhEAAwQSITEFQVEGEyJhcTKBkaEHI0JSscHRFGJygvAzkrLC4fEVJENzotIWY1N0s\/\/EABoBAAMBAQEBAAAAAAAAAAAAAAIDBAEABQb\/xAAsEQACAgEDAgQFBQEAAAAAAAAAAQIRAxIhMQQiBRNBYTJRcYGRFBWhwfAj\/9oADAMBAAIRAxEAPwCfs7QaYe2Z0BPLb4Gpju6dVf6\/r+taRrH6QFQTB6gT67GfUiffThXyo0LSwKzWcokZhLJCmQdh+IqaW54VEbKB8gKSoHUfEUpQPvD4igbDoTFKC0sZfvL8RSsyffT4r+tdZlCAlKC04HT76f3lpQuJ99P7y\/rW2dpGwtOBKWLiffT4r+tK7xPvL8RXWdQkJSgleG8n31\/vCmL\/ABG2v21\/vL+taY6QTloXGYtUEk1EY7tCo2dSeQBBJ9wquXL17EOBlLDoJ+ZFEl8zKsksRxO9iGKWBI5t9kepovBcAtoQ9094\/U7D0FWmxg7aKFQBQOlD4nABhoaNT9Bck1wRGJxgG1QPE+MogJZgB60Tx\/gt5VLI+g6mKzKz2ax2NvMUR2QNAdjCCByJ39009aUrEpNvckOK9sZkWRPnyrqmeC\/R0BJvtMBTlXQSSNzud66heULSl6Gn4vs4QjG22ZgJCmQCRymdKznFcWvBiJK67RqPI+dbVVB7e9ndTiLY39sDk33v5tvWOtDGMU+AnOVFKfFXG3dj7zTGGZ1v2iv2rltGkSCjOoYa+VOW6Uqw6N0dD8GBpsorSwIyepF8bAW8hYLHhzbnpNENw+2Bov2l5nbMJ59JpUTaj9yP\/GKIuN4SfIn4Ca80vGWwKCIHPXU9D59YpxsCgK6bmNz91j+VPXjoP4l\/xAUt90\/iP+B62jRr9iTMNOR5nkV8\/OlJhEzkRplU7nmXn8B8Kf8AtD0b8Vr1B42\/hX8XrgWN2sIktpz6n7qn86VZwaGZHNuvJjT1keJvX\/KtO4Zd\/wCJv8RrQWwEYJO7mNcoPypGL4PaMSo1MfI1IW1+p\/kH4U\/et6r\/ABf5WrhbkrKfj+wtg3EdCUIDMROjAFdPnUhwIKcqpbC5hcO8623yannO9WG4niX+B\/xt1Ddnbeto\/uXz8b9MVvkHVsHIhJywJE\/IkflVa7Qceu2byWFtDNc0VifCIVm1G\/L51cbC+In1\/wAbVSu2CZuI4Qf9z5IP\/ajUAXIKfgPeAG+7XGkaTlTfWFH50beRrYIViAAT8CoHyPyqZFvRPX\/K1B463ofd8\/8AagtmqiMw1g6mftKvrqprqOwabebr8h\/pXtHDg6VWTPdN99vgn\/rSbuHzKVLMQRBEJqDuPZqI\/wDkn\/1N8R+lKHaA\/wD4T\/e\/0pmpA0Z\/2s4I2HvGJyNqp\/rn\/XMVD3EbKYPKYjUx0rReP45b9vu3sP1DDXL11j86rVjgpBB+s0I0yr\/70ayLhgaX6D1ntrggINx9GYf2dzkxHSuXttg+7y5nnLH9m28RVG7QWMuIuKRHi\/EBh8moBVrzZy0yaR9J0\/Q48mKM3e6\/3oadd7cYMjQ3N1P9meTA\/lS27c4QlY73Qz7HkR186zILTqLQeYx\/7dh9\/wDfY0z\/AOdYSQfrdj9jrHn5V6vbrC5pi7EAewORP73nWbqlP27dZ5rO\/bcPv+TR7XbnCgk5bupn2R0A+95U5h+3OGBPhu7sfZHNiRz86zy3aoi1arPOkA\/DcHv+S+p2zsd3kyXJyxsN4jrRTdsbJIhLmhnYdCOvnVGsWqOs2qzz5CZeH4Pf8lpxfbSwkOUuQFYbCZJWOfkaE4N2osqElX8Nq7MAHVbqhhv5iqj2jtnuiBvoPnSMHKWiztMWLk8hJZGZvf08qdHLNiH0WJJ8mk4LtJaYMQrxE7Dm7xz8qpGI7S2sVxi0tpX+pS7mzACSRbGlHcKP1LNGhRCPMNnYf4qpfYNc3GLx6K3+O2PyqqEm1uRZ8EIJuJsX\/FdB9W+np6fnQl\/iubTu2Gq7xyJn8aMC6UC+49aknOdWiWMlfA5gsVDW1KkSxPu2\/Oup3h+GNy8bh9lDlH8un4yffXtV4r07mN2KtcKQ7XPlB+E0QvCAPtfL\/Wo+9jlQEsYA3kAREk7ehotcRGViCAxyj7UtBMACSdAeXKtUovg2mEDhg6\/L\/WvLuFyxlXP5SF\/Heuv8URCqsCC2QDwuRLkKoJiFJJAhiNxTV7jKqxUo0jcQv\/tQ5Jwgrk6OSb4Mm+kW0Vx1yVy5lttEg\/YVdx\/DVbWrN9I2MW7iw6xHdINwdQz9CeRFVlainJSdrg+r6C\/08bHVp1BTa08lLKx0Cn7YplKIt0JjCLQoq0KGtiirVYLkF2Vo6yKDs0ZaooxsRIB44PCB5j8ae7P2lcAMAQbKEg\/vKv6UNxpvZH7w\/Giey2w\/\/Xw34XAf8NUxjVE74\/3sTWMAS0Qugjb0ECqB9F3i4riT0tt\/\/QfpV14zdi23pVM+iATjMU\/8I+d0\/pVMfhZ5vWKoGwMdKjMU\/iUeZqQd9KjbjeNfKTUk\/hPNhyT3Bf7IHqWPxJNdS+FrFm2P3RXVc9jjOO1naC3la0GGVrGdo1ebqsihWV4EMuo\/eEHWrHgu0tsYVWA725bVHW0hBvXVZIVhb0KyW10gQdTWW9sOHC7xC+1h9WtJfuFIIAyhUVGGmd8sn49QW\/o+a5dxT32ulGAQZj4gQUy21JJB0y2+sxEGaWouD2HbSRpHCu0iXrFw\/tGdlYSjhVuC5bKu2UgDvAsKDA0iZO5H4zxwmx+0IukECSAJtsc53mII0nYaCZrP+zXGxYxNtnEhfA8ARJY5ttwFgecHbStQ7MrZt4WRkeyGRlc6QjSZM7kSZHm1ZLHKValwC5Rj9zPO1V3N3BOUHu4hTPhAUqSDqvtERP2TUIpqz\/SQztiy8HucqCyY8JUqCcvlmDf0RVXWpcsdMqPpfDZXgX3H1NPpQy0+hpLPQoJSn1NDW2p9WrDGF2zRNqgrT9NqMtGiURMg6yaOttQNg0SrxM7U+MREiN46\/s+oPwqQ7PCCw6WrK\/3WvCqxxfjVm4\/d23zMJAA1BMHQGrRwc63COoHu8R\/zU6UWmieM4y2TPe0VyLTelVn6FxN7Fn\/tfPvam+09yLTelRf0JppiW6uB\/dVT\/npq+Bnn+IbQNSfaoy8fEfJGqQuHSo1tWPoB8SKnaul7nlRZbMMsIo8h+FdSuQr2nz5Ns+ZuC4K53lw5pBRTc1mCtz6seeqAnoOY0nR+HcLs2EcIpjxnzBMxHppHpUTi8MuVLa21XKrIWVQGuZiDLwPEf1NVPinEWwd05bt0qwV0XvHAUMJjKGgRJXblOlVTrn5nQcnsN8QUDEuSQAWmNtDy122iPKr9wjtGlzC4jBooa6LJ7tQrBMwlkXOwA1XIAR0FZRxTtF3rlgMrH2miWY+pnz9aj7faDEL7N1wIgjMYI6ETB9axu4pVwE027svPGMJf7uxduq0hmtsAWZEBV7kBjodWAJHhmBJMmg1apj6P+0VnFhsLi2FolYDFoVx0ltA89d6gWaCRMwYnr5152ZuUuKrY+h8Kn2Si3e9\/kKV6eR6CW5TqvU7R7K3DUeori7XWuLbmEYbjbnM+4TRgY8t+U7a1Icb4FcXC27+YMjEW2ZfsMWPtDoQd\/I9RTMSrc83xOdRUL5CuzODTuXVerQerLlgD1zQfSi7FyoPs7de23dqQwOe4TOiEKAJ5CXZfh5VPY5FFxu7KsoInKwYKW1AMHQEbTR6Xdk3QZVvjb+gXZuUD2oDthLwt+1l5dARmj3TSrL0Tb8XhAJnSBuZ5CmR5LcsLi0Y\/ggUZHYEKT4WGmojUHqJFav2O7QWr4a2oZbgBZgRoeRII8506V2I+i3FXrZ1tpoSikyWO4nLos6a670H2P7L4jDcRODusguCz3inXK6FSDBiYksNfunymqS1R4PncWRYsqp7Eh2tu\/VN6H8KT9Cy\/UXm\/+5x\/4Wf0ru3+DuWUZbggkEgjUEbaGifodtRg3PW85\/Bf8lDXYxviMk4povt1tKAs6ufVB8wfyom+2lCcPM3R\/wBwfIGkR+KP1PLTLfcNdSL51ryim92BKW5jScYJX6y1ZUAr4hJMMNBOac3rvOg5VmHa7iAvYhyogA5R7tyfOSaLwXFXtBY2Y5s0SVbYMP3t950JHM1AY3+0b+I\/jTMd+pbKKXA0opJpQpwWpptg0Iw98owbfy6irLhA4cQZSAYOuh5+W9B8A7PPiHIGwjMY0A\/qaunGeF4fBkopLObSMDyBJuCAvL7R94pM5xe3qPw48mpOJAm5rTlu5QRejMJg7zo1xLbMiyWYRAA1PmYGpiYg9KncT6KOauWEBxGu3Odoq04zF2m4Y9qxbC3LrWGgfdXJlMtGp0P81VC5h3a23haCpEweYitAwuIRcML9tQG7gZXMyB3cCQdMwEa+VFhx6iLxPInpRly3Gzd0Jj7Ucz+98TpWhdjrAueFl1YFCx0lt5J67tNQmFZe8YoAHJgCNC2s7eh3jWtP7HOmMwzJdthCBA2kNEF\/WnSuLo8tw091lLuCD5a+WxIMg7GQQRyqX7O2CxZ9fANxyOmoPXb40X2m4AbRLwMhLQw28RkEnqZ18\/WoG2t9Qcjm1DasSQPCdRHPbaOVZBaZWz1smdZuldNXRsPDSSgJjUcuonb+uVFd2JzQJiJ5xvE9Kz49uxmCWR3hXQ8i2mpA2LeXwmrtwfiSYi0LiGZ3HRhuCDsZp2pN7Hz2lrkA7Y9n1xuFuWTAeCbbH7LxpP7p2PlVC+jKw1vB5HBVg9wMp3DrevKQfMER7qvnazHNbt2wpYM9zKCOUI7ankPDE9SOtAWyLqC8q5WOlwR9oT4vfrrQzfa0Dk1OHsN4l9KY4EZur\/Gx+ED867FyBXdltbq\/zH4kfpScSua+4iy0X38RrqFu3PEfU\/jXUMluA+T5bwXCbjoW2A1np5mNhSeM8Ge2V8SuWUMQpmJ2BOxMQffUvgOLvhirpp4hqRmA5+xIzbbSKVxPirYy895ozNGgEBQAAAF5CBRaprufB7LhB9q5IvgHCs9wB1k6wp5nlRZ4IxdZ8IJ8Y2jXUUZg7RBzbEbHp51JWELeZpcskrtFEMUdNMt3ZvgzJlyWibZBk\/Z5e0etRvaLhS422mJw+UXcqArnEXFIOVQdg4iNYB5nQVJYXjFzDYYAGbkhwkT4QCQT0OYqRPr6xfY7APczXSwV1JD28vgDn7QHLxI5946mshjqGpipZXHJ2kXgew2JfW4UtLzJOdgYBjKukyY9oag9Km24Z+z2ks2mN65cZUBZQiohYtcaWJAJHhjU\/Kp\/9jYjKLh57R7z8z8aleFcMsMP+YtAsplWUqATI1g6qdBWKaltExdU573a9jO+N4d7SH6lgsBS0DIuYbEjbmPUVDf8CxJsLcVx3bKHAzsDB19nafQ1tGMs2AJXDO7CAPrBmiROpb378qofa+7hcIUsO923bxCTlyFxZCEDwsD4l\/dEkaTVWG47LcyWdSW6r+yot31tzeVR4YbrOYyNB5gmeVTXCO3XcoUK3RccamBCzzXmxP8ArUPZvgi3DKyQQrEamCywMwkCR8zQfCjabFXe+nLlhZ9kZeZPIwmkdTVrhjk0mhOWbjuuGX3Ddr3xFt7QdlREnMVGoOhXxAjX0P5iqcT4rcuNcBaSxJ9wg6dNhUjwrhyi3bu2vZvASpPUElfcQfPTeoDiFhlb2CpB2GunUeVS9RHQ0o8GY5KSsO4Bi3zhg3i0iROYdD\/rWzdkMarSfZLRm5SdgWB57Cfx0rIezdg5wVhgCCQR8xPMVfuP45bOBvMrAXWt5NOYZlU+ebLm+A6VNCVSNnG0J7Tdt0uXlt2mQ2lJDMNXMwARyUE\/KqtwHto9y6veXWUMoUg7I\/Ufun9aplvCN7SNBP8AvrR2D4Ndu3SyZVYmdTprv86o85UD5DNs4dZ8Oa4SVaBmGoBPP02ongaWlxDIGXvE0ZZhhzBy9CCCD51VODcSvYQW7OJICPoDGZSPJuW43qtdrMcxxjnZreVAykgnKNDI2OvyinYIRyytbEuaDga29kzuPwrqy3A9uryALdi6v7xhwPJx+c11ZLpZJ1yS02ZliCGM8vsjy6nz\/rlU3wThS3CvJogGfh6Gq6761JcGxuVhqRz08ta6KXDLnfKL3wrguZsl7wiNXjluZA+1A0I0PkdKrnEONWrDlrQLJm8GbUsBEk7eXPmKvfZ3iC3UnUGSQD5cgar\/ANI3ALZsvetrlI8ZCiBIEkgDQSM0+48q59LCPHDO\/VZJbNkJwjtUe+zG3mLElmZspkmToAR\/XKpLsA3dvirbKVXwMigsIV8xiQRI0Ee\/rWdWsbkG2omtQ7CYVmvYjNJi1h+nPvY3O2lK6jFGOJ6eWHgm3PuLLYSyhzpbIbrmY7jzNE2uLrmysSkgwxBjNGgJ5a86i8dxuxaPdgjMCBrO5MEADeOZ2FIbid86oyjp4FYVJ0\/Q5JLVGqLYY409C\/otvZi5mtZbzA3QSSWKsInw5WUlYiOc70L217K2cVZ\/5hgndh7iFWHeABSWyqZzAgCRGsCofsxexD4jxWbDAf8AUVMjp55vtT5Cr0qFt4nzkn8afGLwPSyfLFuTPm3hK3Rcs22JAkMAwE5JJMdAYbnSuKt3buIknNHowZD8pq0duOEfsvFLAX2HtXMukAKO9bKP4ZA9wqv8RLd4zrDEQoBCtruSVImIaNOp2q6059vFE\/d5fdzZKdhuPIpW1egCW7tjsrFHGQ9AzFdeu9G42w1m1aa9mzEDMV9pNBCvO7b7bRzpPZXgn1pd7YXuyr5GAYrcYLlg7iG1g\/c661MYi0LmbOJB\/rShzU46TcOzsAfj6i0tpEYXCQZKhNI113bkZ86tvD+DYe4ll8VcJElmXk+gBBjZQWAgcpqk3OFFD4CGI2zaaetSGEwd+4w724AgABCmfCPsjpufiajeJ+iLozio7Mr3FWWzea2ASoYqCNoBIB+Xzol8Tcs5GVZz6jz1jf50X2twyi9mUeFlUjoCAFI+Xzp\/\/iK3bFpMoi2YJ3Jnb86VNaXuMx7o0K5ZGIwA722uZVDLlObYax5kaR1oHiHZe1ik7wju7hWcyiNYBAZdiY350VhMYLWDnMq+NVUkgA6ZtJ9KjsTxLERnshbp9orbbvD4hsUUz\/qKs6ZqK1v5Hl9a38EebM14\/gmsYg2GYNEEkcwRIkctCPjXtA9rsWxvd8dHuh83kUbIAP5ctdVDEpOtyukkmjcFofXeo+yDv51J4AeIDzpBQi+8JvFbBcbqV\/xLPyM1LJdF6zcB2JK68wRDD8D\/ADVA8JeLF7N9kkn0CF\/8opHB+JEBUjSSp13YkAnX94fADrVnMaJq3szFwZg6HQGesazW2dibyW2xFy4wVSLSgnnlN0kD+8PjWQYLDtdvKo1JK\/lP4GtO4XYdrVwBdAUYRvJzgj5D41F1G2NlOHeaRbO0mG4URhzirJcX0z94AQiGEIFx0HhJz6E6eEyRRPB+wfBn8Vq2TAmCxdCNPEC2jLqOfXpVOvdssWluzYt2MUj2F7uVXNauqAsFgVBBAUbHmd5onCduOJKmW1gXdy05rjA6mBCWlVY9CSZNZHGvRqvqgpN1vdmvYPheHtKBbtqiiIAEDXyGlDYphbuRyIzD02PwP4iq9wLH8QaP2w4e2xUNktpcuOsgZQzd5CvmkZQDtvrRj8NS+yrcxjZ8ubu0Fq20NpJUgsRI01jTnFdKEaaTVgxlJO2U76TeL4W4EQq\/f2XJtvAAh1K3Fk6wRB9VFZnj7FxWzsInIyxGYB1DLqNdiPSa3bGfR5YcH6y7PU5W\/IVn3ansPcwFwXc4uWWPg8IDrcA8KmNSNyD+7B6lnTT8u3P5bBzam4qHzHuzWJJtZWbNeD5rv3gZBUHqABE9c1D8QxMMbatlOsnTQxoDOwPXlp1p3\/hdvBYNsZcBOIPhsLJE3X9mRIkAAuR0U1GYFi1hrxOa4LWrEZpcRuABJJKGN4YUUbmtTMlpi6iPvbuAkhp0XSTpAEgToSY3PU0Vw7FlgAwh9dNtAYzRyFQ+GU94Z0EDwzOwt5YHIKQf7xqvdo+LubrophRAMfaI6n1kUyFLkzctnEuLWDmtE948EjLqEbTUtt7hO9B8Mxotz4c07TyqrcJvqhIfTMBr57\/OaljfUD2lj1FR9Xcp7IrwSqPJpfCcRhb2FNvFLmUMGBBhkIBGZT18R9ZNRTvjLGHZeFXBlLF7odV\/aShyhWQezGSOU+LrVExHHoQpa3Ohb9KD4Zxu7ZuW7iuZQkCdipAUqeoIHyHSndP08XH\/AKr6E+fTKVxGe0JIvshJhYIHQsqk6dZj4V1aMuBw\/FbLC4FTEqCEvAAMSB4Vu\/eUn\/SK6q54ZRlRMZNb5VK4CQwPmKirc6aVNcJBzCVO\/SpIq2MfBY+Iu1q1cC73Wtqvr4iT5eEVE4G5quX2VdBroAqmZPqTPWpTiuY2bSmV8R8R28KmN9ftb0H2ZwK3MTbVzmtoQW1CoW5CeYnTmTMDrVMtpUKS2IfAWDbxrq4IYNcgEQTOaCAeRB0PnWm9iSW76d\/B\/n1qsdou017DYq9buXC2VgRKhlh1VwAGB08Ue6n7Pb62cPcOGt2LOJgaMCA4XN7FtRBua6DYz7qlzd0HGh0IVJSs0q4iKoZgNSRqY1EaD3EVF3eLWUcfV2zGVlbQ6ydiZ1BXl5U1gOMLjcIVt\/23di7kg+0NLqTE9RproKhTwq87ITZLQSIIbKBqZPeQdyf6iER1KKUY\/wADaTb1P+TRUweEuhHfvEN1TorsoJOh1Xnrp66U5g+xdi01wpcvBHynL3r+BlJIKuTIHifTbxmg+BYTMlu1cQJ3bW2txGhSDOm0jMvoatHE7DOhVeYOnWnShXPJPHK+Ex21fSPbBHWR+Iqkcexa4rFKAQ1qxMRqHuneOoAAHuNRXaIYuFwltouMr3AreEOikLCsRq0EggcomAaT2N4LibjF1Pd20XdhJa9OwA2yiJPUx1hUJtumijy0ouSZVfpiwOKXEWC5X9nKstoKSctwBTc7wECHJiInwppzkDskZw+IXKAujETJkwBJGpExqf8AbRvpC4Yb\/CbxbW5aAvg8w1uRcPl9WW+VUX6Osri8NAGskAH2vC4hjzgSPj5VZj4ZNYPj74s2S\/2oaOcwQF16Sw+NUC2JMnXb3mrr9JRW2lq2p1bUjlA1\/Er8KrPDGT9nxEgZ1Fsg84NxQQPfFddDUAufx\/IfpSDXM1eTW2cLZqQx2rqbLa1rZxeOyeNNu33oOqXAGnUFLgCmfTID8a6gOy9wd2yH7d1B\/wCL\/rXV6mLugmC0vUj8Fh1bLI5Crn2f4BmI8RUf11ql4a5ABHQVeuyvGBAB0r5SUpJ8s9SEYuPCsgeIY5u+uWnti5aS46J4ocANlmToScvlUXZvAXhkYoQwOUjI2h66iffWlcY7OWsSDdsZVumSR9lz5\/dbz+PWs7\/4fe79kKHMGhhcWAo8ydx6eUV6eKetI8zLBwYz2yvZ2ZnKlmVCsLqq7AAj7ICxE8qruDQllUbkgDXmT15VZO1GEHdyILLlUmZkiCY\/v7UxwXheHYW+9JOcrmOojNHhH4bamtnbkxUGki09lsZawSBnxFourg5Q49lgQyjWW67Udje3ekLM7Hf3zTnD+wuEBINmZG7Mxg+kxQbdj7YJzA7+Z\/Gkw6jRHb1KJYlOVsP7H9tCt+brSDAAA5kgbb863JMSjCQ6kdQQawDAcLW3cIRYEaGKkxxm4ihfBHIsqyCeWY60Ms+urOeCuDVe0PBcPizZNy4yNZud7bZHCtMEFSSDKkHUeVeYHDWbLF+\/ZjBGrCIJB1CgSRG5rIsR2huDXvmXyViJnyJj41GXeO3Wkm6WAk7hoEx6HXmPLSudc0LW\/ama7j+J2Bbu23dSrZhG8o4hh86xJVfCORZfWCgc7m0TOXymJPOSeVGpjrra5yRtHL4Ch+JWGe2QrFToR0JUyAeooXn9OCiHT1vyQ\/H8Neu5Xzd5AjfxDUnY1H8JtSblhwVZ0gToQ6kOB\/4\/KisDxkDwXfq3B1JEqfUfZ\/A13HCQe8B8XtBh13maPU0kmc1GVtEbjf7R5XJr7PTyocmpXj9vXMOZGvXQVDE029hLJDBpNq8xAOUW4PMFrgGnqM3woONaJwd8C1eQnV+6y+ZViT8iaHc862PBwfw3ElXSNg6t8DXUKhrqsxZ3BUdR5bxJX06VMcP4mOtQJrhIrypYlIZjzygadwTj5UjWrWL+HxOU3FBZdQT+BHMeRrEsLjGXnNTuA4w42PzE\/CaXHFkhvEpebFkVT2Lr2p4HevLcIVGBZivdiDBAAzKdyI5b1UreDu2kRntMg09tCOWm4A386sHCe0jDRj8dKsK8TS8pS4sqwgg8wabDqadSQifRKuxhHCseHtI\/lB9V0PzFeYm4Jk1A9n3Kd7ZLZsjAq33lbRT8FBPm1GY1c4ikZJaW0FCNrcFx\/GO7HhUHoTt8BUXdW5dUs5nSckQBsf7361FcTS7aJDS9pum6nqp\/KmcOXRM9m9mU+HIZOg5iRp06jpR5O+K8sCPbLvI\/j9sqw8RykQF15bjTlrz6152d4mlu6vermXKRGmsiBM6HeaZ4qz3GHeEAjkNZn93060rA4Fm2EbDXfSY0251nEKkbzLtRM4O4p8SgpJIAJB\/3q2YDCKyjMBJGtVnh\/Dghk6nruas2EubeVBPIpJJIZCLj6kb2z7E99aN6wPrkGqj\/AKiDcfxDl126VV8VaNzDIY1KL8corVMNxREBLchPwqkNis5u6LmuBmUCAM8yUA67x6iivtSNxxuTKdZvo9gi40MpAQdRG3rv6aVHvHI0Zx2wFvsoEA5Wj+IAn5mjeC9mrmJ8SkJb2zEb9YHP1qlS2tkzi70kIo+FF4fBPd0QGPvRpV6XsxgsPHesXbqx0+G1C47j+HQZbYBjoKXLK3tBDoYPWbpAfCezgEF\/nXURwDGvib9tcvhLarMSByJGwNdTcfh+bItTaQb6jFDZIpc1wo3EcOZcOLw1Hed2w6SoZW9Nx8Kj1u+QrkQhKr76eW4VgzHv1pu1fkDaRy\/3pa2SzDXXYR+u39bU2FrgyTTC3xxzCeWi+4kfiKs1u5dAJUmVI2mSDvlMEeo3EzBANUvin1dxAOSqfKQzfLQVYxie8VTLZDLZRtp7Rif3TJj7NFOEJTuS3Rkcs4RqL2JHsxfC3wJnMCvxUNr\/ADLlFW11rPExOS4HBYkHNE7lDmVdtZgD+aK0ggHUbHX3VD1calZT0srjQBeshgVIkdKrmL7OAElGYA7gGKtTJrSHw9SJtcFbSfJULfBlXYUXYwoG48\/eNRU09mhbtuKyzUhpxTLY+NqW2tBYizrW6jdFjGN4gx50C2MAgxMQcpnXXryou5hqBvYUijUkdpaWwxh7M2++voXLOQrb6iZU9NTMHf3VZMLjjZt57vgUDRefkAKhcJibloEJsdxyNQHEsXddz3pMjYcgPIU6K81inJY1xuPcW4m+Icux0+yvID9aFg5dOZj5GmxRdlgEbSYKsPcY\/wA1X44pbEjk27ZdOw+EylcwAzqQr5gCphvDl89\/ctdUd2PztdACgDVixOojy9SK6vXx5YKKolyZEpBHDVJwd9F1LW7hjXXwnl10Ee6qPJAIB0O9aBwlcpAnTY7bbae6apfFMEbF17TalCNRzBAZT71Irw+BqYFauQameGXR0E\/jUITRmEu5QTT8PxAT4E8ZuTcB\/dH4mpTgdwm2RrofdB3mff8AGq\/fu5mJP9RVp4bhu6sjMPETJHrtPTQCsu5NmNUkNzBmepiCdd4PONK0Xs1dD4a2R9kFNd4Q5VPvUA++qHkKtoo3gSsxA1lSpB35g6jyq1dhsQD3tuZ9m4D6jKRA2ICpIGktpSerhePUN6aVTosFxK4LIp90pFoV5Z6Fg72qHu4YVJslNtbrjUyCfB60zfw2lTj2q8Fiayg1Kio92Zg0+nDpGtWG9w0b\/wBRT+HwYrEtwnkK5Z4eOlNca7J9\/bm2ALi6qev7p8jVzXAjeKkMLh6dC07Qmck1R87XEZWKsCGUkEHcEbg08rwvmSB7hBP+X41qP0m9iu8Q4vDr9Yo+tUbuo+0BzYD4j0rJ7Qr0o5LWxC1RYcBddcPiHGgFsKNY1Zh84BrqAuXx+zsh53LRPmoF2QB6gV5R5G9khUVzZZcLelpqF7YljimJ5qmX+HIB+IajcMQCNDr1nruNfI9RUT2iuf8AMOJBACRGw+rUx8SffNKfJqIlhXs0ljXNtRo4K4Jhs95Adpk+g1\/KrdxXEeImB18JET9n2duWm+551XOzZHej0b4BSfyqx3TmBZQdM0+0fCYAEgbiY5b8qOtkA3uVBmunQlpPU9ep5VYfo9utaxihj7Ya2dZ31n+8ij+ahMTaBMfDYROpkSeu1Npie6YPILhldddcyMGAnzP5UM4aosKM6kjaCtNFYNEWWDKGXZgGHoRI\/GuZK8ho9FHBaSbdP2RIp3u62rOsANqvFtwaPNukm3XaTrErZrxMPBj4UXYFPNZn8qNRBchuzaoi3ag0myKMVZpiQDZ7aFY59J\/Yz9mf9qsL9S7eNR\/03PP+Bj8D61siCl4jCpdRrdxQyOCrKdiDuKdB0xUlZ8u8RTUQdQqyPVQ0j417U99InZa7gL0atZua2rnUD7DH7y\/Ma9Y6qJVYpCcM2e79V4gcqrA1YhQsgbwSpPwqB4q03Xn7xHw0\/KjcNdBiQBtsFUQPIAD3+XnNRuL9tvU\/OhMGK68II9K9XeiMRhyYIjYVzaS3NCeBf2nIQjkk9FQnrz0HvNWJcJduEZENwgT4dYUaCeew2PUVW8IAv2Z6yJqwcC4xassrBYgmVDMFOYEE5JyyBPL9aCWcVK1wQvGMJeBGa1cWCR4lYa+p8qBGFaAx01ETzEnUHbQiKsfaDtIcUxUjKi+zBk7mZn3wOU1EvbERJzfqdufkfUn3txpyjcjlJ1ua32ExBfBW1YQ1ubTDmMhhf\/HLU8Vqh\/RXjBmv2IjRLgHmBkcgcvsVoWWoMkKk0XwlcUNWRrRYSmI1otBQpGtjeSvMlEZa8y0VGWMKINGItM5aesGiSBbOZI1p63XuWkrRUZY8y05apNunVEUaQDYP2g7P2cdhnw94aMJVhujj2XXzB+IkV5UnYaup64FtHydaEHWR676fCmeIRnJHltEEwJIgCBMwOlJV\/nXXdRIB036Chs4ZFPm\/A2n30wDRmGw7MpgSsiYgsDsCB\/NEc6ydNbm0Cq7E\/IRTqW2bTNpruegmJooYBnP1fjIGq7MIgahtZmlXcOwJzIRETP68hHrtWpRBsHtIQNB0nnpNG2bjZsjGNSCIA25ae+kN4SZWIPU6DXzB3j+t1jClN\/CdD5BSrNJJMhvCRljf0p0QGTHYnE9zjbBJADMbR39m4vhkxHtBfgdK2eKwEuwc5TqrFh5MDmDb+Q\/o1vPD8SLttLq7OiuP5gDUvUR7rKML2HSKesHSm4pVrQ1OhzCYrzLSxXpFGBY0VpK6GniKQwrjQhDXrLTVlqIAo0AJtmikoUCn7ZokCx5TXV1dRoE+SSeQ\/r460ZglnNPl8NZ91DXFgnyMfOkC4VMgxQTVqkcGpw9Z1zEe6jbGGtkaKP4hII94qIXHMdNB6Cus4x9ppEoZH6hcFw4Vh0ts1wuTAhcwGmaJJYCTt86jON8URwAkwDuRBMgjQdNaib3ELmU676H0pkLDRJ3\/ABpmKD1apPcFofWYIGxjTqdY9dzS3Y7mSSIMnmOmu36GvcQoBKjYaefITPXSfeYimLbaj4fHT86sQDCnIzA6kRrO0kf7eczWs\/Rjje8wKqTraZrZ9JzL8mA91ZGzkhT5E++f9BWhfRI5FzE258OW2380sPw\/Cl51cQ8fJo8V4aXXMKjHhFs05FD2DpRK7UaBYmkMKXXGuOQ0DBopGoZqds1sTmPEVymlCkHejBCUaupq2a6isBn\/2Q==)\"><p class=\"wp-block-cover-text\"><a href=\"https:\/\/servir.de\/wordpress\/?page_id=453\">Kuchen- Verkauf<\/a><\/p><\/div>\n<\/div>\n<\/div>\n\n\n\n<p><br><\/p>\n","protected":false},"excerpt":{"rendered":"<p>Das Projekt Servir ist im Dezember 1985 am Gymnasium Maria K\u00f6nigin in Lennestadt gegr\u00fcndet worden. Bis heute sind die Mitglieder des Vereins daher vor allem Sch\u00fclerinnen und Sch\u00fcler, Eltern, Lehrer und ehemalige Sch\u00fclerinnen und Sch\u00fcler des Gymnasiums Maria K\u00f6nigin. Zahlreiche Projekte und Aktionen finden schon seit vielen Jahren im Rahmen der Schule zugunsten des Projektes [&hellip;]<\/p>\n","protected":false},"author":3,"featured_media":0,"parent":0,"menu_order":0,"comment_status":"closed","ping_status":"closed","template":"template-fullwidth.php","meta":{"ngg_post_thumbnail":0,"footnotes":""},"_links":{"self":[{"href":"https:\/\/servir.de\/index.php?rest_route=\/wp\/v2\/pages\/387"}],"collection":[{"href":"https:\/\/servir.de\/index.php?rest_route=\/wp\/v2\/pages"}],"about":[{"href":"https:\/\/servir.de\/index.php?rest_route=\/wp\/v2\/types\/page"}],"author":[{"embeddable":true,"href":"https:\/\/servir.de\/index.php?rest_route=\/wp\/v2\/users\/3"}],"replies":[{"embeddable":true,"href":"https:\/\/servir.de\/index.php?rest_route=%2Fwp%2Fv2%2Fcomments&post=387"}],"version-history":[{"count":19,"href":"https:\/\/servir.de\/index.php?rest_route=\/wp\/v2\/pages\/387\/revisions"}],"predecessor-version":[{"id":2380,"href":"https:\/\/servir.de\/index.php?rest_route=\/wp\/v2\/pages\/387\/revisions\/2380"}],"wp:attachment":[{"href":"https:\/\/servir.de\/index.php?rest_route=%2Fwp%2Fv2%2Fmedia&parent=387"}],"curies":[{"name":"wp","href":"https:\/\/api.w.org\/{rel}","templated":true}]}}