{"id":384,"date":"2018-10-28T16:58:30","date_gmt":"2018-10-28T16:58:30","guid":{"rendered":"https:\/\/servir.de\/wordpress\/?page_id=384"},"modified":"2019-03-27T18:51:21","modified_gmt":"2019-03-27T18:51:21","slug":"brasilien","status":"publish","type":"page","link":"https:\/\/servir.de\/?page_id=384","title":{"rendered":"Brasilien"},"content":{"rendered":"\n<p>Seit Anbeginn unserer Arbeit im Jahr 1985 haben sich unsere Aktivit\u00e4ten auf die Di\u00f6zese Janu\u00e1ria fokussiert. Diese war dem Bischof Anselmo M\u00fcller unterstellt. \u00dcber ihn war ein Kontakt zu den lokalen Entscheidungstr\u00e4gern in akuten Notf\u00e4llen und auf dem k\u00fcrzesten Wege m\u00f6glich. Drei starke Projekte sind im Laufe der Zeit entstanden und haben \u00fcber die Jahre Tausenden von Kindern, Jugendlichen und auch Erwachsenen geholfen, ihren Weg ins Leben zu finden.<\/p>\n\n\n\n<div class=\"wp-block-columns has-3-columns is-layout-flex wp-container-core-columns-is-layout-1 wp-block-columns-is-layout-flex\">\n<div class=\"wp-block-column is-layout-flow wp-block-column-is-layout-flow\">\n<div class=\"wp-block-cover has-background-dim is-layout-flow wp-block-cover-is-layout-flow\" style=\"background-image:url(https:\/\/servir.de\/wordpress\/wp-content\/uploads\/2018\/11\/image19b.jpg)\"><p class=\"wp-block-cover-text\"><a href=\"https:\/\/servir.de\/wordpress\/?page_id=558\">Servir<\/a><\/p><\/div>\n<\/div>\n\n\n\n<div class=\"wp-block-column is-layout-flow wp-block-column-is-layout-flow\">\n<div class=\"wp-block-cover has-background-dim is-layout-flow wp-block-cover-is-layout-flow\" style=\"background-image:url(https:\/\/servir.de\/wordpress\/wp-content\/uploads\/2018\/11\/IMG_0865.jpg)\"><p class=\"wp-block-cover-text\"><a href=\"https:\/\/servir.de\/wordpress\/?page_id=560\">Pequeno Davi<\/a><\/p><\/div>\n\n\n\n<p><\/p>\n<\/div>\n\n\n\n<div class=\"wp-block-column is-layout-flow wp-block-column-is-layout-flow\">\n<div class=\"wp-block-cover has-dark-gray-background-color has-background-dim is-layout-flow wp-block-cover-is-layout-flow\" style=\"background-image:url(https:\/\/servir.de\/wordpress\/wp-content\/uploads\/2018\/11\/IMG_1057.jpg)\"><p class=\"wp-block-cover-text\"><a href=\"https:\/\/servir.de\/wordpress\/?page_id=562\">Quebra&nbsp;<br>Guiada<\/a><\/p><\/div>\n<\/div>\n<\/div>\n","protected":false},"excerpt":{"rendered":"<p>Seit Anbeginn unserer Arbeit im Jahr 1985 haben sich unsere Aktivit\u00e4ten auf die Di\u00f6zese Janu\u00e1ria fokussiert. Diese war dem Bischof Anselmo M\u00fcller unterstellt. \u00dcber ihn war ein Kontakt zu den lokalen Entscheidungstr\u00e4gern in akuten Notf\u00e4llen und auf dem k\u00fcrzesten Wege m\u00f6glich. Drei starke Projekte sind im Laufe der Zeit entstanden und haben \u00fcber die Jahre [&hellip;]<\/p>\n","protected":false},"author":5,"featured_media":0,"parent":0,"menu_order":0,"comment_status":"closed","ping_status":"closed","template":"template-fullwidth.php","meta":{"ngg_post_thumbnail":0,"footnotes":""},"_links":{"self":[{"href":"https:\/\/servir.de\/index.php?rest_route=\/wp\/v2\/pages\/384"}],"collection":[{"href":"https:\/\/servir.de\/index.php?rest_route=\/wp\/v2\/pages"}],"about":[{"href":"https:\/\/servir.de\/index.php?rest_route=\/wp\/v2\/types\/page"}],"author":[{"embeddable":true,"href":"https:\/\/servir.de\/index.php?rest_route=\/wp\/v2\/users\/5"}],"replies":[{"embeddable":true,"href":"https:\/\/servir.de\/index.php?rest_route=%2Fwp%2Fv2%2Fcomments&post=384"}],"version-history":[{"count":9,"href":"https:\/\/servir.de\/index.php?rest_route=\/wp\/v2\/pages\/384\/revisions"}],"predecessor-version":[{"id":2316,"href":"https:\/\/servir.de\/index.php?rest_route=\/wp\/v2\/pages\/384\/revisions\/2316"}],"wp:attachment":[{"href":"https:\/\/servir.de\/index.php?rest_route=%2Fwp%2Fv2%2Fmedia&parent=384"}],"curies":[{"name":"wp","href":"https:\/\/api.w.org\/{rel}","templated":true}]}}