{"id":38,"date":"2018-09-08T20:50:22","date_gmt":"2018-09-08T20:50:22","guid":{"rendered":"https:\/\/servir.de\/wordpress\/?page_id=38"},"modified":"2023-12-23T15:30:04","modified_gmt":"2023-12-23T15:30:04","slug":"mitmachen","status":"publish","type":"page","link":"https:\/\/servir.de\/?page_id=38","title":{"rendered":"Mitmachen"},"content":{"rendered":"\n<p>Sie k\u00f6nnen das Projekt Servir auf vielf\u00e4ltige Weise unterst\u00fctzen &#8211; w\u00e4hlen Sie einfach zwischen aktiven und passiven M\u00f6glichkeiten:  Sammeln Sie Aluminium&nbsp;und bringen Sie es zu unserer Sammelstelle an der Schule (<a rel=\"noreferrer noopener\" aria-label=\"hier (\u00f6ffnet in neuem Tab)\" href=\"https:\/\/servir.de\/wordpress\/wp-content\/uploads\/2018\/11\/20180214sk.png\" target=\"_blank\">Tipps zum Sammeln<\/a>), kaufen Sie den Lenne-Kaffee oder das Obst und den Honig von unserer Streuobstwiese.&nbsp;Dar\u00fcber hinaus gibt es neben der M\u00f6glichkeit der Spende auch noch weitere konkrete Aktivit\u00e4ten des Projektes, an denen Sie sich beteiligen k\u00f6nnen. Wir freuen uns \u00fcber Ihr Interesse! Nehmen Sie gerne <a href=\"https:\/\/servir.de\/?page_id=40\">Kontakt<\/a> mit uns auf. <\/p>\n\n\n\n<div class=\"wp-block-columns has-3-columns is-layout-flex wp-container-core-columns-is-layout-1 wp-block-columns-is-layout-flex\">\n<div class=\"wp-block-column is-layout-flow wp-block-column-is-layout-flow\">\n<div class=\"wp-block-cover is-light wp-block-cover-text\"><span aria-hidden=\"true\" class=\"wp-block-cover__background has-background-dim\"><\/span><img loading=\"lazy\" decoding=\"async\" width=\"600\" height=\"976\" class=\"wp-block-cover__image-background wp-image-2082\" alt=\"\" src=\"https:\/\/servir.de\/wordpress\/wp-content\/uploads\/2019\/03\/mitmachen_spenden.jpg\" style=\"object-position:50% 50%\" data-object-fit=\"cover\" data-object-position=\"50% 50%\" srcset=\"https:\/\/servir.de\/wordpress\/wp-content\/uploads\/2019\/03\/mitmachen_spenden.jpg 600w, https:\/\/servir.de\/wordpress\/wp-content\/uploads\/2019\/03\/mitmachen_spenden-184x300.jpg 184w\" sizes=\"(max-width: 600px) 100vw, 600px\" \/><div class=\"wp-block-cover__inner-container is-layout-flow wp-block-cover-is-layout-flow\">\n<p class=\"has-text-align-center wp-block-cover-text has-white-color has-text-color has-large-font-size\"><a href=\"https:\/\/servir.de\/wordpress\/?page_id=410\">Spenden<\/a><\/p>\n<\/div><\/div>\n<\/div>\n\n\n\n<div class=\"wp-block-column is-layout-flow wp-block-column-is-layout-flow\">\n<div class=\"wp-block-cover\"><span aria-hidden=\"true\" class=\"wp-block-cover__background has-background-dim\"><\/span><img loading=\"lazy\" decoding=\"async\" width=\"1032\" height=\"774\" class=\"wp-block-cover__image-background wp-image-2685\" alt=\"\" src=\"https:\/\/servir.de\/wordpress\/wp-content\/uploads\/2022\/01\/IMG-20211110-WA00071.jpg\" style=\"object-position:83% 42%\" data-object-fit=\"cover\" data-object-position=\"83% 42%\" srcset=\"https:\/\/servir.de\/wordpress\/wp-content\/uploads\/2022\/01\/IMG-20211110-WA00071.jpg 1032w, https:\/\/servir.de\/wordpress\/wp-content\/uploads\/2022\/01\/IMG-20211110-WA00071-300x225.jpg 300w, https:\/\/servir.de\/wordpress\/wp-content\/uploads\/2022\/01\/IMG-20211110-WA00071-1024x768.jpg 1024w, https:\/\/servir.de\/wordpress\/wp-content\/uploads\/2022\/01\/IMG-20211110-WA00071-768x576.jpg 768w, https:\/\/servir.de\/wordpress\/wp-content\/uploads\/2022\/01\/IMG-20211110-WA00071-676x507.jpg 676w\" sizes=\"(max-width: 1032px) 100vw, 1032px\" \/><div class=\"wp-block-cover__inner-container is-layout-constrained wp-block-cover-is-layout-constrained\">\n<p class=\"has-text-align-center wp-block-cover-text has-white-color has-text-color has-link-color has-large-font-size wp-elements-6cc81a0439a3a70abf77b65a430ab2e7\"><a href=\"https:\/\/servir.de\/?page_id=2468\">Pate werden<\/a><\/p>\n<\/div><\/div>\n<\/div>\n\n\n\n<div class=\"wp-block-column is-layout-flow wp-block-column-is-layout-flow\">\n<div class=\"wp-block-cover is-light\"><span aria-hidden=\"true\" class=\"wp-block-cover__background has-background-dim\"><\/span><img loading=\"lazy\" decoding=\"async\" width=\"600\" height=\"897\" class=\"wp-block-cover__image-background wp-image-2080\" alt=\"\" src=\"https:\/\/servir.de\/wordpress\/wp-content\/uploads\/2019\/03\/mitmachen_aktionen.jpg\" data-object-fit=\"cover\" srcset=\"https:\/\/servir.de\/wordpress\/wp-content\/uploads\/2019\/03\/mitmachen_aktionen.jpg 600w, https:\/\/servir.de\/wordpress\/wp-content\/uploads\/2019\/03\/mitmachen_aktionen-201x300.jpg 201w\" sizes=\"(max-width: 600px) 100vw, 600px\" \/><div class=\"wp-block-cover__inner-container is-layout-flow wp-block-cover-is-layout-flow\">\n<p class=\"has-text-align-center wp-block-cover-text has-large-font-size\"><a href=\"https:\/\/servir.de\/wordpress\/?page_id=479\">Mitglied werden<\/a><\/p>\n<\/div><\/div>\n<\/div>\n\n\n\n<div class=\"wp-block-column is-layout-flow wp-block-column-is-layout-flow\">\n<div class=\"wp-block-cover wp-block-cover-text\"><span aria-hidden=\"true\" class=\"wp-block-cover__background has-dark-gray-background-color has-background-dim-60 has-background-dim\"><\/span><img loading=\"lazy\" decoding=\"async\" width=\"600\" height=\"989\" class=\"wp-block-cover__image-background wp-image-2081\" alt=\"\" src=\"https:\/\/servir.de\/wordpress\/wp-content\/uploads\/2019\/03\/mitmachen_schreiben.jpg\" style=\"object-position:50% 50%\" data-object-fit=\"cover\" data-object-position=\"50% 50%\" srcset=\"https:\/\/servir.de\/wordpress\/wp-content\/uploads\/2019\/03\/mitmachen_schreiben.jpg 600w, https:\/\/servir.de\/wordpress\/wp-content\/uploads\/2019\/03\/mitmachen_schreiben-182x300.jpg 182w\" sizes=\"(max-width: 600px) 100vw, 600px\" \/><div class=\"wp-block-cover__inner-container is-layout-flow wp-block-cover-is-layout-flow\">\n<p class=\"has-text-align-center wp-block-cover-text has-white-color has-text-color has-large-font-size\"><a href=\"https:\/\/servir.de\/wordpress\/?page_id=40\">Kontakt<\/a><br><\/p>\n<\/div><\/div>\n<\/div>\n<\/div>\n\n\n\n<p><\/p>\n","protected":false},"excerpt":{"rendered":"<p>Sie k\u00f6nnen das Projekt Servir auf vielf\u00e4ltige Weise unterst\u00fctzen &#8211; w\u00e4hlen Sie einfach zwischen aktiven und passiven M\u00f6glichkeiten: Sammeln Sie Aluminium&nbsp;und bringen Sie es zu unserer Sammelstelle an der Schule (Tipps zum Sammeln), kaufen Sie den Lenne-Kaffee oder das Obst und den Honig von unserer Streuobstwiese.&nbsp;Dar\u00fcber hinaus gibt es neben der M\u00f6glichkeit der Spende auch [&hellip;]<\/p>\n","protected":false},"author":1,"featured_media":0,"parent":0,"menu_order":6,"comment_status":"closed","ping_status":"closed","template":"template-fullwidth.php","meta":{"ngg_post_thumbnail":0,"footnotes":""},"_links":{"self":[{"href":"https:\/\/servir.de\/index.php?rest_route=\/wp\/v2\/pages\/38"}],"collection":[{"href":"https:\/\/servir.de\/index.php?rest_route=\/wp\/v2\/pages"}],"about":[{"href":"https:\/\/servir.de\/index.php?rest_route=\/wp\/v2\/types\/page"}],"author":[{"embeddable":true,"href":"https:\/\/servir.de\/index.php?rest_route=\/wp\/v2\/users\/1"}],"replies":[{"embeddable":true,"href":"https:\/\/servir.de\/index.php?rest_route=%2Fwp%2Fv2%2Fcomments&post=38"}],"version-history":[{"count":29,"href":"https:\/\/servir.de\/index.php?rest_route=\/wp\/v2\/pages\/38\/revisions"}],"predecessor-version":[{"id":2958,"href":"https:\/\/servir.de\/index.php?rest_route=\/wp\/v2\/pages\/38\/revisions\/2958"}],"wp:attachment":[{"href":"https:\/\/servir.de\/index.php?rest_route=%2Fwp%2Fv2%2Fmedia&parent=38"}],"curies":[{"name":"wp","href":"https:\/\/api.w.org\/{rel}","templated":true}]}}