{"id":34,"date":"2018-09-08T20:44:08","date_gmt":"2018-09-08T20:44:08","guid":{"rendered":"https:\/\/servir.de\/wordpress\/?page_id=34"},"modified":"2018-12-15T00:36:26","modified_gmt":"2018-12-15T00:36:26","slug":"mediathek","status":"publish","type":"page","link":"https:\/\/servir.de\/?page_id=34","title":{"rendered":"Mediathek"},"content":{"rendered":"\n<p>Hier finden Sie verschiedene zus\u00e4tzliche Inhalte, wie etwa Presseberichte, die j\u00e4hrlich erscheinenden Vereins-Rundbriefe, sowie weitere Medien, die sich \u00fcber viele Jahre angesammelt haben.\u00a0<\/p>\n\n\n\n<div class=\"wp-block-columns has-4-columns is-layout-flex wp-container-core-columns-is-layout-1 wp-block-columns-is-layout-flex\">\n<div class=\"wp-block-column is-layout-flow wp-block-column-is-layout-flow\">\n<div class=\"wp-block-cover has-background-dim is-layout-flow wp-block-cover-is-layout-flow\" style=\"background-image:url(https:\/\/servir.de\/wordpress\/wp-content\/uploads\/2018\/11\/20180214sk.png)\"><p class=\"wp-block-cover-text\"><a href=\"https:\/\/servir.de\/wordpress\/?page_id=494\">Presse<\/a><\/p><\/div>\n<\/div>\n\n\n\n<div class=\"wp-block-column is-layout-flow wp-block-column-is-layout-flow\">\n<div class=\"wp-block-cover has-background-dim is-layout-flow wp-block-cover-is-layout-flow\" style=\"background-image:url(https:\/\/servir.de\/wordpress\/wp-content\/uploads\/2018\/11\/rundbrief.png)\"><p class=\"wp-block-cover-text\"><a href=\"https:\/\/servir.de\/wordpress\/?page_id=496\">Rundbrief<\/a><\/p><\/div>\n<\/div>\n\n\n\n<div class=\"wp-block-column is-layout-flow wp-block-column-is-layout-flow\">\n<div class=\"wp-block-cover has-background-dim is-layout-flow wp-block-cover-is-layout-flow\" style=\"background-image:url(https:\/\/servir.de\/wordpress\/wp-content\/uploads\/2018\/11\/vision.png)\"><p class=\"wp-block-cover-text\"><a href=\"https:\/\/servir.de\/wordpress\/?page_id=498\">Videos<\/a><\/p><\/div>\n<\/div>\n\n\n\n<div class=\"wp-block-column is-layout-flow wp-block-column-is-layout-flow\">\n<div class=\"wp-block-cover has-background-dim is-layout-flow wp-block-cover-is-layout-flow\" style=\"background-image:url(https:\/\/servir.de\/wordpress\/wp-content\/uploads\/2018\/11\/galerien.png)\"><p class=\"wp-block-cover-text\"><a href=\"https:\/\/servir.de\/wordpress\/?page_id=36\">Bilder<\/a><\/p><\/div>\n<\/div>\n<\/div>\n","protected":false},"excerpt":{"rendered":"<p>Hier finden Sie verschiedene zus\u00e4tzliche Inhalte, wie etwa Presseberichte, die j\u00e4hrlich erscheinenden Vereins-Rundbriefe, sowie weitere Medien, die sich \u00fcber viele Jahre angesammelt haben.\u00a0<\/p>\n","protected":false},"author":1,"featured_media":0,"parent":0,"menu_order":4,"comment_status":"closed","ping_status":"closed","template":"template-fullwidth.php","meta":{"ngg_post_thumbnail":0,"footnotes":""},"_links":{"self":[{"href":"https:\/\/servir.de\/index.php?rest_route=\/wp\/v2\/pages\/34"}],"collection":[{"href":"https:\/\/servir.de\/index.php?rest_route=\/wp\/v2\/pages"}],"about":[{"href":"https:\/\/servir.de\/index.php?rest_route=\/wp\/v2\/types\/page"}],"author":[{"embeddable":true,"href":"https:\/\/servir.de\/index.php?rest_route=\/wp\/v2\/users\/1"}],"replies":[{"embeddable":true,"href":"https:\/\/servir.de\/index.php?rest_route=%2Fwp%2Fv2%2Fcomments&post=34"}],"version-history":[{"count":13,"href":"https:\/\/servir.de\/index.php?rest_route=\/wp\/v2\/pages\/34\/revisions"}],"predecessor-version":[{"id":2323,"href":"https:\/\/servir.de\/index.php?rest_route=\/wp\/v2\/pages\/34\/revisions\/2323"}],"wp:attachment":[{"href":"https:\/\/servir.de\/index.php?rest_route=%2Fwp%2Fv2%2Fmedia&parent=34"}],"curies":[{"name":"wp","href":"https:\/\/api.w.org\/{rel}","templated":true}]}}