{"id":3058,"date":"2024-04-29T08:32:37","date_gmt":"2024-04-29T08:32:37","guid":{"rendered":"https:\/\/servir.de\/?page_id=3058"},"modified":"2024-04-29T20:37:55","modified_gmt":"2024-04-29T20:37:55","slug":"begegnungsreisen","status":"publish","type":"page","link":"https:\/\/servir.de\/?page_id=3058","title":{"rendered":"Begegnungsreisen"},"content":{"rendered":"\n<p><strong>Begegnungsreise nach Pundamilia, Kenia 2023<\/strong><\/p>\n\n\n\n<p>Am 18.06.2023 starteten einige Mitglieder des Servir e.V. gemeinsam mit einer Gruppe von 6 Sch\u00fclerinnen des Gymnasiums Maria K\u00f6nigin, die sich w\u00e4hrend ihrer Schulzeit f\u00fcr Servir e.V. engagiert haben, die lange geplante Reise nach Kenia zur Bishop Morrow Schule in Pundamilia. Unsere Reisegruppe wurde vor Ort von den Ordensschwestern, den Lehrkr\u00e4ften und den Sch\u00fclerinnen und Sch\u00fclern mit einer unglaublichen Herzlichkeit empfangen. Die Kinder hatten gemeinsam mit den Lehrkr\u00e4ften eine bunte Willkommenszeremonie vorbereitet, bei der jede Klasse eine eigene kleine Auff\u00fchrung pr\u00e4sentierte. Die erste Woche der Reise verbrachten wir vor allem in der Schule. Hier lernten wir bei der t\u00e4glichen Teezeit, den gemeinsamen Mahlzeiten und den verschiedenen Spiel- und Sportangeboten, die wir in der Schule gestalteten, die Kinder und Erwachsenen aus Pundamilia und der Umgebung besser kennen. Besonders wichtig war es uns die Partnerschaft unserer Schulen, der Bishop Morrow Schule und des Gymnasiums Maria K\u00f6nigin, zu f\u00f6rdern. Dies gelang durch eine Pr\u00e4sentation \u00fcber das Gymnasium in Lennestadt, mit der wir den Schulkindern in Pundamilia den Schulalltag der deutschen Sch\u00fclerinnen und Sch\u00fclern erkl\u00e4rten. In einzelnen Schulklassen wurden Briefe geschrieben und gestaltet, die wir als Beginn einer Brieffreundschaft mit zur\u00fcck zu den Sch\u00fclerinnen und Sch\u00fclern des Gymnasiums Maria K\u00f6nigin brachten. Au\u00dferdem gestalteten die Sch\u00fclerinnen und Sch\u00fcler, die Lehrerinnen und Lehrer, die Ordensschwestern und die G\u00e4ste aus Deutschland aus kleinen, bunt gestalteten Baumscheiben ein Wandbild in Form eines Herzens, das fortan die Schulwand in Pundamilia schm\u00fcckt und an diese besondere Freundschaft erinnern soll. Unsere Gastgeschenke, wie etwa die neuen Spielsachen f\u00fcr den Pausenhof, wurden sofort gemeinsam ausprobiert und mit den Trikots, die die Firma Alfha aus Finnentrop vorab gespendet hatte, entstand ein spontanes Fu\u00dfballspiel und Volleyballturnier.<\/p>\n\n\n\n<figure class=\"wp-block-gallery has-nested-images columns-default is-cropped wp-block-gallery-1 is-layout-flex wp-block-gallery-is-layout-flex\">\n<figure class=\"wp-block-image size-large\"><img loading=\"lazy\" decoding=\"async\" width=\"1024\" height=\"683\" data-id=\"3097\" src=\"https:\/\/servir.de\/wordpress\/wp-content\/uploads\/2024\/04\/2023-06-20_D800_Kenia_285_b-1024x683.jpg\" alt=\"\" class=\"wp-image-3097\" srcset=\"https:\/\/servir.de\/wordpress\/wp-content\/uploads\/2024\/04\/2023-06-20_D800_Kenia_285_b-1024x683.jpg 1024w, https:\/\/servir.de\/wordpress\/wp-content\/uploads\/2024\/04\/2023-06-20_D800_Kenia_285_b-300x200.jpg 300w, https:\/\/servir.de\/wordpress\/wp-content\/uploads\/2024\/04\/2023-06-20_D800_Kenia_285_b-768x513.jpg 768w, https:\/\/servir.de\/wordpress\/wp-content\/uploads\/2024\/04\/2023-06-20_D800_Kenia_285_b-1536x1025.jpg 1536w, https:\/\/servir.de\/wordpress\/wp-content\/uploads\/2024\/04\/2023-06-20_D800_Kenia_285_b-2048x1367.jpg 2048w, https:\/\/servir.de\/wordpress\/wp-content\/uploads\/2024\/04\/2023-06-20_D800_Kenia_285_b-676x451.jpg 676w\" sizes=\"(max-width: 1024px) 100vw, 1024px\" \/><\/figure>\n\n\n\n<figure class=\"wp-block-image size-large\"><img loading=\"lazy\" decoding=\"async\" width=\"1024\" height=\"683\" data-id=\"3098\" src=\"https:\/\/servir.de\/wordpress\/wp-content\/uploads\/2024\/04\/2023-06-21_D800_Kenia_310_b-1024x683.jpg\" alt=\"\" class=\"wp-image-3098\" srcset=\"https:\/\/servir.de\/wordpress\/wp-content\/uploads\/2024\/04\/2023-06-21_D800_Kenia_310_b-1024x683.jpg 1024w, https:\/\/servir.de\/wordpress\/wp-content\/uploads\/2024\/04\/2023-06-21_D800_Kenia_310_b-300x200.jpg 300w, https:\/\/servir.de\/wordpress\/wp-content\/uploads\/2024\/04\/2023-06-21_D800_Kenia_310_b-768x513.jpg 768w, https:\/\/servir.de\/wordpress\/wp-content\/uploads\/2024\/04\/2023-06-21_D800_Kenia_310_b-1536x1025.jpg 1536w, https:\/\/servir.de\/wordpress\/wp-content\/uploads\/2024\/04\/2023-06-21_D800_Kenia_310_b-2048x1367.jpg 2048w, https:\/\/servir.de\/wordpress\/wp-content\/uploads\/2024\/04\/2023-06-21_D800_Kenia_310_b-676x451.jpg 676w\" sizes=\"(max-width: 1024px) 100vw, 1024px\" \/><\/figure>\n\n\n\n<figure class=\"wp-block-image size-large\"><img loading=\"lazy\" decoding=\"async\" width=\"1024\" height=\"683\" data-id=\"3093\" src=\"https:\/\/servir.de\/wordpress\/wp-content\/uploads\/2024\/04\/2023-06-20_D800_Kenia_276_b-1024x683.jpg\" alt=\"\" class=\"wp-image-3093\" srcset=\"https:\/\/servir.de\/wordpress\/wp-content\/uploads\/2024\/04\/2023-06-20_D800_Kenia_276_b-1024x683.jpg 1024w, https:\/\/servir.de\/wordpress\/wp-content\/uploads\/2024\/04\/2023-06-20_D800_Kenia_276_b-300x200.jpg 300w, https:\/\/servir.de\/wordpress\/wp-content\/uploads\/2024\/04\/2023-06-20_D800_Kenia_276_b-768x513.jpg 768w, https:\/\/servir.de\/wordpress\/wp-content\/uploads\/2024\/04\/2023-06-20_D800_Kenia_276_b-1536x1025.jpg 1536w, https:\/\/servir.de\/wordpress\/wp-content\/uploads\/2024\/04\/2023-06-20_D800_Kenia_276_b-2048x1367.jpg 2048w, https:\/\/servir.de\/wordpress\/wp-content\/uploads\/2024\/04\/2023-06-20_D800_Kenia_276_b-676x451.jpg 676w\" sizes=\"(max-width: 1024px) 100vw, 1024px\" \/><\/figure>\n\n\n\n<figure class=\"wp-block-image size-large\"><img loading=\"lazy\" decoding=\"async\" width=\"1024\" height=\"683\" data-id=\"3089\" src=\"https:\/\/servir.de\/wordpress\/wp-content\/uploads\/2024\/04\/2023-06-23_D800_Kenia_814_b-1024x683.jpg\" alt=\"\" class=\"wp-image-3089\" srcset=\"https:\/\/servir.de\/wordpress\/wp-content\/uploads\/2024\/04\/2023-06-23_D800_Kenia_814_b-1024x683.jpg 1024w, https:\/\/servir.de\/wordpress\/wp-content\/uploads\/2024\/04\/2023-06-23_D800_Kenia_814_b-300x200.jpg 300w, https:\/\/servir.de\/wordpress\/wp-content\/uploads\/2024\/04\/2023-06-23_D800_Kenia_814_b-768x513.jpg 768w, https:\/\/servir.de\/wordpress\/wp-content\/uploads\/2024\/04\/2023-06-23_D800_Kenia_814_b-1536x1025.jpg 1536w, https:\/\/servir.de\/wordpress\/wp-content\/uploads\/2024\/04\/2023-06-23_D800_Kenia_814_b-2048x1367.jpg 2048w, https:\/\/servir.de\/wordpress\/wp-content\/uploads\/2024\/04\/2023-06-23_D800_Kenia_814_b-676x451.jpg 676w\" sizes=\"(max-width: 1024px) 100vw, 1024px\" \/><\/figure>\n\n\n\n<figure class=\"wp-block-image size-large\"><img loading=\"lazy\" decoding=\"async\" width=\"1024\" height=\"683\" data-id=\"3065\" src=\"https:\/\/servir.de\/wordpress\/wp-content\/uploads\/2024\/04\/2023-06-21_D800_Kenia_431_b-1024x683.jpg\" alt=\"\" class=\"wp-image-3065\" srcset=\"https:\/\/servir.de\/wordpress\/wp-content\/uploads\/2024\/04\/2023-06-21_D800_Kenia_431_b-1024x683.jpg 1024w, https:\/\/servir.de\/wordpress\/wp-content\/uploads\/2024\/04\/2023-06-21_D800_Kenia_431_b-300x200.jpg 300w, https:\/\/servir.de\/wordpress\/wp-content\/uploads\/2024\/04\/2023-06-21_D800_Kenia_431_b-768x513.jpg 768w, https:\/\/servir.de\/wordpress\/wp-content\/uploads\/2024\/04\/2023-06-21_D800_Kenia_431_b-1536x1025.jpg 1536w, https:\/\/servir.de\/wordpress\/wp-content\/uploads\/2024\/04\/2023-06-21_D800_Kenia_431_b-2048x1367.jpg 2048w, https:\/\/servir.de\/wordpress\/wp-content\/uploads\/2024\/04\/2023-06-21_D800_Kenia_431_b-676x451.jpg 676w\" sizes=\"(max-width: 1024px) 100vw, 1024px\" \/><\/figure>\n\n\n\n<figure class=\"wp-block-image size-large\"><img loading=\"lazy\" decoding=\"async\" width=\"1024\" height=\"683\" data-id=\"3055\" src=\"https:\/\/servir.de\/wordpress\/wp-content\/uploads\/2024\/04\/2023-06-21_D800_Kenia_437_b-1024x683.jpg\" alt=\"\" class=\"wp-image-3055\" srcset=\"https:\/\/servir.de\/wordpress\/wp-content\/uploads\/2024\/04\/2023-06-21_D800_Kenia_437_b-1024x683.jpg 1024w, https:\/\/servir.de\/wordpress\/wp-content\/uploads\/2024\/04\/2023-06-21_D800_Kenia_437_b-300x200.jpg 300w, https:\/\/servir.de\/wordpress\/wp-content\/uploads\/2024\/04\/2023-06-21_D800_Kenia_437_b-768x513.jpg 768w, https:\/\/servir.de\/wordpress\/wp-content\/uploads\/2024\/04\/2023-06-21_D800_Kenia_437_b-1536x1025.jpg 1536w, https:\/\/servir.de\/wordpress\/wp-content\/uploads\/2024\/04\/2023-06-21_D800_Kenia_437_b-2048x1367.jpg 2048w, https:\/\/servir.de\/wordpress\/wp-content\/uploads\/2024\/04\/2023-06-21_D800_Kenia_437_b-676x451.jpg 676w\" sizes=\"(max-width: 1024px) 100vw, 1024px\" \/><\/figure>\n<\/figure>\n\n\n\n<p>Bei einem Spaziergang mit der Schulleiterin Sister Grace durch Pundamilia und weitere kleinere Ortschaften in der N\u00e4he hatten wir die M\u00f6glichkeit, die Dorfbewohner und ihre Lebensumst\u00e4nde etwas genauer kennenzulernen.<\/p>\n\n\n\n<p>So besuchten wir unter anderem den Ort, an dem Mary, eine Sch\u00fclerin der Bishop Morrow Schule, lebt. Mit ihrer Mutter, ihrem Bruder und ihrer erst wenige Monate alten Schwester bewohnt sie eine H\u00fctte, die sich mehrere Familien teilen. Die Mutter mit den drei Kindern kommt in einem einzigen Raum unter, der nur wenige Quadratmeter gro\u00df ist. Alles, was die Familie besitzt, l\u00e4sst sich in einer Ecke dieses Raumes unterbringen und beschr\u00e4nkt sich haupts\u00e4chlich auf ein paar T\u00f6pfe. Geschlafen wird auf dem Boden, ohne Matratzen und Kissen. Marys Mutter z\u00e4hlt zu den \u00e4rmsten Menschen des Ortes. Nachdem der Vater bei einem Busunfall ums Leben kam, wurden Frau und Kinder von dem Rest der Familie versto\u00dfen. In dieser schwierigen Situation wandte sich Marys Mutter an die Ordensschwestern in Pundamilia. Diese unterst\u00fctzten sie dabei, ihre kleine \u201eWohnung\u201c zu finden. Die Schulgeb\u00fchren f\u00fcr die Kinder werden aktuell vom Servir e.V. \u00fcbernommen. Die Mutter bekam die M\u00f6glichkeit, sich etwas Geld mit Reinigungsarbeiten in der Schule zu verdienen. Zuletzt gelang es Marys Mutter mit einer kleinen finanziellen Hilfe durch die Ordensschwestern ein kleines Gesch\u00e4ft aufzubauen. In diesem Rahmen verkauft sie am Mittag Teigtaschen und am Abend Fladenbrote. Mit dieser Arbeit konnte sie so viel Geld verdienen, dass sie ein St\u00fcck Land pachtete, auf dem sie nun Lebensmittel f\u00fcr die Familie anbaut.<\/p>\n\n\n\n<p>Auch, wenn zum Gl\u00fcck nicht jede Familie im Dorf von einem so besonders tragischen Schicksal betroffen ist, waren die Wohn- und Lebensumst\u00e4nde, auf die wir dort trafen, in keiner Weise vergleichbar mit dem, was wir aus Deutschland kennen.<\/p>\n\n\n\n<p>In vielen Gespr\u00e4chen mit Sch\u00fclerinnen und Sch\u00fclern, Eltern und Ordenschwestern sowie in mehreren Schulrundg\u00e4ngen mit Besichtigung der Schulklassen und der Schulausr\u00fcstung wurde uns die gute und konstruktive Arbeit der Ordensschwestern und der Lehrer bewusst. Sie alle leisten einen gro\u00dfen Beitrag zur F\u00f6rderung der Schulkinder und ihrer Talente und sie schaffen ein Umfeld der Geborgenheit und Unterst\u00fctzung. Das spiegelt sich sowohl in der guten Stimmung der Schulkinder als auch in den sehr guten Schulnoten wieder, die die Sch\u00fclerinnen und Sch\u00fcler wiederholt in den nationalen Examenspr\u00fcfungen erreichen.<\/p>\n\n\n\n<figure class=\"wp-block-gallery has-nested-images columns-default is-cropped wp-block-gallery-2 is-layout-flex wp-block-gallery-is-layout-flex\">\n<figure class=\"wp-block-image size-large\"><img loading=\"lazy\" decoding=\"async\" width=\"1024\" height=\"683\" data-id=\"3094\" src=\"https:\/\/servir.de\/wordpress\/wp-content\/uploads\/2024\/04\/2023-06-20_D800_Kenia_015_b-1024x683.jpg\" alt=\"\" class=\"wp-image-3094\" srcset=\"https:\/\/servir.de\/wordpress\/wp-content\/uploads\/2024\/04\/2023-06-20_D800_Kenia_015_b-1024x683.jpg 1024w, https:\/\/servir.de\/wordpress\/wp-content\/uploads\/2024\/04\/2023-06-20_D800_Kenia_015_b-300x200.jpg 300w, https:\/\/servir.de\/wordpress\/wp-content\/uploads\/2024\/04\/2023-06-20_D800_Kenia_015_b-768x513.jpg 768w, https:\/\/servir.de\/wordpress\/wp-content\/uploads\/2024\/04\/2023-06-20_D800_Kenia_015_b-1536x1025.jpg 1536w, https:\/\/servir.de\/wordpress\/wp-content\/uploads\/2024\/04\/2023-06-20_D800_Kenia_015_b-2048x1367.jpg 2048w, https:\/\/servir.de\/wordpress\/wp-content\/uploads\/2024\/04\/2023-06-20_D800_Kenia_015_b-676x451.jpg 676w\" sizes=\"(max-width: 1024px) 100vw, 1024px\" \/><\/figure>\n\n\n\n<figure class=\"wp-block-image size-large\"><img loading=\"lazy\" decoding=\"async\" width=\"1024\" height=\"683\" data-id=\"3095\" src=\"https:\/\/servir.de\/wordpress\/wp-content\/uploads\/2024\/04\/2023-06-20_D800_Kenia_295_b-1024x683.jpg\" alt=\"\" class=\"wp-image-3095\" srcset=\"https:\/\/servir.de\/wordpress\/wp-content\/uploads\/2024\/04\/2023-06-20_D800_Kenia_295_b-1024x683.jpg 1024w, https:\/\/servir.de\/wordpress\/wp-content\/uploads\/2024\/04\/2023-06-20_D800_Kenia_295_b-300x200.jpg 300w, https:\/\/servir.de\/wordpress\/wp-content\/uploads\/2024\/04\/2023-06-20_D800_Kenia_295_b-768x513.jpg 768w, https:\/\/servir.de\/wordpress\/wp-content\/uploads\/2024\/04\/2023-06-20_D800_Kenia_295_b-1536x1025.jpg 1536w, https:\/\/servir.de\/wordpress\/wp-content\/uploads\/2024\/04\/2023-06-20_D800_Kenia_295_b-2048x1367.jpg 2048w, https:\/\/servir.de\/wordpress\/wp-content\/uploads\/2024\/04\/2023-06-20_D800_Kenia_295_b-676x451.jpg 676w\" sizes=\"(max-width: 1024px) 100vw, 1024px\" \/><\/figure>\n<\/figure>\n\n\n\n<p>Zum Ende des Besuches trafen sich die Mitglieder des Servir e.V. mit den F\u00f6rderern der Bishop Morrow Schule. Die Eltern und Gro\u00dfeltern der Schulkinder betonten ihren Dank f\u00fcr die nun bereits jahrelang bestehende Freundschaft, Kooperation und Unterst\u00fctzung. Besonders herausgehoben wurde dabei auch die Bedeutung der Schule f\u00fcr das Dorf Pundamilia und f\u00fcr die Region. Die schnelle Weiterentwicklung der Schule mit der Realisierung neuer ben\u00f6tigter Lernfl\u00e4chen und die Hilfsbereitschaft des Servir e.V., insbesondere in der aktuellen Zeit der Umstrukturierung des Kernlehrplans, wurde sehr gelobt. Es wurde aber gleichzeitig auch der Bedarf an weiteren Klassenr\u00e4umen, Toiletten und Schulausr\u00fcstung zur Gew\u00e4hrleistung einer weiterhin guten Schulausbildung genannt.<\/p>\n\n\n\n<p>Insbesondere stellten wir fest, dass neue Klassenr\u00e4ume ben\u00f6tigt werden. Wie bereits mehrfach beschrieben, wurde die Anzahl der Grundschuljahre von 6 auf 9 Schuljahre erh\u00f6ht, indem die sogenannte Junior Schule (Klasse 7-9) in die Grundschule integriert wurde. Gemeinsam mit Manos Unidas, einer spanischen Hilfsorganisation, plant der Servir e.V. aktuell den Neubau eines zweist\u00f6ckigen Geb\u00e4udes. Dieses soll sp\u00e4ter drei weitere Klassenr\u00e4ume f\u00fcr die Klassen 7 bis 9 im Erdgeschoss und in der zweiten Etage eine Bibliothek, einen Naturwissenschaftsraum\/Labor und einen Musik- und Kunstraum beherbergen. F\u00fcr ein zweist\u00f6ckiges Geb\u00e4ude setzten wir uns ein, um Platz auf dem kleinen Gel\u00e4nde zu sparen und nicht mehr als notwendig viel an Spielfl\u00e4che der Kinder zu verbauen.<\/p>\n\n\n\n<figure class=\"wp-block-gallery has-nested-images columns-default is-cropped wp-block-gallery-3 is-layout-flex wp-block-gallery-is-layout-flex\">\n<figure class=\"wp-block-image size-large\"><img loading=\"lazy\" decoding=\"async\" width=\"1024\" height=\"683\" data-id=\"3091\" src=\"https:\/\/servir.de\/wordpress\/wp-content\/uploads\/2024\/04\/2023-06-22_D800_Kenia_591_b-1024x683.jpg\" alt=\"\" class=\"wp-image-3091\" srcset=\"https:\/\/servir.de\/wordpress\/wp-content\/uploads\/2024\/04\/2023-06-22_D800_Kenia_591_b-1024x683.jpg 1024w, https:\/\/servir.de\/wordpress\/wp-content\/uploads\/2024\/04\/2023-06-22_D800_Kenia_591_b-300x200.jpg 300w, https:\/\/servir.de\/wordpress\/wp-content\/uploads\/2024\/04\/2023-06-22_D800_Kenia_591_b-768x513.jpg 768w, https:\/\/servir.de\/wordpress\/wp-content\/uploads\/2024\/04\/2023-06-22_D800_Kenia_591_b-1536x1025.jpg 1536w, https:\/\/servir.de\/wordpress\/wp-content\/uploads\/2024\/04\/2023-06-22_D800_Kenia_591_b-2048x1367.jpg 2048w, https:\/\/servir.de\/wordpress\/wp-content\/uploads\/2024\/04\/2023-06-22_D800_Kenia_591_b-676x451.jpg 676w\" sizes=\"(max-width: 1024px) 100vw, 1024px\" \/><\/figure>\n\n\n\n<figure class=\"wp-block-image size-large\"><img loading=\"lazy\" decoding=\"async\" width=\"1024\" height=\"683\" data-id=\"3090\" src=\"https:\/\/servir.de\/wordpress\/wp-content\/uploads\/2024\/04\/2023-06-22_D800_Kenia_675_b-1-1024x683.jpg\" alt=\"\" class=\"wp-image-3090\" srcset=\"https:\/\/servir.de\/wordpress\/wp-content\/uploads\/2024\/04\/2023-06-22_D800_Kenia_675_b-1-1024x683.jpg 1024w, https:\/\/servir.de\/wordpress\/wp-content\/uploads\/2024\/04\/2023-06-22_D800_Kenia_675_b-1-300x200.jpg 300w, https:\/\/servir.de\/wordpress\/wp-content\/uploads\/2024\/04\/2023-06-22_D800_Kenia_675_b-1-768x513.jpg 768w, https:\/\/servir.de\/wordpress\/wp-content\/uploads\/2024\/04\/2023-06-22_D800_Kenia_675_b-1-1536x1025.jpg 1536w, https:\/\/servir.de\/wordpress\/wp-content\/uploads\/2024\/04\/2023-06-22_D800_Kenia_675_b-1-2048x1367.jpg 2048w, https:\/\/servir.de\/wordpress\/wp-content\/uploads\/2024\/04\/2023-06-22_D800_Kenia_675_b-1-676x451.jpg 676w\" sizes=\"(max-width: 1024px) 100vw, 1024px\" \/><\/figure>\n<\/figure>\n\n\n\n<p>Einen besonders dringenden Bedarf sahen wir in der Erweiterung und Modernisierung der Schulk\u00fcche, die bisher nur aus einem winzigen Steingeb\u00e4ude mit einer Kochstelle besteht. Hier wird t\u00e4glich f\u00fcr die insgesamt mehr als 200 Sch\u00fclerinnen und Sch\u00fcler gekocht, was die Kapazit\u00e4ten der bestehenden K\u00fcche deutlich \u00fcbersteigt. Da das Mittagessen in der Schule f\u00fcr viele Kinder die einzige Mahlzeit des Tages darstellt, ist es uns als Servir e.V. ein gro\u00dfes Bed\u00fcrftnis die Schule mit einer neuen K\u00fcche bestehend aus mehreren Kochstellen und einem Lager f\u00fcr Lebensmittel und Brennholz zu unterst\u00fctzen.<\/p>\n\n\n\n<p>Wir beendeten die Begegnungsreise 2023 mit einer mehrt\u00e4gigen Safari im Tsavo Ost und West Nationalpark. Hier konnten wir viel f\u00fcr die einheimische Tierwelt erfahren. Insbesondere die gro\u00dfen Elefantenherden beeindruckten uns sehr.<\/p>\n\n\n\n<figure class=\"wp-block-gallery has-nested-images columns-default is-cropped wp-block-gallery-4 is-layout-flex wp-block-gallery-is-layout-flex\">\n<figure class=\"wp-block-image size-large\"><img loading=\"lazy\" decoding=\"async\" width=\"1024\" height=\"768\" data-id=\"3100\" src=\"https:\/\/servir.de\/wordpress\/wp-content\/uploads\/2024\/04\/IMG-20240429-WA0002-1024x768.jpg\" alt=\"\" class=\"wp-image-3100\" srcset=\"https:\/\/servir.de\/wordpress\/wp-content\/uploads\/2024\/04\/IMG-20240429-WA0002-1024x768.jpg 1024w, https:\/\/servir.de\/wordpress\/wp-content\/uploads\/2024\/04\/IMG-20240429-WA0002-300x225.jpg 300w, https:\/\/servir.de\/wordpress\/wp-content\/uploads\/2024\/04\/IMG-20240429-WA0002-768x576.jpg 768w, https:\/\/servir.de\/wordpress\/wp-content\/uploads\/2024\/04\/IMG-20240429-WA0002-1536x1152.jpg 1536w, https:\/\/servir.de\/wordpress\/wp-content\/uploads\/2024\/04\/IMG-20240429-WA0002-676x507.jpg 676w, https:\/\/servir.de\/wordpress\/wp-content\/uploads\/2024\/04\/IMG-20240429-WA0002.jpg 1984w\" sizes=\"(max-width: 1024px) 100vw, 1024px\" \/><\/figure>\n\n\n\n<figure class=\"wp-block-image size-large\"><img loading=\"lazy\" decoding=\"async\" width=\"1024\" height=\"683\" data-id=\"3088\" src=\"https:\/\/servir.de\/wordpress\/wp-content\/uploads\/2024\/04\/2023-06-26_D800_Kenia_867_b-1024x683.jpg\" alt=\"\" class=\"wp-image-3088\" srcset=\"https:\/\/servir.de\/wordpress\/wp-content\/uploads\/2024\/04\/2023-06-26_D800_Kenia_867_b-1024x683.jpg 1024w, https:\/\/servir.de\/wordpress\/wp-content\/uploads\/2024\/04\/2023-06-26_D800_Kenia_867_b-300x200.jpg 300w, https:\/\/servir.de\/wordpress\/wp-content\/uploads\/2024\/04\/2023-06-26_D800_Kenia_867_b-768x513.jpg 768w, https:\/\/servir.de\/wordpress\/wp-content\/uploads\/2024\/04\/2023-06-26_D800_Kenia_867_b-1536x1025.jpg 1536w, https:\/\/servir.de\/wordpress\/wp-content\/uploads\/2024\/04\/2023-06-26_D800_Kenia_867_b-2048x1367.jpg 2048w, https:\/\/servir.de\/wordpress\/wp-content\/uploads\/2024\/04\/2023-06-26_D800_Kenia_867_b-676x451.jpg 676w\" sizes=\"(max-width: 1024px) 100vw, 1024px\" \/><\/figure>\n\n\n\n<figure class=\"wp-block-image size-large\"><img loading=\"lazy\" decoding=\"async\" width=\"1024\" height=\"768\" data-id=\"3099\" src=\"https:\/\/servir.de\/wordpress\/wp-content\/uploads\/2024\/04\/IMG-20240429-WA0001-1024x768.jpg\" alt=\"\" class=\"wp-image-3099\" srcset=\"https:\/\/servir.de\/wordpress\/wp-content\/uploads\/2024\/04\/IMG-20240429-WA0001-1024x768.jpg 1024w, https:\/\/servir.de\/wordpress\/wp-content\/uploads\/2024\/04\/IMG-20240429-WA0001-300x225.jpg 300w, https:\/\/servir.de\/wordpress\/wp-content\/uploads\/2024\/04\/IMG-20240429-WA0001-768x576.jpg 768w, https:\/\/servir.de\/wordpress\/wp-content\/uploads\/2024\/04\/IMG-20240429-WA0001-1536x1152.jpg 1536w, https:\/\/servir.de\/wordpress\/wp-content\/uploads\/2024\/04\/IMG-20240429-WA0001-676x507.jpg 676w, https:\/\/servir.de\/wordpress\/wp-content\/uploads\/2024\/04\/IMG-20240429-WA0001.jpg 1600w\" sizes=\"(max-width: 1024px) 100vw, 1024px\" \/><\/figure>\n<\/figure>\n\n\n\n<p>Die Begegnung mit den Menschen vor Ort war f\u00fcr alle eine wertvolle Erfahrung. Die Entwicklung des Projektes in den letzten Jahren wurde evaluiert und es wurden Pl\u00e4ne f\u00fcr die Zukunft geschmiedet. Wir kommen motiviert und mit vielen neuen Eindr\u00fccken und Ideen zur\u00fcck. Ganz besonders m\u00f6chten wir uns im Namen der Schwestern von der unbefleckten Empf\u00e4ngnis Mariens und der Menschen in Pundamilia bei euch und Ihnen, liebe Unterst\u00fctzer des Servir e.V., f\u00fcr das gro\u00dfartige Engagement und die vielen Spenden bedanken. Damit konnten wir bereits viel f\u00fcr die Menschen vor Ort erreichen!<\/p>\n\n\n\n<figure class=\"wp-block-image size-large\"><img loading=\"lazy\" decoding=\"async\" width=\"1024\" height=\"683\" src=\"https:\/\/servir.de\/wordpress\/wp-content\/uploads\/2024\/04\/2023-06-24_D800_Kenia_846_c-1024x683.jpg\" alt=\"\" class=\"wp-image-3047\" srcset=\"https:\/\/servir.de\/wordpress\/wp-content\/uploads\/2024\/04\/2023-06-24_D800_Kenia_846_c-1024x683.jpg 1024w, https:\/\/servir.de\/wordpress\/wp-content\/uploads\/2024\/04\/2023-06-24_D800_Kenia_846_c-300x200.jpg 300w, https:\/\/servir.de\/wordpress\/wp-content\/uploads\/2024\/04\/2023-06-24_D800_Kenia_846_c-768x513.jpg 768w, https:\/\/servir.de\/wordpress\/wp-content\/uploads\/2024\/04\/2023-06-24_D800_Kenia_846_c-1536x1025.jpg 1536w, https:\/\/servir.de\/wordpress\/wp-content\/uploads\/2024\/04\/2023-06-24_D800_Kenia_846_c-2048x1367.jpg 2048w, https:\/\/servir.de\/wordpress\/wp-content\/uploads\/2024\/04\/2023-06-24_D800_Kenia_846_c-676x451.jpg 676w\" sizes=\"(max-width: 1024px) 100vw, 1024px\" \/><figcaption class=\"wp-element-caption\">Besuch in Pundamilia<\/figcaption><\/figure>\n","protected":false},"excerpt":{"rendered":"<p>Begegnungsreise nach Pundamilia, Kenia 2023 Am 18.06.2023 starteten einige Mitglieder des Servir e.V. gemeinsam mit einer Gruppe von 6 Sch\u00fclerinnen des Gymnasiums Maria K\u00f6nigin, die sich w\u00e4hrend ihrer Schulzeit f\u00fcr Servir e.V. engagiert haben, die lange geplante Reise nach Kenia zur Bishop Morrow Schule in Pundamilia. Unsere Reisegruppe wurde vor Ort von den Ordensschwestern, den [&hellip;]<\/p>\n","protected":false},"author":15,"featured_media":0,"parent":386,"menu_order":0,"comment_status":"closed","ping_status":"closed","template":"template-fullwidth.php","meta":{"ngg_post_thumbnail":0,"footnotes":""},"_links":{"self":[{"href":"https:\/\/servir.de\/index.php?rest_route=\/wp\/v2\/pages\/3058"}],"collection":[{"href":"https:\/\/servir.de\/index.php?rest_route=\/wp\/v2\/pages"}],"about":[{"href":"https:\/\/servir.de\/index.php?rest_route=\/wp\/v2\/types\/page"}],"author":[{"embeddable":true,"href":"https:\/\/servir.de\/index.php?rest_route=\/wp\/v2\/users\/15"}],"replies":[{"embeddable":true,"href":"https:\/\/servir.de\/index.php?rest_route=%2Fwp%2Fv2%2Fcomments&post=3058"}],"version-history":[{"count":4,"href":"https:\/\/servir.de\/index.php?rest_route=\/wp\/v2\/pages\/3058\/revisions"}],"predecessor-version":[{"id":3102,"href":"https:\/\/servir.de\/index.php?rest_route=\/wp\/v2\/pages\/3058\/revisions\/3102"}],"up":[{"embeddable":true,"href":"https:\/\/servir.de\/index.php?rest_route=\/wp\/v2\/pages\/386"}],"wp:attachment":[{"href":"https:\/\/servir.de\/index.php?rest_route=%2Fwp%2Fv2%2Fmedia&parent=3058"}],"curies":[{"name":"wp","href":"https:\/\/api.w.org\/{rel}","templated":true}]}}