{"id":219,"date":"2018-10-28T09:16:12","date_gmt":"2018-10-28T09:16:12","guid":{"rendered":"https:\/\/servir.de\/wordpress\/?page_id=219"},"modified":"2024-02-26T22:36:45","modified_gmt":"2024-02-26T22:36:45","slug":"startseite","status":"publish","type":"page","link":"https:\/\/servir.de\/","title":{"rendered":"Herzlich Willkommen!"},"content":{"rendered":"\n<div class=\"wp-block-buttons has-custom-font-size has-large-font-size is-content-justification-right is-layout-flex wp-container-core-buttons-is-layout-1 wp-block-buttons-is-layout-flex\" style=\"font-style:italic;font-weight:800\">\n<div class=\"wp-block-button is-style-outline\"><a class=\"wp-block-button__link wp-element-button\" href=\"https:\/\/servir.de\/?page_id=2468\" style=\"border-radius:10px\">Hier geht es zu den Patenschaften &#8230;<\/a><\/div>\n<\/div>\n\n\n\n<p>SERVIR ist ein Verein, der sich f\u00fcr die Belange der Einen Welt einsetzt, mit besonderem Blick auf die Kinder.<\/p>\n\n\n\n<p>Informieren Sie sich auf diesen Seiten gerne \u00fcber unsere Aktivit\u00e4ten am Gymnasium Maria K\u00f6nigin und in der ganzen Welt!<\/p>\n\n\n\n<div class=\"wp-block-columns has-3-columns is-layout-flex wp-container-core-columns-is-layout-1 wp-block-columns-is-layout-flex\">\n<div class=\"wp-block-column is-layout-flow wp-block-column-is-layout-flow\">\n<div class=\"wp-block-cover is-light\"><span aria-hidden=\"true\" class=\"wp-block-cover__background has-background-dim\"><\/span><img loading=\"lazy\" decoding=\"async\" width=\"800\" height=\"533\" class=\"wp-block-cover__image-background wp-image-191\" alt=\"\" src=\"https:\/\/servir.de\/wordpress\/wp-content\/uploads\/2018\/09\/IMG_0627.jpg\" style=\"object-position:87% 100%\" data-object-fit=\"cover\" data-object-position=\"87% 100%\" srcset=\"https:\/\/servir.de\/wordpress\/wp-content\/uploads\/2018\/09\/IMG_0627.jpg 800w, https:\/\/servir.de\/wordpress\/wp-content\/uploads\/2018\/09\/IMG_0627-300x200.jpg 300w, https:\/\/servir.de\/wordpress\/wp-content\/uploads\/2018\/09\/IMG_0627-768x512.jpg 768w, https:\/\/servir.de\/wordpress\/wp-content\/uploads\/2018\/09\/IMG_0627-676x450.jpg 676w\" sizes=\"(max-width: 800px) 100vw, 800px\" \/><div class=\"wp-block-cover__inner-container is-layout-flow wp-block-cover-is-layout-flow\">\n<p class=\"has-text-align-center has-white-color has-text-color has-link-color has-large-font-size wp-elements-666598ccae2103f13e6e5caedfd009cf\"><a href=\"https:\/\/servir.de\/wordpress\/?page_id=23\"><strong>Verein<\/strong><\/a><\/p>\n<\/div><\/div>\n<\/div>\n\n\n\n<div class=\"wp-block-column is-layout-flow wp-block-column-is-layout-flow\">\n<div class=\"wp-block-cover is-light has-white-color has-text-color has-link-color wp-elements-837fd6119b127b7771b921f4354d1cfe\"><span aria-hidden=\"true\" class=\"wp-block-cover__background has-background-dim\"><\/span><img loading=\"lazy\" decoding=\"async\" width=\"800\" height=\"533\" class=\"wp-block-cover__image-background wp-image-197\" alt=\"\" src=\"https:\/\/servir.de\/wordpress\/wp-content\/uploads\/2018\/09\/IMG_0651.jpg\" style=\"object-position:76% 47%\" data-object-fit=\"cover\" data-object-position=\"76% 47%\" srcset=\"https:\/\/servir.de\/wordpress\/wp-content\/uploads\/2018\/09\/IMG_0651.jpg 800w, https:\/\/servir.de\/wordpress\/wp-content\/uploads\/2018\/09\/IMG_0651-300x200.jpg 300w, https:\/\/servir.de\/wordpress\/wp-content\/uploads\/2018\/09\/IMG_0651-768x512.jpg 768w, https:\/\/servir.de\/wordpress\/wp-content\/uploads\/2018\/09\/IMG_0651-676x450.jpg 676w\" sizes=\"(max-width: 800px) 100vw, 800px\" \/><div class=\"wp-block-cover__inner-container is-layout-flow wp-block-cover-is-layout-flow\">\n<p class=\"has-text-align-center has-white-color has-text-color has-link-color has-large-font-size wp-elements-400f83b0a82aa3c444ed8dbb995b2e88\"><a href=\"https:\/\/servir.de\/wordpress\/?page_id=25\"><strong>Projekte<\/strong><\/a><\/p>\n<\/div><\/div>\n<\/div>\n\n\n\n<div class=\"wp-block-column is-layout-flow wp-block-column-is-layout-flow\">\n<div class=\"wp-block-cover is-light has-white-color has-text-color has-link-color wp-elements-200594cb219aeef8efb79c49c5047dee\"><span aria-hidden=\"true\" class=\"wp-block-cover__background has-background-dim\"><\/span><img loading=\"lazy\" decoding=\"async\" width=\"700\" height=\"394\" class=\"wp-block-cover__image-background wp-image-428\" alt=\"\" src=\"https:\/\/servir.de\/wordpress\/wp-content\/uploads\/2018\/10\/mk-e1540936043691.jpg\" style=\"object-position:50% 100%\" data-object-fit=\"cover\" data-object-position=\"50% 100%\" srcset=\"https:\/\/servir.de\/wordpress\/wp-content\/uploads\/2018\/10\/mk-e1540936043691.jpg 700w, https:\/\/servir.de\/wordpress\/wp-content\/uploads\/2018\/10\/mk-e1540936043691-300x169.jpg 300w, https:\/\/servir.de\/wordpress\/wp-content\/uploads\/2018\/10\/mk-e1540936043691-676x380.jpg 676w\" sizes=\"(max-width: 700px) 100vw, 700px\" \/><div class=\"wp-block-cover__inner-container is-layout-flow wp-block-cover-is-layout-flow\">\n<p class=\"has-text-align-center has-white-color has-text-color has-link-color has-large-font-size wp-elements-5bf3ade88a3f8ed371b2778335b9188d\"><a href=\"https:\/\/servir.de\/wordpress\/?page_id=38\"><strong>Mitmachen<\/strong><\/a><\/p>\n<\/div><\/div>\n<\/div>\n<\/div>\n\n\n\n<p>\u00dcber Ihre Unterst\u00fctzung freuen wir uns ganz besonders, ganz gleich welcher Art. <a href=\"https:\/\/servir.de\/wordpress\/?page_id=38\">Starten Sie noch heute<\/a><\/p>\n\n\n\n\n","protected":false},"excerpt":{"rendered":"<p>SERVIR ist ein Verein, der sich f\u00fcr die Belange der Einen Welt einsetzt, mit besonderem Blick auf die Kinder. Informieren Sie sich auf diesen Seiten gerne \u00fcber unsere Aktivit\u00e4ten am Gymnasium Maria K\u00f6nigin und in der ganzen Welt! \u00dcber Ihre Unterst\u00fctzung freuen wir uns ganz besonders, ganz gleich welcher Art. Starten Sie noch heute<\/p>\n","protected":false},"author":3,"featured_media":0,"parent":0,"menu_order":0,"comment_status":"closed","ping_status":"closed","template":"template-fullwidth.php","meta":{"ngg_post_thumbnail":0,"footnotes":""},"_links":{"self":[{"href":"https:\/\/servir.de\/index.php?rest_route=\/wp\/v2\/pages\/219"}],"collection":[{"href":"https:\/\/servir.de\/index.php?rest_route=\/wp\/v2\/pages"}],"about":[{"href":"https:\/\/servir.de\/index.php?rest_route=\/wp\/v2\/types\/page"}],"author":[{"embeddable":true,"href":"https:\/\/servir.de\/index.php?rest_route=\/wp\/v2\/users\/3"}],"replies":[{"embeddable":true,"href":"https:\/\/servir.de\/index.php?rest_route=%2Fwp%2Fv2%2Fcomments&post=219"}],"version-history":[{"count":48,"href":"https:\/\/servir.de\/index.php?rest_route=\/wp\/v2\/pages\/219\/revisions"}],"predecessor-version":[{"id":3000,"href":"https:\/\/servir.de\/index.php?rest_route=\/wp\/v2\/pages\/219\/revisions\/3000"}],"wp:attachment":[{"href":"https:\/\/servir.de\/index.php?rest_route=%2Fwp%2Fv2%2Fmedia&parent=219"}],"curies":[{"name":"wp","href":"https:\/\/api.w.org\/{rel}","templated":true}]}}