{"id":1699,"date":"2018-12-22T16:37:30","date_gmt":"2018-12-22T16:37:30","guid":{"rendered":"https:\/\/servir.de\/wordpress\/?page_id=1699"},"modified":"2022-01-24T22:15:52","modified_gmt":"2022-01-24T22:15:52","slug":"wasser-in-pundamilia","status":"publish","type":"page","link":"https:\/\/servir.de\/?page_id=1699","title":{"rendered":"Wasser in Pundamilia"},"content":{"rendered":"\n<p>Die Warmwasseraufbereitung und die Stromgewinnung auf dem Campus  geschieht \u00fcber Solarenergie. F\u00fcr die Trinkwassergewinnung wurde bisher  das Regenwasser in gro\u00dfen Wassertanks gesammelt. Das hatte jedoch v.a. in  der Trockenzeit mehrfach zu Engp\u00e4ssen bei der Trinkwasserversorgung  gef\u00fchrt. Um dauerhaft von Wasserlieferungen unabh\u00e4ngig zu sein, wurde  Ende 2017 eine Tiefenbohrung vorgenommen. Das Projekt wurde unterst\u00fctzt  durch die Procent Initiative der Daimler AG. Die Freude war gro\u00df, als  man in ca. 100 m Tiefe auf Grundwasser stie\u00df. Bei der nachfolgenden  Wasseruntersuchung stellte sich bedauerlicherweise heraus, dass das Wasser salzhaltig  ist. <\/p>\n\n\n\n<figure class=\"wp-block-gallery columns-3 is-cropped wp-block-gallery-1 is-layout-flex wp-block-gallery-is-layout-flex\"><ul class=\"blocks-gallery-grid\"><li class=\"blocks-gallery-item\"><figure><img loading=\"lazy\" decoding=\"async\" width=\"1024\" height=\"768\" src=\"https:\/\/servir.de\/wordpress\/wp-content\/uploads\/2018\/12\/DSCN9954-1024x768.jpg\" alt=\"\" data-id=\"1742\" data-link=\"https:\/\/servir.de\/wordpress\/?attachment_id=1742\" class=\"wp-image-1742\" srcset=\"https:\/\/servir.de\/wordpress\/wp-content\/uploads\/2018\/12\/DSCN9954-1024x768.jpg 1024w, https:\/\/servir.de\/wordpress\/wp-content\/uploads\/2018\/12\/DSCN9954-300x225.jpg 300w, https:\/\/servir.de\/wordpress\/wp-content\/uploads\/2018\/12\/DSCN9954-768x576.jpg 768w, https:\/\/servir.de\/wordpress\/wp-content\/uploads\/2018\/12\/DSCN9954-676x507.jpg 676w\" sizes=\"(max-width: 1024px) 100vw, 1024px\" \/><figcaption class=\"blocks-gallery-item__caption\">Brunnenanlage<\/figcaption><\/figure><\/li><li class=\"blocks-gallery-item\"><figure><img loading=\"lazy\" decoding=\"async\" width=\"1024\" height=\"768\" src=\"https:\/\/servir.de\/wordpress\/wp-content\/uploads\/2018\/12\/DSCN0094-1-1024x768.jpg\" alt=\"\" data-id=\"1743\" data-link=\"https:\/\/servir.de\/wordpress\/?attachment_id=1743\" class=\"wp-image-1743\" srcset=\"https:\/\/servir.de\/wordpress\/wp-content\/uploads\/2018\/12\/DSCN0094-1-1024x768.jpg 1024w, https:\/\/servir.de\/wordpress\/wp-content\/uploads\/2018\/12\/DSCN0094-1-300x225.jpg 300w, https:\/\/servir.de\/wordpress\/wp-content\/uploads\/2018\/12\/DSCN0094-1-768x576.jpg 768w, https:\/\/servir.de\/wordpress\/wp-content\/uploads\/2018\/12\/DSCN0094-1-676x507.jpg 676w\" sizes=\"(max-width: 1024px) 100vw, 1024px\" \/><figcaption class=\"blocks-gallery-item__caption\">Waschstation der Schwestern<\/figcaption><\/figure><\/li><li class=\"blocks-gallery-item\"><figure><img loading=\"lazy\" decoding=\"async\" width=\"1024\" height=\"747\" src=\"https:\/\/servir.de\/wordpress\/wp-content\/uploads\/2018\/12\/DSCN0031-1-1024x747.jpg\" alt=\"\" data-id=\"1745\" data-link=\"https:\/\/servir.de\/wordpress\/?attachment_id=1745\" class=\"wp-image-1745\" srcset=\"https:\/\/servir.de\/wordpress\/wp-content\/uploads\/2018\/12\/DSCN0031-1-1024x747.jpg 1024w, https:\/\/servir.de\/wordpress\/wp-content\/uploads\/2018\/12\/DSCN0031-1-300x219.jpg 300w, https:\/\/servir.de\/wordpress\/wp-content\/uploads\/2018\/12\/DSCN0031-1-768x560.jpg 768w, https:\/\/servir.de\/wordpress\/wp-content\/uploads\/2018\/12\/DSCN0031-1-676x493.jpg 676w, https:\/\/servir.de\/wordpress\/wp-content\/uploads\/2018\/12\/DSCN0031-1.jpg 1835w\" sizes=\"(max-width: 1024px) 100vw, 1024px\" \/><figcaption class=\"blocks-gallery-item__caption\">Regenwasserspeicher<\/figcaption><\/figure><\/li><\/ul><\/figure>\n\n\n\n<p> Bisher konnte das Wasser nur als Brauchwasser beim  W\u00e4schewaschen und in den Sanit\u00e4ranlagen der Schule genutzt werden. Um  das Wasser zus\u00e4tzlich trinkbar zu machen, hat der Servir e.V. in Aquaba  einen potentiellen Partner gefunden. Das junge Start-Up aus Deggendorf  entwickelt Solarmodule, welche mit einfachsten Materialien und  Arbeitsschritten gefertigt werden k\u00f6nnen. Mit Unterst\u00fctzung der  technical school von Don Bosco in Makuyu wurden diese gefertigt und  installiert.<\/p>\n\n\n\n<figure class=\"wp-block-gallery columns-2 is-cropped wp-block-gallery-2 is-layout-flex wp-block-gallery-is-layout-flex\"><ul class=\"blocks-gallery-grid\"><li class=\"blocks-gallery-item\"><figure><img loading=\"lazy\" decoding=\"async\" width=\"518\" height=\"345\" src=\"https:\/\/servir.de\/wordpress\/wp-content\/uploads\/2018\/12\/Bild1.jpg\" alt=\"\" data-id=\"1737\" data-link=\"https:\/\/servir.de\/wordpress\/?attachment_id=1737\" class=\"wp-image-1737\" srcset=\"https:\/\/servir.de\/wordpress\/wp-content\/uploads\/2018\/12\/Bild1.jpg 518w, https:\/\/servir.de\/wordpress\/wp-content\/uploads\/2018\/12\/Bild1-300x200.jpg 300w\" sizes=\"(max-width: 518px) 100vw, 518px\" \/><figcaption class=\"blocks-gallery-item__caption\">Entsalzungsanlage im Aufbau<\/figcaption><\/figure><\/li><li class=\"blocks-gallery-item\"><figure><img loading=\"lazy\" decoding=\"async\" width=\"426\" height=\"347\" src=\"https:\/\/servir.de\/wordpress\/wp-content\/uploads\/2018\/12\/Bild2.jpg\" alt=\"\" data-id=\"1738\" data-link=\"https:\/\/servir.de\/wordpress\/?attachment_id=1738\" class=\"wp-image-1738\" srcset=\"https:\/\/servir.de\/wordpress\/wp-content\/uploads\/2018\/12\/Bild2.jpg 426w, https:\/\/servir.de\/wordpress\/wp-content\/uploads\/2018\/12\/Bild2-300x244.jpg 300w\" sizes=\"(max-width: 426px) 100vw, 426px\" \/><figcaption class=\"blocks-gallery-item__caption\">Fertiggestellte Anlage in Pundamilia<\/figcaption><\/figure><\/li><\/ul><\/figure>\n\n\n\n<p>Leider erbrachte diese D.I.Y. Entsalzungsanlage nicht der erw\u00fcnschten Erfolg, daher sind wir weiterhin auf der Suche nache einer L\u00f6sung das Brunnenwasser aufzubereiten. Hinweise und Tipps jeglicher Art sind herzlich willkommen.<\/p>\n\n\n\n<p>Ausf\u00fchrliche Informationen finden Sie im <a href=\"https:\/\/servir.de\/wordpress\/?page_id=496\">Rundbrief 2018<\/a>.<\/p>\n","protected":false},"excerpt":{"rendered":"<p>Die Warmwasseraufbereitung und die Stromgewinnung auf dem Campus geschieht \u00fcber Solarenergie. F\u00fcr die Trinkwassergewinnung wurde bisher das Regenwasser in gro\u00dfen Wassertanks gesammelt. Das hatte jedoch v.a. in der Trockenzeit mehrfach zu Engp\u00e4ssen bei der Trinkwasserversorgung gef\u00fchrt. Um dauerhaft von Wasserlieferungen unabh\u00e4ngig zu sein, wurde Ende 2017 eine Tiefenbohrung vorgenommen. Das Projekt wurde unterst\u00fctzt durch die [&hellip;]<\/p>\n","protected":false},"author":3,"featured_media":0,"parent":386,"menu_order":0,"comment_status":"closed","ping_status":"closed","template":"template-fullwidth.php","meta":{"ngg_post_thumbnail":0,"footnotes":""},"_links":{"self":[{"href":"https:\/\/servir.de\/index.php?rest_route=\/wp\/v2\/pages\/1699"}],"collection":[{"href":"https:\/\/servir.de\/index.php?rest_route=\/wp\/v2\/pages"}],"about":[{"href":"https:\/\/servir.de\/index.php?rest_route=\/wp\/v2\/types\/page"}],"author":[{"embeddable":true,"href":"https:\/\/servir.de\/index.php?rest_route=\/wp\/v2\/users\/3"}],"replies":[{"embeddable":true,"href":"https:\/\/servir.de\/index.php?rest_route=%2Fwp%2Fv2%2Fcomments&post=1699"}],"version-history":[{"count":7,"href":"https:\/\/servir.de\/index.php?rest_route=\/wp\/v2\/pages\/1699\/revisions"}],"predecessor-version":[{"id":2711,"href":"https:\/\/servir.de\/index.php?rest_route=\/wp\/v2\/pages\/1699\/revisions\/2711"}],"up":[{"embeddable":true,"href":"https:\/\/servir.de\/index.php?rest_route=\/wp\/v2\/pages\/386"}],"wp:attachment":[{"href":"https:\/\/servir.de\/index.php?rest_route=%2Fwp%2Fv2%2Fmedia&parent=1699"}],"curies":[{"name":"wp","href":"https:\/\/api.w.org\/{rel}","templated":true}]}}