{"id":1668,"date":"2018-12-22T16:08:21","date_gmt":"2018-12-22T16:08:21","guid":{"rendered":"https:\/\/servir.de\/wordpress\/?page_id=1668"},"modified":"2022-02-09T22:01:52","modified_gmt":"2022-02-09T22:01:52","slug":"krankenstation-in-pundamilia","status":"publish","type":"page","link":"https:\/\/servir.de\/?page_id=1668","title":{"rendered":"Krankenstation in Pundamilia"},"content":{"rendered":"\n<p>Die Dispensary (Krankenstation) ist seit Mitte 2017 ge\u00f6ffnet und wird von den Schwestern betreut. Vor Ort arbeiten ein Clinical Officer, eine Krankenschwester, ein Laborant und eine Angestellte in der Apotheke. Die Kunde von der neuen Krankenstation verbreitet sich allm\u00e4hlich in der Bev\u00f6lkerung. Durch Werbetafeln und Wegweiser wird aktiv auf die Einrichtung verwiesen. T\u00e4glich kommen so durchschnittlich 10 bis 15 Personen zur Behandlung vorbei. <\/p>\n\n\n\n<figure class=\"wp-block-gallery columns-2 is-cropped wp-block-gallery-1 is-layout-flex wp-block-gallery-is-layout-flex\"><ul class=\"blocks-gallery-grid\"><li class=\"blocks-gallery-item\"><figure><img loading=\"lazy\" decoding=\"async\" width=\"1024\" height=\"768\" src=\"https:\/\/servir.de\/wordpress\/wp-content\/uploads\/2018\/12\/DSCN0064-1-1024x768.jpg\" alt=\"\" data-id=\"1719\" data-link=\"https:\/\/servir.de\/wordpress\/?attachment_id=1719\" class=\"wp-image-1719\" srcset=\"https:\/\/servir.de\/wordpress\/wp-content\/uploads\/2018\/12\/DSCN0064-1-1024x768.jpg 1024w, https:\/\/servir.de\/wordpress\/wp-content\/uploads\/2018\/12\/DSCN0064-1-300x225.jpg 300w, https:\/\/servir.de\/wordpress\/wp-content\/uploads\/2018\/12\/DSCN0064-1-768x576.jpg 768w, https:\/\/servir.de\/wordpress\/wp-content\/uploads\/2018\/12\/DSCN0064-1-676x507.jpg 676w\" sizes=\"(max-width: 1024px) 100vw, 1024px\" \/><figcaption class=\"blocks-gallery-item__caption\">Krankenstation in Pundamilia<\/figcaption><\/figure><\/li><li class=\"blocks-gallery-item\"><figure><img loading=\"lazy\" decoding=\"async\" width=\"1024\" height=\"768\" src=\"https:\/\/servir.de\/wordpress\/wp-content\/uploads\/2018\/12\/DSCN0052-1-1024x768.jpg\" alt=\"\" data-id=\"1718\" data-link=\"https:\/\/servir.de\/wordpress\/?attachment_id=1718\" class=\"wp-image-1718\" srcset=\"https:\/\/servir.de\/wordpress\/wp-content\/uploads\/2018\/12\/DSCN0052-1-1024x768.jpg 1024w, https:\/\/servir.de\/wordpress\/wp-content\/uploads\/2018\/12\/DSCN0052-1-300x225.jpg 300w, https:\/\/servir.de\/wordpress\/wp-content\/uploads\/2018\/12\/DSCN0052-1-768x576.jpg 768w, https:\/\/servir.de\/wordpress\/wp-content\/uploads\/2018\/12\/DSCN0052-1-676x507.jpg 676w\" sizes=\"(max-width: 1024px) 100vw, 1024px\" \/><figcaption class=\"blocks-gallery-item__caption\">Mitarbeiter der Krankenstation<\/figcaption><\/figure><\/li><\/ul><\/figure>\n\n\n\n<p>Typische Krankheiten sind Typhus und Darminfektionen, verursacht durch  verschmutztes  Trinkwasser, bakterielle Infektionen und HIV. Aufgrund von Mangelern\u00e4hrung ist auch Diabetes ein h\u00e4ufiges Krankheitsbild. Der Clinical Officer besucht deswegen h\u00e4ufig Gemeindeversammlungen, um \u00fcber die Krankheiten und vorbeugende Ma\u00dfnahmen aufzukl\u00e4ren. Im Labor gibt es ein Mikroskop und Instrumente f\u00fcr die Blut- und Urinuntersuchung und zur Kultivierung von Bakterien. Die Beratung ist kostenlos und die Medizin wird f\u00fcr den Einkaufspreis weitergegeben. K\u00f6nnen die Menschen sich diese nicht leisten, bekommen sie die notwendigen Medikamente umsonst.<\/p>\n\n\n\n<figure class=\"wp-block-gallery columns-3 is-cropped wp-block-gallery-2 is-layout-flex wp-block-gallery-is-layout-flex\"><ul class=\"blocks-gallery-grid\"><li class=\"blocks-gallery-item\"><figure><img loading=\"lazy\" decoding=\"async\" width=\"1024\" height=\"768\" src=\"https:\/\/servir.de\/wordpress\/wp-content\/uploads\/2018\/12\/DSCN0106-1024x768.jpg\" alt=\"\" data-id=\"1733\" data-link=\"https:\/\/servir.de\/wordpress\/?attachment_id=1733\" class=\"wp-image-1733\" srcset=\"https:\/\/servir.de\/wordpress\/wp-content\/uploads\/2018\/12\/DSCN0106-1024x768.jpg 1024w, https:\/\/servir.de\/wordpress\/wp-content\/uploads\/2018\/12\/DSCN0106-300x225.jpg 300w, https:\/\/servir.de\/wordpress\/wp-content\/uploads\/2018\/12\/DSCN0106-768x576.jpg 768w, https:\/\/servir.de\/wordpress\/wp-content\/uploads\/2018\/12\/DSCN0106-676x507.jpg 676w\" sizes=\"(max-width: 1024px) 100vw, 1024px\" \/><figcaption class=\"blocks-gallery-item__caption\">Doktorin<\/figcaption><\/figure><\/li><li class=\"blocks-gallery-item\"><figure><img loading=\"lazy\" decoding=\"async\" width=\"1024\" height=\"768\" src=\"https:\/\/servir.de\/wordpress\/wp-content\/uploads\/2018\/12\/DSCN0097-1-1024x768.jpg\" alt=\"\" data-id=\"1721\" data-link=\"https:\/\/servir.de\/wordpress\/?attachment_id=1721\" class=\"wp-image-1721\" srcset=\"https:\/\/servir.de\/wordpress\/wp-content\/uploads\/2018\/12\/DSCN0097-1-1024x768.jpg 1024w, https:\/\/servir.de\/wordpress\/wp-content\/uploads\/2018\/12\/DSCN0097-1-300x225.jpg 300w, https:\/\/servir.de\/wordpress\/wp-content\/uploads\/2018\/12\/DSCN0097-1-768x576.jpg 768w, https:\/\/servir.de\/wordpress\/wp-content\/uploads\/2018\/12\/DSCN0097-1-676x507.jpg 676w\" sizes=\"(max-width: 1024px) 100vw, 1024px\" \/><figcaption class=\"blocks-gallery-item__caption\">Laborant<\/figcaption><\/figure><\/li><li class=\"blocks-gallery-item\"><figure><img loading=\"lazy\" decoding=\"async\" width=\"1024\" height=\"768\" src=\"https:\/\/servir.de\/wordpress\/wp-content\/uploads\/2018\/12\/DSCN0103-1024x768.jpg\" alt=\"\" data-id=\"1708\" data-link=\"https:\/\/servir.de\/wordpress\/?attachment_id=1708\" class=\"wp-image-1708\" srcset=\"https:\/\/servir.de\/wordpress\/wp-content\/uploads\/2018\/12\/DSCN0103-1024x768.jpg 1024w, https:\/\/servir.de\/wordpress\/wp-content\/uploads\/2018\/12\/DSCN0103-300x225.jpg 300w, https:\/\/servir.de\/wordpress\/wp-content\/uploads\/2018\/12\/DSCN0103-768x576.jpg 768w, https:\/\/servir.de\/wordpress\/wp-content\/uploads\/2018\/12\/DSCN0103-676x507.jpg 676w\" sizes=\"(max-width: 1024px) 100vw, 1024px\" \/><figcaption class=\"blocks-gallery-item__caption\">Apothekerin<\/figcaption><\/figure><\/li><\/ul><\/figure>\n\n\n\n<p>Auch Patienten, die mit Symptomen passend zu einer Covid-19 Infektion kommen, werden in der Krankenstation behandelt und bekommen Medikamente sowie Hygieneartikel wie Desinfektionsmittel. Einen Corona-Test f\u00fchren nur einige staatliche Krankenh\u00e4user durch. Die angewendeten Hygienema\u00dfnahmen bei der Betreuung der Patienten sind vergleichbar mit den uns bekannten Regeln: Maske, H\u00e4ndedesinfektion und wenn m\u00f6glich Abstand.<\/p>\n\n\n\n<p>In der Krankenstation l\u00e4uft aktuell ein neues Gesundheitsprojekt in Zusammenarbeit und finanziert durch das Entwicklungsb\u00fcro von Don Bosco Nairobi. Zielgruppe dieses Programmes sind werdende und stillende M\u00fctter, Kinder unter 5 Jahren, kranke Menschen und Senioren. Im Rahmen dieses Programmes wurden 8 Personen ausgebildet, die in die umliegenden D\u00f6rfer ziehen und bei Bedarf den Menschen Nahrungsmittel, Gem\u00fcsesamen zum Selbstanbau, L\u00f6sungen zur Reinigung von Wasser, Hygieneartikel und Medikamente, z.B. zur Entwurmung aush\u00e4ndigen. Au\u00dferdem werden Seminare zum Thema gesunde Ern\u00e4hrung und Hygiene angeboten.<\/p>\n\n\n\n<div class=\"wp-block-columns is-layout-flex wp-container-core-columns-is-layout-1 wp-block-columns-is-layout-flex\">\n<div class=\"wp-block-column is-layout-flow wp-block-column-is-layout-flow\" style=\"flex-basis:100%\">\n<figure class=\"wp-block-gallery columns-3 is-cropped wp-block-gallery-3 is-layout-flex wp-block-gallery-is-layout-flex\"><ul class=\"blocks-gallery-grid\"><li class=\"blocks-gallery-item\"><figure><img loading=\"lazy\" decoding=\"async\" width=\"1024\" height=\"768\" src=\"https:\/\/servir.de\/wordpress\/wp-content\/uploads\/2022\/02\/IMG-20220122-WA0007-1024x768.jpg\" alt=\"\" data-id=\"2725\" data-link=\"https:\/\/servir.de\/?attachment_id=2725\" class=\"wp-image-2725\" srcset=\"https:\/\/servir.de\/wordpress\/wp-content\/uploads\/2022\/02\/IMG-20220122-WA0007-1024x768.jpg 1024w, https:\/\/servir.de\/wordpress\/wp-content\/uploads\/2022\/02\/IMG-20220122-WA0007-300x225.jpg 300w, https:\/\/servir.de\/wordpress\/wp-content\/uploads\/2022\/02\/IMG-20220122-WA0007-768x576.jpg 768w, https:\/\/servir.de\/wordpress\/wp-content\/uploads\/2022\/02\/IMG-20220122-WA0007-676x507.jpg 676w, https:\/\/servir.de\/wordpress\/wp-content\/uploads\/2022\/02\/IMG-20220122-WA0007.jpg 1152w\" sizes=\"(max-width: 1024px) 100vw, 1024px\" \/><figcaption class=\"blocks-gallery-item__caption\">Gruppe der 8 GesundheitsberaterInnen<\/figcaption><\/figure><\/li><li class=\"blocks-gallery-item\"><figure><img loading=\"lazy\" decoding=\"async\" width=\"1024\" height=\"768\" src=\"https:\/\/servir.de\/wordpress\/wp-content\/uploads\/2022\/02\/IMG-20220122-WA0010-1024x768.jpg\" alt=\"\" data-id=\"2726\" data-link=\"https:\/\/servir.de\/?attachment_id=2726\" class=\"wp-image-2726\" srcset=\"https:\/\/servir.de\/wordpress\/wp-content\/uploads\/2022\/02\/IMG-20220122-WA0010-1024x768.jpg 1024w, https:\/\/servir.de\/wordpress\/wp-content\/uploads\/2022\/02\/IMG-20220122-WA0010-300x225.jpg 300w, https:\/\/servir.de\/wordpress\/wp-content\/uploads\/2022\/02\/IMG-20220122-WA0010-768x576.jpg 768w, https:\/\/servir.de\/wordpress\/wp-content\/uploads\/2022\/02\/IMG-20220122-WA0010-676x507.jpg 676w, https:\/\/servir.de\/wordpress\/wp-content\/uploads\/2022\/02\/IMG-20220122-WA0010.jpg 1152w\" sizes=\"(max-width: 1024px) 100vw, 1024px\" \/><figcaption class=\"blocks-gallery-item__caption\">Austeilen von Mitteln zur Trinkwasseraufbereitung<\/figcaption><\/figure><\/li><li class=\"blocks-gallery-item\"><figure><img loading=\"lazy\" decoding=\"async\" width=\"1024\" height=\"614\" src=\"https:\/\/servir.de\/wordpress\/wp-content\/uploads\/2022\/02\/20200815_110350-1-1024x614.jpg\" alt=\"\" data-id=\"2728\" data-full-url=\"https:\/\/servir.de\/wordpress\/wp-content\/uploads\/2022\/02\/20200815_110350-1-rotated.jpg\" data-link=\"https:\/\/servir.de\/?attachment_id=2728\" class=\"wp-image-2728\" srcset=\"https:\/\/servir.de\/wordpress\/wp-content\/uploads\/2022\/02\/20200815_110350-1-1024x614.jpg 1024w, https:\/\/servir.de\/wordpress\/wp-content\/uploads\/2022\/02\/20200815_110350-1-300x180.jpg 300w, https:\/\/servir.de\/wordpress\/wp-content\/uploads\/2022\/02\/20200815_110350-1-768x461.jpg 768w, https:\/\/servir.de\/wordpress\/wp-content\/uploads\/2022\/02\/20200815_110350-1-200x120.jpg 200w, https:\/\/servir.de\/wordpress\/wp-content\/uploads\/2022\/02\/20200815_110350-1-1536x922.jpg 1536w, https:\/\/servir.de\/wordpress\/wp-content\/uploads\/2022\/02\/20200815_110350-1-2048x1229.jpg 2048w, https:\/\/servir.de\/wordpress\/wp-content\/uploads\/2022\/02\/20200815_110350-1-676x406.jpg 676w\" sizes=\"(max-width: 1024px) 100vw, 1024px\" \/><figcaption class=\"blocks-gallery-item__caption\">Austeilen von Maismehl<\/figcaption><\/figure><\/li><\/ul><\/figure>\n<\/div>\n<\/div>\n\n\n\n<p>Informationen finden Sie auch im <a href=\"https:\/\/servir.de\/wordpress\/?page_id=496\">Rundbrief 2018<\/a>,<\/p>\n","protected":false},"excerpt":{"rendered":"<p>Die Dispensary (Krankenstation) ist seit Mitte 2017 ge\u00f6ffnet und wird von den Schwestern betreut. Vor Ort arbeiten ein Clinical Officer, eine Krankenschwester, ein Laborant und eine Angestellte in der Apotheke. Die Kunde von der neuen Krankenstation verbreitet sich allm\u00e4hlich in der Bev\u00f6lkerung. Durch Werbetafeln und Wegweiser wird aktiv auf die Einrichtung verwiesen. T\u00e4glich kommen so [&hellip;]<\/p>\n","protected":false},"author":3,"featured_media":0,"parent":386,"menu_order":0,"comment_status":"closed","ping_status":"closed","template":"template-fullwidth.php","meta":{"ngg_post_thumbnail":0,"footnotes":""},"_links":{"self":[{"href":"https:\/\/servir.de\/index.php?rest_route=\/wp\/v2\/pages\/1668"}],"collection":[{"href":"https:\/\/servir.de\/index.php?rest_route=\/wp\/v2\/pages"}],"about":[{"href":"https:\/\/servir.de\/index.php?rest_route=\/wp\/v2\/types\/page"}],"author":[{"embeddable":true,"href":"https:\/\/servir.de\/index.php?rest_route=\/wp\/v2\/users\/3"}],"replies":[{"embeddable":true,"href":"https:\/\/servir.de\/index.php?rest_route=%2Fwp%2Fv2%2Fcomments&post=1668"}],"version-history":[{"count":15,"href":"https:\/\/servir.de\/index.php?rest_route=\/wp\/v2\/pages\/1668\/revisions"}],"predecessor-version":[{"id":2742,"href":"https:\/\/servir.de\/index.php?rest_route=\/wp\/v2\/pages\/1668\/revisions\/2742"}],"up":[{"embeddable":true,"href":"https:\/\/servir.de\/index.php?rest_route=\/wp\/v2\/pages\/386"}],"wp:attachment":[{"href":"https:\/\/servir.de\/index.php?rest_route=%2Fwp%2Fv2%2Fmedia&parent=1668"}],"curies":[{"name":"wp","href":"https:\/\/api.w.org\/{rel}","templated":true}]}}