{"id":1591,"date":"2018-12-20T15:42:38","date_gmt":"2018-12-20T15:42:38","guid":{"rendered":"https:\/\/servir.de\/wordpress\/?page_id=1591"},"modified":"2019-03-24T18:18:00","modified_gmt":"2019-03-24T18:18:00","slug":"satzung-des-servir-e-v","status":"publish","type":"page","link":"https:\/\/servir.de\/?page_id=1591","title":{"rendered":"Satzung des Servir e.V."},"content":{"rendered":"\n<p><strong>Satzung in der ge\u00e4nderten Fassung vom 13.04.2018<\/strong><\/p>\n\n\n\n<p>\u00a7 1 &#8211; Name und Sitz des Vereins<br> \u00a7 2 &#8211; Zweck und Aufgabe des Vereins<br> \u00a7 3 &#8211; Die Organe des Vereins<br> \u00a7 4 &#8211; Aufgaben des Vorstandes<br> \u00a7 5 &#8211; Mitgliedschaft<br> \u00a7 6 &#8211; Mitgliedsbeitrag<br> \u00a7 7 &#8211; Rechte und Pflichten der Mitglieder<br> \u00a7 8 &#8211; Die Mitgliederversammlung<br> \u00a7 9 &#8211; Satzungs\u00e4nderungen<br> \u00a7 10 &#8211; Aufl\u00f6sung des Vereins<br> \u00a7 10a &#8211; Datenschutz<br> \u00a7 11 &#8211; Gesch\u00e4ftsjahr<\/p>\n\n\n\n<h3 class=\"wp-block-heading\">\u00a7 1 &#8211; Name und Sitz des Vereins<\/h3>\n\n\n\n<p>Der Verein f\u00fchrt den Namen <strong>Servir e.V.<\/strong><\/p>\n\n\n\n<p>Der Sitz des Vereins ist Lennestadt &#8211; Altenhundem.<\/p>\n\n\n\n<p>Der Verein soll in das Vereinsregister eingetragen werden.<\/p>\n\n\n\n<h3 class=\"wp-block-heading\">\u00a7 2 &#8211; Zweck und Aufgabe des Vereins, selbstlose T\u00e4tigkeit, Verbot von Beg\u00fcnstigungen<\/h3>\n\n\n\n<ol><li>   Zweck des Vereins ist die F\u00f6rderung von Ma\u00dfnahmen auf dem Gebiet der   Entwicklungshilfe in der dritten Welt und damit verbundener Erziehung junger Menschen   zur Erreichung dieses Zwecks.<br><br>Der Satzungszweck wird insbesondere verwirklicht durch<br>   <ul type=\"square\"><li>     Durchf\u00fchrung von Spendenaktionen zugunsten der Partnerschaftsobjekte im Ausland,<br>    <\/li><li>     Entwicklungspolitische Informations- und Aufkl\u00e4rungsarbeit und Bewusstseinsbildung vor Ort,<br>    <\/li><li>     Vermittlung und Weiterleitung von Spenden bzw. Unterst\u00fctzungsma\u00dfnahmen     Dritter zugunsten der Projekte sowie die damit verbundenen Abrechnungen,<br>    <\/li><li>     Durchf\u00fchrung von Aktivit\u00e4ten, die die Ziele des Vereins in p\u00e4dagogischer oder     materieller Hinsicht unterst\u00fctzen,<br>    <\/li><li>     Kontaktpflege auf der Basis gegenseitiger Besuche zur Intensivierung des Partnerschaftsgedankens.<br><br>         Der Verein ist entsprechend seiner Entstehungsgeschichte eng mit dem Gymnasium &#8220;Maria     K\u00f6nigin&#8221; in Lennestadt verbunden.<br>  <\/li><\/ul><\/li><li>   Der Verein verfolgt ausschlie\u00dflich und unmittelbar gemeinn\u00fctzige Zwecke im Sinne des   Abschnitts &#8220;Steuerbeg\u00fcnstigte Zwecke&#8221; der Abgabenordnung.<br>  <\/li><li>   Mittel des Vereins d\u00fcrfen nur f\u00fcr satzungsm\u00e4\u00dfige Zwecke verwendet werden. Die   Mitglieder erhalten keine Zuwendungen aus Mitteln des Vereins.<br><br>   Keine Person darf durch Ausgaben, die dem Zweck des Vereins fremd sind oder durch   unverh\u00e4ltnism\u00e4\u00dfig hohe Verg\u00fctungen beg\u00fcnstigt werden.<br>  <\/li><li>   Der Verein ist parteipolitisch neutral.<br><\/li><\/ol>\n\n\n\n<h3 class=\"wp-block-heading\">\u00a7 3 &#8211; Die Organe des Vereins<\/h3>\n\n\n\n<p>Die Organe des Vereins sind der Vorstand und die Mitgliederversammlung.<\/p>\n\n\n\n<p>Der Vorstand im Sinne von \u00a7 26 BGB besteht aus vier Vorst\u00e4nden. Je zwei Vorst\u00e4nde sind gemeinsam vertretungsberechtigt.<\/p>\n\n\n\n<p>Der Vorstand f\u00fchrt die laufenden Gesch\u00e4fte des Vereins. Seine T\u00e4tigkeit ist ehrenamtlich, Barauslagen k\u00f6nnen erstattet werden.<\/p>\n\n\n\n<p>Der Vorstand gibt sich eine Gesch\u00e4ftsordnung, in der die Aufgabenverteilung geregelt wird.<\/p>\n\n\n\n<p>Der Vorstand ist beschlussf\u00e4hig, wenn drei Vorst\u00e4nde anwesend sind.<\/p>\n\n\n\n<p>Die Vorstandsmitglieder werden in der Mitgliederversammlung mit einfacher Stimmenmehrheit auf die Dauer von drei Jahren gew\u00e4hlt.<\/p>\n\n\n\n<p>Um die Zusammenarbeit mit dem Gymnasium &#8220;Maria K\u00f6nigin&#8221; sicherzustellen, soll ein Vorsitzender aus dem Lehrerkollegium der Schule gew\u00e4hlt werden.<\/p>\n\n\n\n<p>Zur Unterst\u00fctzung und Beratung des Vorstandes k\u00f6nnen von der Mitgliederversammlung bis zu f\u00fcnf Beisitzer gew\u00e4hlt werden. Die Beisitzer sind berechtigt, an den Vorstandssitzungen mit beratender Stimme teilzunehmen.<\/p>\n\n\n\n<h3 class=\"wp-block-heading\">\u00a7 4 &#8211; Aufgaben des Vorstandes<\/h3>\n\n\n\n<ol><li>   Einer der Vorst\u00e4nde leitet die Mitgliederversammlung und die Vorstandssitzungen.   Die Repr\u00e4sentation des Vereins nach au\u00dfen erfolgt durch den Vorstand.<br>  <\/li><li>   Der Vorstand gibt sich eine Gesch\u00e4ftsordnung, in der u.a. geregelt wird, wer den   Schriftverkehr und die Kassengesch\u00e4fte erledigt.<br><\/li><li>   Der Vorstand und die gew\u00e4hlten Beisitzer sind bei Bedarf durch einen der Vorst\u00e4nde   einzuberufen. Die Einladung hat in der Regel 8 Tage vorher schriftlich unter   Mitteilung der Tagesordnung zu erfolgen. In Ausnahmef\u00e4llen gen\u00fcgt eine Frist von   mindestens 3 Tagen bei telefonischer Bekanntgabe.<br>Der Vorstand beschlie\u00dft mit Stimmenmehrheit. Bei Stimmengleichheit entscheidet das Los.<br>  <\/li><li>   \u00dcber jede Sitzung ist eine Niederschrift zu fertigen, die von dem die Sitzung   leitendem Vorstand und dem Protokollf\u00fchrer zu unterzeichnen ist. Die Niederschriften   sind aufzubewahren.<br><\/li><\/ol>\n\n\n\n<h3 class=\"wp-block-heading\">\u00a7 5 &#8211; Mitgliedschaft<\/h3>\n\n\n\n<p>Der Verein umfasst<\/p>\n\n\n\n<p>\nDer Verein umfasst\n<\/p>\n\n\n\n<ul><li>   ordentliche Mitglieder \u00fcber 18 Jahre<br>  <\/li><li>   Jugendmitglieder bis zum vollendeten 18. Lebensjahr<br>  <\/li><li>   Ehrenmitglieder  <\/li><\/ul>\n\n\n\n<p>\nDer Antrag auf Aufnahme in den Verein ist schriftlich an den Vorstand zu richten, \nder \u00fcber die Aufnahme entscheidet. Mit der Aufnahme erkennt das Mitglied die \nSatzung des Vereins an.\n<\/p>\n\n\n\n<p>\nZu Ehrenmitgliedern k\u00f6nnen solche Personen ernannt werden, die sich besondere \nVerdienste um den Verein erworben haben. Die Ernennung erfolgt durch Beschluss \nder Mitgliederversammlung.\n<\/p>\n\n\n\n<p>\nDie Mitgliedschaft erlischt\n<\/p>\n\n\n\n<ul><li>   durch Tod<br>  <\/li><li>   durch Austritt<br>   Dieser ist dem Vorstand schriftlich mitzuteilen.<br>  <\/li><li>   durch Ausschluss<br>   Dieser ist nur aus einem wichtigen Grund zul\u00e4ssig. \u00dcber den Ausschluss entscheidet   auf Antrag des Vorstandes die Mitgliederversammlung.  <\/li><\/ul>\n\n\n\n<p>\nMit dem Ausscheiden aus dem Verein erl\u00f6schen alle Anspr\u00fcche dem Verein \ngegen\u00fcber.\n<\/p>\n\n\n\n<h3 class=\"wp-block-heading\">\u00a7 6 &#8211; Mitgliedsbeitrag<\/h3>\n\n\n\n<p>Zur Deckung der Verwaltungskosten erhebt der Verein einen Beitrag, der von der Mitgliederversammlung festgelegt wird. Ehrenmitglieder und Sch\u00fcler zahlen keinen Beitrag, f\u00fcr mehrere Mitglieder einer Familie wird ein reduzierter Familienbeitrag erhoben.<\/p>\n\n\n\n<h3 class=\"wp-block-heading\">\u00a7 7 &#8211; Rechte und Pflichten der Mitglieder<\/h3>\n\n\n\n<p>Die Mitglieder haben das Recht, an den Mitgliederversammlungen des Vereins teilzunehmen, Antr\u00e4ge zu stellen und das Stimmrecht auszu\u00fcben. Minderj\u00e4hrige k\u00f6nnen nur dann das Stimmrecht aus\u00fcben, wenn ihre gesetzlichen Vertreter in der Beitrittserkl\u00e4rung des Betroffenen schriftlich ihre Einwilligung dazu gegeben haben. Die Annahme der Wahl als Beisitzer oder in den Vorstand bedarf bei Minderj\u00e4hrigen der gesonderten Zustimmung durch seine gesetzlichen Vertreter. Jedes stimmberechtigte Mitglied hat eine Stimme, die es nur pers\u00f6nlich abgeben kann.<\/p>\n\n\n\n<h3 class=\"wp-block-heading\">\u00a7 8 &#8211; Die Mitgliederversammlung<\/h3>\n\n\n\n<p>\nEinmal im Jahr hat der Vorstand eine ordentliche Mitgliederversammlung \neinzuberufen.\n<\/p>\n\n\n\n<p>\nDie Einberufung hat schriftlich unter Einhaltung einer Ladungsfrist von mindestens \nvier Wochen zu erfolgen. In der Einladung ist die Tagesordnung zu bezeichnen.\n<\/p>\n\n\n\n<p>\nDer Mitgliederversammlung obliegen:\n<\/p>\n\n\n\n<ul><li>   Entgegennahme des Rechenschaftsberichtes des Vorstandes und des Berichtes der    Kassenpr\u00fcfer<br>  <\/li><li>   Entlastung des gesamten Vorstandes<br>  <\/li><li>   Wahl des neuen Vorstandes<br>   Der Vorstand wird auf 3 Jahre mit einfacher Mehrheit gew\u00e4hlt. Er f\u00fchrt    die Gesch\u00e4fte des Vereins bis zur Neuwahl weiter.<br>  <\/li><li>   Wahl von zwei Kassenpr\u00fcfern<br>   Die Kassenpr\u00fcfer d\u00fcrfen dem Vorstand nicht angeh\u00f6ren.<br>  <\/li><li>   Jede \u00c4nderung der Satzung<br>  <\/li><li>   Festlegung des Mitgliedsbeitrags und des erm\u00e4\u00dfigten Beitrags f\u00fcr    Familienmitglieder<br>  <\/li><li>   Entscheidung \u00fcber die eingereichten Antr\u00e4ge<br>  <\/li><li>   Ernennung von Ehrenmitgliedern<br>  <\/li><li>   Aufl\u00f6sung des Vereins  <\/li><\/ul>\n\n\n\n<p>\nEine au\u00dferordentliche Mitgliederversammlung muss vom Vorstand einberufen \nwerden, wenn mindestens ein Drittel der ordentlichen Mitglieder dies schriftlich \nmit Angabe des Grundes beantragt. Der Vorstand kann beim Vorliegen eines wichtigen \nGrundes die Einberufung einer au\u00dferordentlichen Mitgliederversammlung \nbeschlie\u00dfen.\n<\/p>\n\n\n\n<p>\nJede ordnungsgem\u00e4\u00df anberaumte (ordentliche oder au\u00dferordentliche) \nMitgliederversammlung ist beschlussf\u00e4hig. Sie beschlie\u00dft \u00fcber \nAntr\u00e4ge durch einfache Mehrheit, soweit sie nicht Satzungs\u00e4nderungen oder \ndie Aufl\u00f6sung des Vereins betreffen.\n<\/p>\n\n\n\n<p>\n\u00dcber jede Sitzung ist eine Niederschrift zu fertigen, die von dem die Sitzung \nleitenden Vorstandsmitglied und dem Protokollf\u00fchrer zu unterzeichnen sind.\n<\/p>\n\n\n\n<h3 class=\"wp-block-heading\">\u00a7 9 &#8211; Satzungs\u00e4nderungen<\/h3>\n\n\n\n<p>Satzungs\u00e4nderungen bed\u00fcrfen einer 2\/3 Mehrheit der anwesenden stimmberechtigten Mitglieder der Mitgliederversammlung.<\/p>\n\n\n\n<h3 class=\"wp-block-heading\">\u00a7 10 &#8211; Aufl\u00f6sung des Vereins<\/h3>\n\n\n\n<p>Die Aufl\u00f6sung des Vereins kann nur von einer zu diesem Zweck einberufenen au\u00dferordentlichen Mitgliederversammlung mit 2\/3 Mehrheit der anwesenden stimmberechtigten Mitglieder beschlossen werden.<\/p>\n\n\n\n<p>Bei Aufl\u00f6sung des Vereins oder Wegfall seines bisherigen Zweckes f\u00e4llt das Verm\u00f6gen des Vereins an das Gymnasium Maria K\u00f6nigin, das es unmittelbar und ausschlie\u00dflich f\u00fcr gemeinn\u00fctzige Zwecke, die dem bisherigen Verwendungszweck entsprechen, zu verwenden hat.<\/p>\n\n\n\n<h3 class=\"wp-block-heading\">\u00a7 10a &#8211; Datenschutz<\/h3>\n\n\n\n<p>Zur Erf\u00fcllung der Zwecke und Aufgaben des Vereins werden unter Beachtung der gesetzlichen Vorgaben des Bundesdatenschutzgesetzes (BDSG) personenbezogene Daten \u00fcber pers\u00f6nliche und sachliche Verh\u00e4ltnisse der Mitglieder im Verein genutzt, gespeichert, \u00fcbermittelt und ver\u00e4ndert.<\/p>\n\n\n\n<h3 class=\"wp-block-heading\">\u00a7 11 &#8211; Gesch\u00e4ftsjahr<\/h3>\n\n\n\n<p>Das Gesch\u00e4ftsjahr ist das Kalenderjahr. Das 1. Gesch\u00e4ftsjahr beginnt mit der Eintragung des Vereins im Vereinsregister. <\/p>\n","protected":false},"excerpt":{"rendered":"<p>Satzung in der ge\u00e4nderten Fassung vom 13.04.2018 \u00a7 1 &#8211; Name und Sitz des Vereins \u00a7 2 &#8211; Zweck und Aufgabe des Vereins \u00a7 3 &#8211; Die Organe des Vereins \u00a7 4 &#8211; Aufgaben des Vorstandes \u00a7 5 &#8211; Mitgliedschaft \u00a7 6 &#8211; Mitgliedsbeitrag \u00a7 7 &#8211; Rechte und Pflichten der Mitglieder \u00a7 8 &#8211; [&hellip;]<\/p>\n","protected":false},"author":5,"featured_media":0,"parent":23,"menu_order":4,"comment_status":"closed","ping_status":"closed","template":"template-fullwidth.php","meta":{"ngg_post_thumbnail":0,"footnotes":""},"_links":{"self":[{"href":"https:\/\/servir.de\/index.php?rest_route=\/wp\/v2\/pages\/1591"}],"collection":[{"href":"https:\/\/servir.de\/index.php?rest_route=\/wp\/v2\/pages"}],"about":[{"href":"https:\/\/servir.de\/index.php?rest_route=\/wp\/v2\/types\/page"}],"author":[{"embeddable":true,"href":"https:\/\/servir.de\/index.php?rest_route=\/wp\/v2\/users\/5"}],"replies":[{"embeddable":true,"href":"https:\/\/servir.de\/index.php?rest_route=%2Fwp%2Fv2%2Fcomments&post=1591"}],"version-history":[{"count":4,"href":"https:\/\/servir.de\/index.php?rest_route=\/wp\/v2\/pages\/1591\/revisions"}],"predecessor-version":[{"id":1663,"href":"https:\/\/servir.de\/index.php?rest_route=\/wp\/v2\/pages\/1591\/revisions\/1663"}],"up":[{"embeddable":true,"href":"https:\/\/servir.de\/index.php?rest_route=\/wp\/v2\/pages\/23"}],"wp:attachment":[{"href":"https:\/\/servir.de\/index.php?rest_route=%2Fwp%2Fv2%2Fmedia&parent=1591"}],"curies":[{"name":"wp","href":"https:\/\/api.w.org\/{rel}","templated":true}]}}