{"id":1583,"date":"2018-12-20T13:46:56","date_gmt":"2018-12-20T13:46:56","guid":{"rendered":"https:\/\/servir.de\/wordpress\/?page_id=1583"},"modified":"2024-04-28T10:16:17","modified_gmt":"2024-04-28T10:16:17","slug":"was-tun-wir","status":"publish","type":"page","link":"https:\/\/servir.de\/?page_id=1583","title":{"rendered":"Was tun wir?"},"content":{"rendered":"\n<p>Wir versuchen, das Bewusstsein f\u00fcr die Idee der &#8220;Einen Welt&#8221; an der Schule und in ihrem Umfeld zu st\u00e4rken.<\/p>\n\n\n\n<p>Dar\u00fcber hinaus organisieren wir an der Schule die finanzielle Unterst\u00fctzung unserer Projekte. Gelegentlich beteiligen wir uns auch an den Aktionen gro\u00dfer Hilfsorganisationen, wie z.B. anl\u00e4sslich der verheerenden Erdbeben in Haiti 2010, 2021 und Nepal 2015 oder der \u00dcberschwemmungen in Pakistan 2022. <\/p>\n\n\n\n<p>Unser Hauptinteresse liegt zwar in der Akquise von finanziellen Mitteln, aber die Information \u00fcber die jeweiligen Zusammenh\u00e4nge, die diese Anstrengungen erforderlich machen, liegt uns mindestens genauso am Herzen. Dazu geh\u00f6ren u.a. der j\u00e4hrlich im November erscheinende <a href=\"https:\/\/servir.de\/wordpress\/?page_id=496\">Servir-Rundbrief<\/a>, Vortr\u00e4ge an der Schule und mehrw\u00f6chige Gruppenaufenthalte mit konkreten Aufgabenstellungen in den Projekten.<\/p>\n\n\n\n<p>\u00dcber 25 Jahre haben wir uns auf Projekte in der Di\u00f6zese <a href=\"https:\/\/servir.de\/wordpress\/?page_id=384\">Janu\u00e1ria (Brasilien)<\/a>, konzentriert. Ab dem Jahr 2012 waren wir auf der Suche nach einem Projekt, das f\u00fcr uns sowohl entfernungsm\u00e4\u00dfig als auch sprachlich besser erreichbar ist. \u00dcber Missionare des Ausbildungszentrums Don Bosco im kenianischen Makuyu stie\u00dfen wir auf zwei Schwestern der Missionarinnen von der unbefleckten Empf\u00e4ngnis Mariens (SMI-Sisters). Sie waren gerade aus Tansania gekommen, um eine neue Ordensniederlassung, die erste ihres Ordens in Kenia, zu gr\u00fcnden. Ihr Ziel war es Bildung und Gesundheitsversorgung in ein entlegenes Dorf in der N\u00e4he von Makuyu und 70 km n\u00f6rdlich von Nairobi zu bringen. In der Endausstattung soll das Projekt aus einem Mutterhaus, einer Krankenstation und einer Grundschule (Primary School) mit den Klassen 1 bis 9 und etwa 250 Sch\u00fclern bestehen. Was seit 2012 in diesem Dorf namens Pundamilia passiert ist lesen Sie im <a href=\"https:\/\/servir.de\/wordpress\/?page_id=386\">Projektbereich Kenia<\/a>.<\/p>\n\n\n\n<div class=\"wp-block-group is-nowrap is-layout-flex wp-container-core-group-is-layout-2 wp-block-group-is-layout-flex\">\n<div class=\"wp-block-group is-content-justification-center is-nowrap is-layout-flex wp-container-core-group-is-layout-1 wp-block-group-is-layout-flex\">\n<figure class=\"wp-block-gallery has-nested-images columns-default is-cropped wp-block-gallery-1 is-layout-flex wp-block-gallery-is-layout-flex\">\n<figure class=\"wp-block-image size-large\"><img loading=\"lazy\" decoding=\"async\" width=\"1024\" height=\"768\" src=\"https:\/\/servir.de\/wordpress\/wp-content\/uploads\/2018\/12\/DSCN0077-1024x768.jpg\" alt=\"\" class=\"wp-image-1753\" srcset=\"https:\/\/servir.de\/wordpress\/wp-content\/uploads\/2018\/12\/DSCN0077-1024x768.jpg 1024w, https:\/\/servir.de\/wordpress\/wp-content\/uploads\/2018\/12\/DSCN0077-300x225.jpg 300w, https:\/\/servir.de\/wordpress\/wp-content\/uploads\/2018\/12\/DSCN0077-768x576.jpg 768w, https:\/\/servir.de\/wordpress\/wp-content\/uploads\/2018\/12\/DSCN0077-676x507.jpg 676w\" sizes=\"(max-width: 1024px) 100vw, 1024px\" \/><figcaption class=\"wp-element-caption\">Grundschulklasse<\/figcaption><\/figure>\n\n\n\n<figure class=\"wp-block-image size-large\"><img loading=\"lazy\" decoding=\"async\" width=\"1024\" height=\"683\" src=\"https:\/\/servir.de\/wordpress\/wp-content\/uploads\/2024\/04\/2023-06-24_D800_Kenia_850_b-1-1024x683.jpg\" alt=\"\" class=\"wp-image-3046\" srcset=\"https:\/\/servir.de\/wordpress\/wp-content\/uploads\/2024\/04\/2023-06-24_D800_Kenia_850_b-1-1024x683.jpg 1024w, https:\/\/servir.de\/wordpress\/wp-content\/uploads\/2024\/04\/2023-06-24_D800_Kenia_850_b-1-300x200.jpg 300w, https:\/\/servir.de\/wordpress\/wp-content\/uploads\/2024\/04\/2023-06-24_D800_Kenia_850_b-1-768x513.jpg 768w, https:\/\/servir.de\/wordpress\/wp-content\/uploads\/2024\/04\/2023-06-24_D800_Kenia_850_b-1-1536x1025.jpg 1536w, https:\/\/servir.de\/wordpress\/wp-content\/uploads\/2024\/04\/2023-06-24_D800_Kenia_850_b-1-2048x1367.jpg 2048w, https:\/\/servir.de\/wordpress\/wp-content\/uploads\/2024\/04\/2023-06-24_D800_Kenia_850_b-1-676x451.jpg 676w\" sizes=\"(max-width: 1024px) 100vw, 1024px\" \/><figcaption class=\"wp-element-caption\">Die Schwestern Ancy, Sushma und Lucy<\/figcaption><\/figure>\n\n\n\n<figure class=\"wp-block-image size-large\"><img loading=\"lazy\" decoding=\"async\" width=\"1024\" height=\"683\" src=\"https:\/\/servir.de\/wordpress\/wp-content\/uploads\/2024\/04\/2023-06-24_D800_Kenia_846_c-1024x683.jpg\" alt=\"\" class=\"wp-image-3047\" srcset=\"https:\/\/servir.de\/wordpress\/wp-content\/uploads\/2024\/04\/2023-06-24_D800_Kenia_846_c-1024x683.jpg 1024w, https:\/\/servir.de\/wordpress\/wp-content\/uploads\/2024\/04\/2023-06-24_D800_Kenia_846_c-300x200.jpg 300w, https:\/\/servir.de\/wordpress\/wp-content\/uploads\/2024\/04\/2023-06-24_D800_Kenia_846_c-768x513.jpg 768w, https:\/\/servir.de\/wordpress\/wp-content\/uploads\/2024\/04\/2023-06-24_D800_Kenia_846_c-1536x1025.jpg 1536w, https:\/\/servir.de\/wordpress\/wp-content\/uploads\/2024\/04\/2023-06-24_D800_Kenia_846_c-2048x1367.jpg 2048w, https:\/\/servir.de\/wordpress\/wp-content\/uploads\/2024\/04\/2023-06-24_D800_Kenia_846_c-676x451.jpg 676w\" sizes=\"(max-width: 1024px) 100vw, 1024px\" \/><figcaption class=\"wp-element-caption\">Besuch in Pundamilia<\/figcaption><\/figure>\n<\/figure>\n<\/div>\n<\/div>\n","protected":false},"excerpt":{"rendered":"<p>Wir versuchen, das Bewusstsein f\u00fcr die Idee der &#8220;Einen Welt&#8221; an der Schule und in ihrem Umfeld zu st\u00e4rken. Dar\u00fcber hinaus organisieren wir an der Schule die finanzielle Unterst\u00fctzung unserer Projekte. Gelegentlich beteiligen wir uns auch an den Aktionen gro\u00dfer Hilfsorganisationen, wie z.B. anl\u00e4sslich der verheerenden Erdbeben in Haiti 2010, 2021 und Nepal 2015 oder [&hellip;]<\/p>\n","protected":false},"author":5,"featured_media":0,"parent":23,"menu_order":1,"comment_status":"closed","ping_status":"closed","template":"template-fullwidth.php","meta":{"ngg_post_thumbnail":0,"footnotes":""},"_links":{"self":[{"href":"https:\/\/servir.de\/index.php?rest_route=\/wp\/v2\/pages\/1583"}],"collection":[{"href":"https:\/\/servir.de\/index.php?rest_route=\/wp\/v2\/pages"}],"about":[{"href":"https:\/\/servir.de\/index.php?rest_route=\/wp\/v2\/types\/page"}],"author":[{"embeddable":true,"href":"https:\/\/servir.de\/index.php?rest_route=\/wp\/v2\/users\/5"}],"replies":[{"embeddable":true,"href":"https:\/\/servir.de\/index.php?rest_route=%2Fwp%2Fv2%2Fcomments&post=1583"}],"version-history":[{"count":11,"href":"https:\/\/servir.de\/index.php?rest_route=\/wp\/v2\/pages\/1583\/revisions"}],"predecessor-version":[{"id":3048,"href":"https:\/\/servir.de\/index.php?rest_route=\/wp\/v2\/pages\/1583\/revisions\/3048"}],"up":[{"embeddable":true,"href":"https:\/\/servir.de\/index.php?rest_route=\/wp\/v2\/pages\/23"}],"wp:attachment":[{"href":"https:\/\/servir.de\/index.php?rest_route=%2Fwp%2Fv2%2Fmedia&parent=1583"}],"curies":[{"name":"wp","href":"https:\/\/api.w.org\/{rel}","templated":true}]}}